{"id":1400,"date":"2021-05-05T14:01:45","date_gmt":"2021-05-05T14:01:45","guid":{"rendered":"https:\/\/solidscontrolworld.com\/?post_type=product&#038;p=1400"},"modified":"2024-10-24T14:00:16","modified_gmt":"2024-10-24T14:00:16","slug":"centrifuga-decantadora","status":"publish","type":"product","link":"https:\/\/solidscontrolworld.com\/pt\/product\/centrifuga-decantadora\/","title":{"rendered":"Centr\u00edfuga decantadora"},"content":{"rendered":"<div class=\"flex_column av_one_full flex_column_div av-zero-column-padding first avia-builder-el-2 el_after_av_one_full el_before_av_one_full column-top-margin\">\n<section class=\"av_textblock_section\">\n<div class=\"avia_textblock\">\n<table border=\"0\" width=\"843\" cellspacing=\"0\" cellpadding=\"0\">\n<tbody>\n<tr>\n<td class=\"kso0\" width=\"98\">Modelo<\/td>\n<td class=\"kso1\" width=\"151\">ABLW450X842N<\/td>\n<td class=\"kso2\" width=\"161\">ABLW450X1250N<\/td>\n<td class=\"kso3\" width=\"161\">ABLW355X1250N<\/td>\n<td class=\"kso4\" width=\"119\">ABLW365G<\/td>\n<td class=\"kso5\" width=\"150\">ABLW365GA\/FD<\/td>\n<\/tr>\n<tr>\n<td class=\"kso6\" width=\"98\">Di\u00e2metro da tigela<\/td>\n<td class=\"kso7\" width=\"151\">450 mm<\/td>\n<td class=\"kso8\" width=\"161\">450 mm<\/td>\n<td class=\"kso9\" width=\"161\">355 mm<\/td>\n<td class=\"kso10\" width=\"119\">365 mm<\/td>\n<td class=\"kso11\" width=\"150\">365 mm<\/td>\n<\/tr>\n<tr>\n<td class=\"kso12\" width=\"98\">Comprimento da tigela<\/td>\n<td class=\"kso13\" width=\"151\">842 mm<\/td>\n<td class=\"kso14\" width=\"161\">1000 mm<\/td>\n<td class=\"kso15\" width=\"161\">1250 mm<\/td>\n<td class=\"kso16\" width=\"119\">1250 mm<\/td>\n<td class=\"kso17\" width=\"150\">1250 mm<\/td>\n<\/tr>\n<tr>\n<td class=\"kso18\" width=\"98\">Velocidade da tigela<\/td>\n<td class=\"kso19\" width=\"151\">1800 rpm<\/td>\n<td class=\"kso20\" width=\"161\">2200 rpm<\/td>\n<td class=\"kso21\" width=\"161\">3200 rpm<\/td>\n<td class=\"kso22\" width=\"119\">3500 rpm<\/td>\n<td class=\"kso23\" width=\"150\">0-3500 rpm<\/td>\n<\/tr>\n<tr>\n<td class=\"kso24\" width=\"98\">For\u00e7a G<\/td>\n<td class=\"kso25\" width=\"151\">815<\/td>\n<td class=\"kso26\" width=\"161\">1220<\/td>\n<td class=\"kso27\" width=\"161\">2035<\/td>\n<td class=\"kso28\" width=\"119\">2500<\/td>\n<td class=\"kso29\" width=\"150\">2500<\/td>\n<\/tr>\n<tr>\n<td class=\"kso30\" width=\"98\">Ponto de Separa\u00e7\u00e3o<\/td>\n<td class=\"kso31\" width=\"151\">5~7\u03bcm<\/td>\n<td class=\"kso32\" width=\"161\">5~7\u03bcm<\/td>\n<td class=\"kso33\" width=\"161\">2~5\u03bcm<\/td>\n<td class=\"kso34\" width=\"119\">2-5\u03bcm<\/td>\n<td class=\"kso35\" width=\"150\">2-5\u03bcm<\/td>\n<\/tr>\n<tr>\n<td class=\"kso36\" width=\"98\">Unidade principal<\/td>\n<td class=\"kso37\" width=\"151\">22 kW-4p<\/td>\n<td class=\"kso38\" width=\"161\">30 kW-4p<\/td>\n<td class=\"kso39\" width=\"161\">30 kW-4p<\/td>\n<td class=\"kso40\" width=\"119\">37 kW-4p<\/td>\n<td class=\"kso41\" width=\"150\">37 kW-4p<\/td>\n<\/tr>\n<tr>\n<td class=\"kso42\" width=\"98\">Tra\u00e7\u00e3o traseira<\/td>\n<td class=\"kso43\" width=\"151\">5,5 kW-4p<\/td>\n<td class=\"kso44\" width=\"161\">7,5 kW-4p<\/td>\n<td class=\"kso45\" width=\"161\">7,5 kW-4p<\/td>\n<td class=\"kso46\" width=\"119\">7,5 kW-4p<\/td>\n<td class=\"kso47\" width=\"150\">7,5 kW-4p<\/td>\n<\/tr>\n<tr>\n<td class=\"kso48\" width=\"98\">Capacidade M\u00e1xima<\/td>\n<td class=\"kso49\" width=\"151\">\u226440m3\/h<\/td>\n<td class=\"kso50\" width=\"161\">\u226460m3\/h<\/td>\n<td class=\"kso51\" width=\"161\">\u226440m3\/h<\/td>\n<td class=\"kso52\" width=\"119\">\u226440m3\/h<\/td>\n<td class=\"kso53\" width=\"150\">\u226440m3\/h<\/td>\n<\/tr>\n<tr>\n<td class=\"kso54\" width=\"98\">Peso<\/td>\n<td class=\"kso55\" width=\"151\">2950<\/td>\n<td class=\"kso56\" width=\"161\">3150<\/td>\n<td class=\"kso57\" width=\"161\">2850<\/td>\n<td class=\"kso58\" width=\"119\">2950<\/td>\n<td class=\"kso59\" width=\"150\">2950<\/td>\n<\/tr>\n<tr>\n<td class=\"kso60\" width=\"98\">Dimens\u00e3o<\/td>\n<td class=\"kso61\" width=\"151\">2380x1560x1350<\/td>\n<td class=\"kso62\" width=\"161\">2540x1560x1350<\/td>\n<td class=\"kso63\" width=\"161\">2810x1490x1350<\/td>\n<td class=\"kso64\" width=\"119\">3412x1600x1875<\/td>\n<td class=\"kso65\" width=\"150\">3412x1600x1875<\/td>\n<\/tr>\n<tr>\n<td class=\"kso66\" width=\"98\">Aprova\u00e7\u00f5es<\/td>\n<td class=\"kso67\" colspan=\"5\" width=\"744\">UL\/ATEXBV\/IADC\/JAS-ANZ ISO 9001:2015\/CE<\/td>\n<\/tr>\n<\/tbody>\n<\/table>\n<\/div>\n<\/section>\n<\/div>\n<div class=\"flex_column av_one_full flex_column_div av-zero-column-padding first avia-builder-el-4 el_after_av_one_full el_before_av_textblock column-top-margin\">\n<section class=\"av_textblock_section\">\n<div class=\"avia_textblock\">\n<table border=\"0\" width=\"855\" cellspacing=\"0\" cellpadding=\"0\">\n<tbody>\n<tr>\n<td class=\"kso0\" width=\"198\">Modelo<\/td>\n<td class=\"kso1\" width=\"194\">ABLW520-2080<\/td>\n<td class=\"kso2\" width=\"253\">ABLW650B<\/td>\n<td class=\"kso3\" width=\"209\">ABLW760G<\/td>\n<\/tr>\n<tr>\n<td class=\"kso4\" width=\"198\">Di\u00e2metro da tigela (mm)<\/td>\n<td class=\"kso5\" width=\"194\">520<\/td>\n<td class=\"kso6\" width=\"253\">650<\/td>\n<td class=\"kso7\" width=\"209\">760<\/td>\n<\/tr>\n<tr>\n<td class=\"kso8\" width=\"198\">Comprimento da tigela (mm)<\/td>\n<td class=\"kso9\" width=\"194\">2080<\/td>\n<td class=\"kso10\" width=\"253\">2200<\/td>\n<td class=\"kso11\" width=\"209\">3192<\/td>\n<\/tr>\n<tr>\n<td class=\"kso12\" width=\"198\">Velocidade da tigela (r\/min)<\/td>\n<td class=\"kso13\" width=\"194\">3000<\/td>\n<td class=\"kso14\" width=\"253\">2800<\/td>\n<td class=\"kso15\" width=\"209\">2650<\/td>\n<\/tr>\n<tr>\n<td class=\"kso16\" width=\"198\">For\u00e7a G<\/td>\n<td class=\"kso17\" width=\"194\">2610<\/td>\n<td class=\"kso18\" width=\"253\">2851<\/td>\n<td class=\"kso19\" width=\"209\">3000<\/td>\n<\/tr>\n<tr>\n<td class=\"kso20\" width=\"198\">Ponto de Separa\u00e7\u00e3o (pm)<\/td>\n<td class=\"kso21\" width=\"194\">2-5<\/td>\n<td class=\"kso22\" width=\"253\">2-5<\/td>\n<td class=\"kso23\" width=\"209\">2-5<\/td>\n<\/tr>\n<tr>\n<td class=\"kso24\" width=\"198\">Unidade principal (kW)<\/td>\n<td class=\"kso25\" width=\"194\">45 (\u00e0 prova de explos\u00e3o)<\/td>\n<td class=\"kso26\" width=\"253\">75<\/td>\n<td class=\"kso27\" width=\"209\">132<\/td>\n<\/tr>\n<tr>\n<td class=\"kso28\" width=\"198\">Tra\u00e7\u00e3o traseira (kw)<\/td>\n<td class=\"kso29\" width=\"194\">18,5 (\u00e0 prova de explos\u00e3o)<\/td>\n<td class=\"kso30\" width=\"253\">22<\/td>\n<td class=\"kso31\" width=\"209\">37<\/td>\n<\/tr>\n<tr>\n<td class=\"kso32\" width=\"198\">Capacidade M\u00e1xima (m\u00b2\/h)<\/td>\n<td class=\"kso33\" width=\"194\">10-30<\/td>\n<td class=\"kso34\" width=\"253\">30-60 (Depende da concentra\u00e7\u00e3o real do material)<\/td>\n<td class=\"kso35\" width=\"209\">\u2264118<\/td>\n<\/tr>\n<tr>\n<td class=\"kso36\" width=\"198\">Peso (kgs)<\/td>\n<td class=\"kso37\" width=\"194\">5000<\/td>\n<td class=\"kso38\" width=\"253\">6800<\/td>\n<td class=\"kso39\" width=\"209\">12000<\/td>\n<\/tr>\n<tr>\n<td class=\"kso40\" width=\"198\">Dimens\u00e3o (mm)<\/td>\n<td class=\"kso41\" width=\"194\">4537x1248x1429<\/td>\n<td class=\"kso42\" width=\"253\">4583x1583x1710<\/td>\n<td class=\"kso43\" width=\"209\">6800x1930x2040<\/td>\n<\/tr>\n<\/tbody>\n<\/table>\n<\/div>\n<\/section>\n<\/div>\n<section class=\"av_textblock_section\">\n<div class=\"avia_textblock\">\n<h2>DECANTADOR-CENTR\u00cdFUGA<\/h2>\n<p>Quem trabalha na ind\u00fastria precisa conhecer a import\u00e2ncia do decantador-centr\u00edfugo. Ele proporciona uma alta velocidade de rota\u00e7\u00e3o, o que \u00e9 muito \u00fatil na separa\u00e7\u00e3o de diferentes componentes com densidades diferentes. Componentes de densidades diferentes s\u00e3o separados pelo decantador-centr\u00edfugo de forma muito eficaz.<\/p>\n<h3>Caracter\u00edsticas do Decantador-centr\u00edfuga<\/h3>\n<p>Nossa centr\u00edfuga decantadora oferece diversos recursos. Alguns dos mais importantes s\u00e3o descritos abaixo.<\/p>\n<h3>Variedade<\/h3>\n<p>Fabricamos nosso decantador em diversos modelos, pois compreendemos as necessidades de diferentes tipos de tarefas industriais. H\u00e1 um total de cinco modelos dispon\u00edveis que podem ser usados para uma variedade de tarefas.<\/p>\n<h3>Peso do decantador-centr\u00edfuga<\/h3>\n<p>Geralmente, vem em gramaturas pesadas, mas nossos produtos s\u00e3o relativamente mais leves. O peso m\u00ednimo \u00e9 2950, enquanto o peso m\u00e1ximo que voc\u00ea pode observar \u00e9 em torno de 3150. Isso o torna muito pr\u00e1tico e f\u00e1cil de manusear.<\/p>\n<h3>Capacidade m\u00e1xima<\/h3>\n<p>O decantador-centr\u00edfuga oferece uma alta capacidade m\u00e1xima, o que o torna ainda mais eficiente. A capacidade m\u00e1xima que voc\u00ea pode observar em nosso produto \u00e9 menor ou igual a 60 m\u00b3\/h.<\/p>\n<h3>Produto aprovado<\/h3>\n<p>Fabricamos um decantador aprovado h\u00e1 anos. Ele \u00e9 muito eficaz e eficiente, tornando seu trabalho industrial pr\u00e1tico e f\u00e1cil.<\/p>\n<h3>Ponto de separa\u00e7\u00e3o<\/h3>\n<p>O decantador-centr\u00edfuga \u00e9 usado para a separa\u00e7\u00e3o de componentes como gases s\u00f3lidos e l\u00edquidos com diferentes densidades. \u00c9 por isso que o ponto de separa\u00e7\u00e3o \u00e9 t\u00e3o importante quando se trata de decantadores. Cuidamos disso durante a fabrica\u00e7\u00e3o do nosso produto. O ponto m\u00e1ximo de separa\u00e7\u00e3o \u00e9 de 5 a 7 \u03bcm.<\/p>\n<h2>BENEF\u00cdCIOS DO DESCANTADOR-CENTR\u00cdFUGO<\/h2>\n<p>Voc\u00ea pode obter benef\u00edcios incr\u00edveis ao usar nossa centr\u00edfuga decantadora para suas tarefas industriais.<\/p>\n<p><strong>Eles s\u00e3o muito convenientes para separar componentes com densidades diferentes.\u00a0<\/strong><\/p>\n<p><strong>\u00a0Voc\u00ea pode separar facilmente os s\u00f3lidos, l\u00edquidos e gases que est\u00e3o mais misturados em um compartimento.<\/strong><\/p>\n<p><strong>\u00a0Possui uma efici\u00eancia enorme o que o torna muito prefer\u00edvel para a execu\u00e7\u00e3o de tarefas industriais.<\/strong><\/p>\n<p><strong>Eles podem tornar seu trabalho mais r\u00e1pido e conveniente.\u00a0<\/strong><\/p>\n<p><strong>Eles s\u00e3o muito pr\u00e1ticos e acess\u00edveis, voc\u00ea pode us\u00e1-los para qualquer finalidade, pois h\u00e1 diferentes modelos dispon\u00edveis.\u00a0<\/strong><\/p>\n<p><strong>O acionamento principal e traseiro da nossa centr\u00edfuga decantadora \u00e9 muito alto, tornando-a ideal para separar componentes com densidades diferentes.\u00a0<\/strong><\/p>\n<h3>Conclus\u00e3o<\/h3>\n<p>O decantador-centr\u00edfugo \u00e9 uma ferramenta poderosa e muito importante na ind\u00fastria. Voc\u00ea pode adquiri-lo a pre\u00e7os acess\u00edveis. Voc\u00ea atende a todos os requisitos que procura na fabrica\u00e7\u00e3o do nosso produto. Ele promete muitos recursos e benef\u00edcios que voc\u00ea n\u00e3o deve perder.<\/p>\n<p>Confira tamb\u00e9m\u00a0<a href=\"https:\/\/solidscontrolworld.com\/pt\/desilter\/\">Desilter<\/a>\u00a0da nossa loja.<\/p>\n<p>&nbsp;<\/p>\n<\/div>\n<\/section>","protected":false},"excerpt":{"rendered":"<h3 class=\"widgettitle\">ESCRIT\u00d3RIO<\/h3>\n<div class=\"textwidget\">\n<p><strong>Endere\u00e7o:<\/strong><\/p>\n<p>Sala 1924, Bloco D, Pra\u00e7a Wanda, cidade de Tangshan, China.<\/p>\n<p><strong>Contato<\/strong><\/p>\n<p>info@solidscontrolworld.com<\/p>\n<p><strong>Telefone:<\/strong><\/p>\n<p>+86-18034158133<\/p>\n<p><strong>Fax:<\/strong><\/p>\n<p>+86-315-7651760<\/p>\n<p>Site: www.solidscontrolworld.com<\/p>\n<p><strong>Hor\u00e1rio de funcionamento:<\/strong><br \/>\nSeg-Sex: 8:00-17:30<\/p>\n<\/div>","protected":false},"featured_media":1401,"comment_status":"open","ping_status":"closed","template":"","meta":{"_seopress_robots_primary_cat":"none","_seopress_titles_title":"","_seopress_titles_desc":"","_seopress_robots_index":""},"product_brand":[],"product_cat":[57],"product_tag":[],"class_list":{"0":"post-1400","1":"product","2":"type-product","3":"status-publish","4":"has-post-thumbnail","6":"product_cat-solids-control-equipments","8":"first","9":"instock","10":"shipping-taxable","11":"product-type-simple"},"yoast_head":"<!-- This site is optimized with the Yoast SEO plugin v25.1 - https:\/\/yoast.com\/wordpress\/plugins\/seo\/ -->\n<title>Decanter centrifuge - Solids Control World<\/title>\n<meta name=\"robots\" content=\"index, follow, max-snippet:-1, max-image-preview:large, max-video-preview:-1\" \/>\n<link rel=\"canonical\" href=\"https:\/\/solidscontrolworld.com\/pt\/product\/centrifuga-decantadora\/\" \/>\n<meta property=\"og:locale\" content=\"pt_BR\" \/>\n<meta property=\"og:type\" content=\"article\" \/>\n<meta property=\"og:title\" content=\"Decanter centrifuge - Solids Control World\" \/>\n<meta property=\"og:description\" content=\"OFFICE   Address:  Room 1924 ,Block D ,Wanda plaza, Tangshan city,\u00a0 China.  Contact  info@solidscontrolworld.com  Tel:  +86-18034158133  Fax:  +86-315-7651760  Website:www.solidscontrolworld.com  Opening Hours: Mon-Fri: 8:00-17:30\" \/>\n<meta property=\"og:url\" content=\"https:\/\/solidscontrolworld.com\/pt\/product\/centrifuga-decantadora\/\" \/>\n<meta property=\"og:site_name\" content=\"Solids Control World\" \/>\n<meta property=\"article:modified_time\" content=\"2024-10-24T14:00:16+00:00\" \/>\n<meta property=\"og:image\" content=\"https:\/\/solidscontrolworld.com\/wp-content\/uploads\/2021\/05\/\u7a3f\u5b9a\u8bbe\u8ba1-12.png\" \/>\n\t<meta property=\"og:image:width\" content=\"272\" \/>\n\t<meta property=\"og:image:height\" content=\"200\" \/>\n\t<meta property=\"og:image:type\" content=\"image\/png\" \/>\n<meta name=\"twitter:card\" content=\"summary_large_image\" \/>\n<meta name=\"twitter:label1\" content=\"Est. tempo de leitura\" \/>\n\t<meta name=\"twitter:data1\" content=\"3 minutos\" \/>\n<!-- \/ Yoast SEO plugin. -->","yoast_head_json":{"title":"Centr\u00edfuga Decantadora - Solids Control World","robots":{"index":"index","follow":"follow","max-snippet":"max-snippet:-1","max-image-preview":"max-image-preview:large","max-video-preview":"max-video-preview:-1"},"canonical":"https:\/\/solidscontrolworld.com\/pt\/product\/centrifuga-decantadora\/","og_locale":"pt_BR","og_type":"article","og_title":"Decanter centrifuge - Solids Control World","og_description":"OFFICE   Address:  Room 1924 ,Block D ,Wanda plaza, Tangshan city,\u00a0 China.  Contact  info@solidscontrolworld.com  Tel:  +86-18034158133  Fax:  +86-315-7651760  Website:www.solidscontrolworld.com  Opening Hours: Mon-Fri: 8:00-17:30","og_url":"https:\/\/solidscontrolworld.com\/pt\/product\/centrifuga-decantadora\/","og_site_name":"Solids Control World","article_modified_time":"2024-10-24T14:00:16+00:00","og_image":[{"width":272,"height":200,"url":"https:\/\/solidscontrolworld.com\/wp-content\/uploads\/2021\/05\/\u7a3f\u5b9a\u8bbe\u8ba1-12.png","type":"image\/png"}],"twitter_card":"summary_large_image","twitter_misc":{"Est. tempo de leitura":"3 minutos"},"schema":{"@context":"https:\/\/schema.org","@graph":[{"@type":"WebPage","@id":"https:\/\/solidscontrolworld.com\/product\/decanter-centrifuge\/","url":"https:\/\/solidscontrolworld.com\/product\/decanter-centrifuge\/","name":"Centr\u00edfuga Decantadora - Solids Control World","isPartOf":{"@id":"https:\/\/solidscontrolworld.com\/#website"},"primaryImageOfPage":{"@id":"https:\/\/solidscontrolworld.com\/product\/decanter-centrifuge\/#primaryimage"},"image":{"@id":"https:\/\/solidscontrolworld.com\/product\/decanter-centrifuge\/#primaryimage"},"thumbnailUrl":"https:\/\/solidscontrolworld.com\/wp-content\/uploads\/2021\/05\/\u7a3f\u5b9a\u8bbe\u8ba1-12.png","datePublished":"2021-05-05T14:01:45+00:00","dateModified":"2024-10-24T14:00:16+00:00","breadcrumb":{"@id":"https:\/\/solidscontrolworld.com\/product\/decanter-centrifuge\/#breadcrumb"},"inLanguage":"pt-BR","potentialAction":[{"@type":"ReadAction","target":["https:\/\/solidscontrolworld.com\/product\/decanter-centrifuge\/"]}]},{"@type":"ImageObject","inLanguage":"pt-BR","@id":"https:\/\/solidscontrolworld.com\/product\/decanter-centrifuge\/#primaryimage","url":"https:\/\/solidscontrolworld.com\/wp-content\/uploads\/2021\/05\/\u7a3f\u5b9a\u8bbe\u8ba1-12.png","contentUrl":"https:\/\/solidscontrolworld.com\/wp-content\/uploads\/2021\/05\/\u7a3f\u5b9a\u8bbe\u8ba1-12.png","width":272,"height":200},{"@type":"BreadcrumbList","@id":"https:\/\/solidscontrolworld.com\/product\/decanter-centrifuge\/#breadcrumb","itemListElement":[{"@type":"ListItem","position":1,"name":"Home","item":"https:\/\/solidscontrolworld.com\/"},{"@type":"ListItem","position":2,"name":"Products","item":"https:\/\/solidscontrolworld.com\/shop\/"},{"@type":"ListItem","position":3,"name":"Decanter centrifuge"}]},{"@type":"WebSite","@id":"https:\/\/solidscontrolworld.com\/#website","url":"https:\/\/solidscontrolworld.com\/","name":"Mundo de controle de s\u00f3lidos","description":"","publisher":{"@id":"https:\/\/solidscontrolworld.com\/#\/schema\/person\/2c126362537c0f0e6d4a8dfba9fc68b0"},"potentialAction":[{"@type":"SearchAction","target":{"@type":"EntryPoint","urlTemplate":"https:\/\/solidscontrolworld.com\/?s={search_term_string}"},"query-input":{"@type":"PropertyValueSpecification","valueRequired":true,"valueName":"search_term_string"}}],"inLanguage":"pt-BR"},{"@type":["Person","Organization"],"@id":"https:\/\/solidscontrolworld.com\/#\/schema\/person\/2c126362537c0f0e6d4a8dfba9fc68b0","name":"mundo de controle de s\u00f3lidos","logo":{"@id":"https:\/\/solidscontrolworld.com\/#\/schema\/person\/image\/"},"sameAs":["https:\/\/solidscontrolworld.com"]}]}},"_links":{"self":[{"href":"https:\/\/solidscontrolworld.com\/pt\/wp-json\/wp\/v2\/product\/1400","targetHints":{"allow":["GET"]}}],"collection":[{"href":"https:\/\/solidscontrolworld.com\/pt\/wp-json\/wp\/v2\/product"}],"about":[{"href":"https:\/\/solidscontrolworld.com\/pt\/wp-json\/wp\/v2\/types\/product"}],"replies":[{"embeddable":true,"href":"https:\/\/solidscontrolworld.com\/pt\/wp-json\/wp\/v2\/comments?post=1400"}],"version-history":[{"count":1,"href":"https:\/\/solidscontrolworld.com\/pt\/wp-json\/wp\/v2\/product\/1400\/revisions"}],"predecessor-version":[{"id":11208,"href":"https:\/\/solidscontrolworld.com\/pt\/wp-json\/wp\/v2\/product\/1400\/revisions\/11208"}],"wp:featuredmedia":[{"embeddable":true,"href":"https:\/\/solidscontrolworld.com\/pt\/wp-json\/wp\/v2\/media\/1401"}],"wp:attachment":[{"href":"https:\/\/solidscontrolworld.com\/pt\/wp-json\/wp\/v2\/media?parent=1400"}],"wp:term":[{"taxonomy":"product_brand","embeddable":true,"href":"https:\/\/solidscontrolworld.com\/pt\/wp-json\/wp\/v2\/product_brand?post=1400"},{"taxonomy":"product_cat","embeddable":true,"href":"https:\/\/solidscontrolworld.com\/pt\/wp-json\/wp\/v2\/product_cat?post=1400"},{"taxonomy":"product_tag","embeddable":true,"href":"https:\/\/solidscontrolworld.com\/pt\/wp-json\/wp\/v2\/product_tag?post=1400"}],"curies":[{"name":"wp","href":"https:\/\/api.w.org\/{rel}","templated":true}]}}