{"id":1402,"date":"2021-05-05T14:05:17","date_gmt":"2021-05-05T14:05:17","guid":{"rendered":"https:\/\/solidscontrolworld.com\/?post_type=product&#038;p=1402"},"modified":"2024-10-24T13:57:03","modified_gmt":"2024-10-24T13:57:03","slug":"bomba-centrifuga","status":"publish","type":"product","link":"https:\/\/solidscontrolworld.com\/pt\/product\/bomba-centrifuga\/","title":{"rendered":"Bomba centr\u00edfuga"},"content":{"rendered":"<div class=\"flex_column av_one_full flex_column_div av-zero-column-padding first avia-builder-el-3 el_after_av_one_full el_before_av_textblock column-top-margin\">\n<section class=\"av_textblock_section\">\n<div class=\"avia_textblock\">\n<table border=\"0\" width=\"1200\" cellspacing=\"0\" cellpadding=\"0\">\n<tbody>\n<tr>\n<td class=\"kso0\" rowspan=\"2\" width=\"239\" height=\"56\">&nbsp;<\/p>\n<p>Modelo<\/td>\n<td class=\"kso1\" width=\"118\">Di\u00e2metro do impulsor<\/td>\n<td class=\"kso2\" width=\"117\">Fluxo<\/td>\n<td class=\"kso3\" width=\"118\">Elevador<\/td>\n<td class=\"kso4\" width=\"118\">Velocidade de rota\u00e7\u00e3o<\/td>\n<td class=\"kso5\" width=\"131\">Efici\u00eancia<\/td>\n<td class=\"kso6\" width=\"117\">NPSH<\/td>\n<td class=\"kso7\" width=\"118\">Pot\u00eancia de sa\u00edda<\/td>\n<td class=\"kso8\" width=\"120\">Pot\u00eancia de entrada<\/td>\n<\/tr>\n<tr>\n<td class=\"kso10\" width=\"118\">(polegada)<\/td>\n<td class=\"kso11\" width=\"117\">(m\u00b3\/h)<\/td>\n<td class=\"kso12\" width=\"118\">(m)<\/td>\n<td class=\"kso13\" width=\"118\">(rpm)<\/td>\n<td class=\"kso14\" width=\"131\">(%)<\/td>\n<td class=\"kso15\" width=\"117\">(m)<\/td>\n<td class=\"kso16\" width=\"118\">(KW)<\/td>\n<td class=\"kso17\" width=\"120\">(KW)<\/td>\n<\/tr>\n<tr>\n<td class=\"kso18\" width=\"239\">ABSB10x8x14J<\/td>\n<td class=\"kso19\" width=\"118\">14<\/td>\n<td class=\"kso20\" width=\"117\">410<\/td>\n<td class=\"kso21\" width=\"118\">33<\/td>\n<td class=\"kso22\" width=\"118\">1450<\/td>\n<td class=\"kso23\" width=\"131\">57<\/td>\n<td class=\"kso24\" width=\"117\">4<\/td>\n<td class=\"kso25\" width=\"118\">64.6<\/td>\n<td class=\"kso26\" width=\"120\">110<\/td>\n<\/tr>\n<tr>\n<td class=\"kso27\" width=\"239\">ABSB10x8x14J<\/td>\n<td class=\"kso28\" width=\"118\">13<\/td>\n<td class=\"kso29\" width=\"117\">380<\/td>\n<td class=\"kso30\" width=\"118\">26<\/td>\n<td class=\"kso31\" width=\"118\">1450<\/td>\n<td class=\"kso32\" width=\"131\">56<\/td>\n<td class=\"kso33\" width=\"117\">4<\/td>\n<td class=\"kso34\" width=\"118\">48<\/td>\n<td class=\"kso35\" width=\"120\">90<\/td>\n<\/tr>\n<tr>\n<td class=\"kso36\" width=\"239\">ABSB10x8x14J<\/td>\n<td class=\"kso37\" width=\"118\">12<\/td>\n<td class=\"kso38\" width=\"117\">370<\/td>\n<td class=\"kso39\" width=\"118\">18<\/td>\n<td class=\"kso40\" width=\"118\">1450<\/td>\n<td class=\"kso41\" width=\"131\">52<\/td>\n<td class=\"kso42\" width=\"117\">4<\/td>\n<td class=\"kso43\" width=\"118\">34.9<\/td>\n<td class=\"kso44\" width=\"120\">75<\/td>\n<\/tr>\n<tr>\n<td class=\"kso45\" width=\"239\">ABSB8x6x14J<\/td>\n<td class=\"kso46\" width=\"118\">13.5<\/td>\n<td class=\"kso47\" width=\"117\">265<\/td>\n<td class=\"kso48\" width=\"118\">40<\/td>\n<td class=\"kso49\" width=\"118\">1450<\/td>\n<td class=\"kso50\" width=\"131\">66<\/td>\n<td class=\"kso51\" width=\"117\">2.5<\/td>\n<td class=\"kso52\" width=\"118\">43.7<\/td>\n<td class=\"kso53\" width=\"120\">90<\/td>\n<\/tr>\n<tr>\n<td class=\"kso54\" width=\"239\">ABSB8x6x14J<\/td>\n<td class=\"kso55\" width=\"118\">12.5<\/td>\n<td class=\"kso56\" width=\"117\">255<\/td>\n<td class=\"kso57\" width=\"118\">32<\/td>\n<td class=\"kso58\" width=\"118\">1450<\/td>\n<td class=\"kso59\" width=\"131\">67<\/td>\n<td class=\"kso60\" width=\"117\">2.5<\/td>\n<td class=\"kso61\" width=\"118\">33.2<\/td>\n<td class=\"kso62\" width=\"120\">75<\/td>\n<\/tr>\n<tr>\n<td class=\"kso63\" width=\"239\">ABSB8x6x14J<\/td>\n<td class=\"kso64\" width=\"118\">11.5<\/td>\n<td class=\"kso65\" width=\"117\">250<\/td>\n<td class=\"kso66\" width=\"118\">24<\/td>\n<td class=\"kso67\" width=\"118\">1450<\/td>\n<td class=\"kso68\" width=\"131\">63<\/td>\n<td class=\"kso69\" width=\"117\">2.7<\/td>\n<td class=\"kso70\" width=\"118\">25.9<\/td>\n<td class=\"kso71\" width=\"120\">55<\/td>\n<\/tr>\n<tr>\n<td class=\"kso72\" width=\"239\">ABSB8x6x14J<\/td>\n<td class=\"kso73\" width=\"118\">11<\/td>\n<td class=\"kso74\" width=\"117\">245<\/td>\n<td class=\"kso75\" width=\"118\">20<\/td>\n<td class=\"kso76\" width=\"118\">1450<\/td>\n<td class=\"kso77\" width=\"131\">62<\/td>\n<td class=\"kso78\" width=\"117\">2.7<\/td>\n<td class=\"kso79\" width=\"118\">21.5<\/td>\n<td class=\"kso80\" width=\"120\">45<\/td>\n<\/tr>\n<tr>\n<td class=\"kso81\" width=\"239\">ABSB8x6x11J<\/td>\n<td class=\"kso82\" width=\"118\">11<\/td>\n<td class=\"kso83\" width=\"117\">220<\/td>\n<td class=\"kso84\" width=\"118\">23<\/td>\n<td class=\"kso85\" width=\"118\">1450<\/td>\n<td class=\"kso86\" width=\"131\">65<\/td>\n<td class=\"kso87\" width=\"117\">3<\/td>\n<td class=\"kso88\" width=\"118\">21.2<\/td>\n<td class=\"kso89\" width=\"120\">45<\/td>\n<\/tr>\n<tr>\n<td class=\"kso90\" width=\"239\">ABSB8x6x11J<\/td>\n<td class=\"kso91\" width=\"118\">10<\/td>\n<td class=\"kso92\" width=\"117\">210<\/td>\n<td class=\"kso93\" width=\"118\">17<\/td>\n<td class=\"kso94\" width=\"118\">1450<\/td>\n<td class=\"kso95\" width=\"131\">70<\/td>\n<td class=\"kso96\" width=\"117\">3<\/td>\n<td class=\"kso97\" width=\"118\">13.9<\/td>\n<td class=\"kso98\" width=\"120\">30<\/td>\n<\/tr>\n<tr>\n<td class=\"kso99\" width=\"239\">ABSB6x5x14J<\/td>\n<td class=\"kso100\" width=\"118\">12.5<\/td>\n<td class=\"kso101\" width=\"117\">200<\/td>\n<td class=\"kso102\" width=\"118\">34<\/td>\n<td class=\"kso103\" width=\"118\">1450<\/td>\n<td class=\"kso104\" width=\"131\">65<\/td>\n<td class=\"kso105\" width=\"117\">3.2<\/td>\n<td class=\"kso106\" width=\"118\">28.5<\/td>\n<td class=\"kso107\" width=\"120\">55<\/td>\n<\/tr>\n<tr>\n<td class=\"kso108\" width=\"239\">ABSB6x5x14J<\/td>\n<td class=\"kso109\" width=\"118\">12<\/td>\n<td class=\"kso110\" width=\"117\">195<\/td>\n<td class=\"kso111\" width=\"118\">31<\/td>\n<td class=\"kso112\" width=\"118\">1450<\/td>\n<td class=\"kso113\" width=\"131\">68<\/td>\n<td class=\"kso114\" width=\"117\">3<\/td>\n<td class=\"kso115\" width=\"118\">24.2<\/td>\n<td class=\"kso116\" width=\"120\">45<\/td>\n<\/tr>\n<tr>\n<td class=\"kso117\" width=\"239\">ABSB6x5x14J<\/td>\n<td class=\"kso118\" width=\"118\">11<\/td>\n<td class=\"kso119\" width=\"117\">190<\/td>\n<td class=\"kso120\" width=\"118\">24<\/td>\n<td class=\"kso121\" width=\"118\">1450<\/td>\n<td class=\"kso122\" width=\"131\">70<\/td>\n<td class=\"kso123\" width=\"117\">3.5<\/td>\n<td class=\"kso124\" width=\"118\">17.7<\/td>\n<td class=\"kso125\" width=\"120\">37<\/td>\n<\/tr>\n<tr>\n<td class=\"kso126\" width=\"239\">ABSB6x5x11J<\/td>\n<td class=\"kso127\" width=\"118\">11<\/td>\n<td class=\"kso128\" width=\"117\">190<\/td>\n<td class=\"kso129\" width=\"118\">23<\/td>\n<td class=\"kso130\" width=\"118\">1450<\/td>\n<td class=\"kso131\" width=\"131\">70<\/td>\n<td class=\"kso132\" width=\"117\">3<\/td>\n<td class=\"kso133\" width=\"118\">17<\/td>\n<td class=\"kso134\" width=\"120\">37<\/td>\n<\/tr>\n<tr>\n<td class=\"kso135\" width=\"239\">ABSB5x4x14J<\/td>\n<td class=\"kso136\" width=\"118\">12<\/td>\n<td class=\"kso137\" width=\"117\">110<\/td>\n<td class=\"kso138\" width=\"118\">32<\/td>\n<td class=\"kso139\" width=\"118\">1450<\/td>\n<td class=\"kso140\" width=\"131\">65<\/td>\n<td class=\"kso141\" width=\"117\">3.5<\/td>\n<td class=\"kso142\" width=\"118\">14.7<\/td>\n<td class=\"kso143\" width=\"120\">30<\/td>\n<\/tr>\n<tr>\n<td class=\"kso144\" width=\"239\">ABSB5x4x14J<\/td>\n<td class=\"kso145\" width=\"118\">11<\/td>\n<td class=\"kso146\" width=\"117\">105<\/td>\n<td class=\"kso147\" width=\"118\">27<\/td>\n<td class=\"kso148\" width=\"118\">1450<\/td>\n<td class=\"kso149\" width=\"131\">68<\/td>\n<td class=\"kso150\" width=\"117\">4<\/td>\n<td class=\"kso151\" width=\"118\">11.4<\/td>\n<td class=\"kso152\" width=\"120\">22<\/td>\n<\/tr>\n<tr>\n<td class=\"kso153\" width=\"239\">ABSB5x4x14J<\/td>\n<td class=\"kso154\" width=\"118\">10<\/td>\n<td class=\"kso155\" width=\"117\">100<\/td>\n<td class=\"kso156\" width=\"118\">21<\/td>\n<td class=\"kso157\" width=\"118\">1450<\/td>\n<td class=\"kso158\" width=\"131\">68<\/td>\n<td class=\"kso159\" width=\"117\">4.2<\/td>\n<td class=\"kso160\" width=\"118\">8.4<\/td>\n<td class=\"kso161\" width=\"120\">18.5<\/td>\n<\/tr>\n<tr>\n<td class=\"kso162\" width=\"239\">ABSB5x4x14J<\/td>\n<td class=\"kso163\" width=\"118\">9.5<\/td>\n<td class=\"kso164\" width=\"117\">95<\/td>\n<td class=\"kso165\" width=\"118\">17<\/td>\n<td class=\"kso166\" width=\"118\">1450<\/td>\n<td class=\"kso167\" width=\"131\">68<\/td>\n<td class=\"kso168\" width=\"117\">4.2<\/td>\n<td class=\"kso169\" width=\"118\">6.5<\/td>\n<td class=\"kso170\" width=\"120\">15<\/td>\n<\/tr>\n<tr>\n<td class=\"kso171\" width=\"239\">ABSB4x3x13J<\/td>\n<td class=\"kso172\" width=\"118\">11.5<\/td>\n<td class=\"kso173\" width=\"117\">90<\/td>\n<td class=\"kso174\" width=\"118\">30<\/td>\n<td class=\"kso175\" width=\"118\">1450<\/td>\n<td class=\"kso176\" width=\"131\">65<\/td>\n<td class=\"kso177\" width=\"117\">3.6<\/td>\n<td class=\"kso178\" width=\"118\">11.3<\/td>\n<td class=\"kso179\" width=\"120\">22<\/td>\n<\/tr>\n<tr>\n<td class=\"kso180\" width=\"239\">ABSB4x3x13J<\/td>\n<td class=\"kso181\" width=\"118\">11<\/td>\n<td class=\"kso182\" width=\"117\">85<\/td>\n<td class=\"kso183\" width=\"118\">27<\/td>\n<td class=\"kso184\" width=\"118\">1450<\/td>\n<td class=\"kso185\" width=\"131\">65<\/td>\n<td class=\"kso186\" width=\"117\">3.5<\/td>\n<td class=\"kso187\" width=\"118\">9.6<\/td>\n<td class=\"kso188\" width=\"120\">18.5<\/td>\n<\/tr>\n<tr>\n<td class=\"kso189\" width=\"239\">ABSB4x3x13J<\/td>\n<td class=\"kso190\" width=\"118\">10<\/td>\n<td class=\"kso191\" width=\"117\">80<\/td>\n<td class=\"kso192\" width=\"118\">21<\/td>\n<td class=\"kso193\" width=\"118\">1450<\/td>\n<td class=\"kso194\" width=\"131\">66<\/td>\n<td class=\"kso195\" width=\"117\">3.5<\/td>\n<td class=\"kso196\" width=\"118\">6.9<\/td>\n<td class=\"kso197\" width=\"120\">15<\/td>\n<\/tr>\n<tr>\n<td class=\"kso198\" width=\"239\">ABSB4x3x13J<\/td>\n<td class=\"kso199\" width=\"118\">9<\/td>\n<td class=\"kso200\" width=\"117\">70<\/td>\n<td class=\"kso201\" width=\"118\">16<\/td>\n<td class=\"kso202\" width=\"118\">1450<\/td>\n<td class=\"kso203\" width=\"131\">66<\/td>\n<td class=\"kso204\" width=\"117\">3.5<\/td>\n<td class=\"kso205\" width=\"118\">4.6<\/td>\n<td class=\"kso206\" width=\"120\">11<\/td>\n<\/tr>\n<tr>\n<td class=\"kso207\" width=\"239\">ABSB3x2x13J<\/td>\n<td class=\"kso208\" width=\"118\">11.5<\/td>\n<td class=\"kso209\" width=\"117\">60<\/td>\n<td class=\"kso210\" width=\"118\">27<\/td>\n<td class=\"kso211\" width=\"118\">1450<\/td>\n<td class=\"kso212\" width=\"131\">56<\/td>\n<td class=\"kso213\" width=\"117\">2.5<\/td>\n<td class=\"kso214\" width=\"118\">7.8<\/td>\n<td class=\"kso215\" width=\"120\">15<\/td>\n<\/tr>\n<tr>\n<td class=\"kso216\" width=\"239\">ABSB3x2x13J<\/td>\n<td class=\"kso217\" width=\"118\">11<\/td>\n<td class=\"kso218\" width=\"117\">50<\/td>\n<td class=\"kso219\" width=\"118\">25<\/td>\n<td class=\"kso220\" width=\"118\">1450<\/td>\n<td class=\"kso221\" width=\"131\">56<\/td>\n<td class=\"kso222\" width=\"117\">2.5<\/td>\n<td class=\"kso223\" width=\"118\">6.1<\/td>\n<td class=\"kso224\" width=\"120\">11<\/td>\n<\/tr>\n<tr>\n<td class=\"kso225\" width=\"239\">ABSB3x2x13J<\/td>\n<td class=\"kso226\" width=\"118\">10<\/td>\n<td class=\"kso227\" width=\"117\">45<\/td>\n<td class=\"kso228\" width=\"118\">21<\/td>\n<td class=\"kso229\" width=\"118\">1450<\/td>\n<td class=\"kso230\" width=\"131\">60<\/td>\n<td class=\"kso231\" width=\"117\">2.3<\/td>\n<td class=\"kso232\" width=\"118\">4.3<\/td>\n<td class=\"kso233\" width=\"120\">7.5<\/td>\n<\/tr>\n<tr>\n<td class=\"kso234\" width=\"239\">ABSB3x2x10J<\/td>\n<td class=\"kso235\" width=\"118\">9<\/td>\n<td class=\"kso236\" width=\"117\">40<\/td>\n<td class=\"kso237\" width=\"118\">16<\/td>\n<td class=\"kso238\" width=\"118\">1450<\/td>\n<td class=\"kso239\" width=\"131\">60<\/td>\n<td class=\"kso240\" width=\"117\">2.1<\/td>\n<td class=\"kso241\" width=\"118\">2.9<\/td>\n<td class=\"kso242\" width=\"120\">5.5<\/td>\n<\/tr>\n<\/tbody>\n<\/table>\n<\/div>\n<\/section>\n<\/div>\n<section class=\"av_textblock_section\">\n<div class=\"avia_textblock\">\n<h2>BOMBA CENTR\u00cdFUGA<\/h2>\n<p>Uma bomba centr\u00edfuga \u00e9 um equipamento importante usado para transferir fluidos. Ela funciona convertendo energia cin\u00e9tica em energia hidrodin\u00e2mica.<\/p>\n<p>Permite que o fluido se mova livremente durante a transfer\u00eancia. \u00c9 um dispositivo mec\u00e2nico utilizado para realizar tarefas relacionadas \u00e0 mec\u00e2nica.<\/p>\n<h2>CARACTER\u00cdSTICAS DA BOMBA CENTR\u00cdFUGA<\/h2>\n<p>Existem v\u00e1rias maneiras de usar bombas centr\u00edfugas, algumas delas s\u00e3o descritas abaixo.<\/p>\n<h3>V\u00e1rios modelos<\/h3>\n<p>Oferecemos uma ampla gama de bombas centr\u00edfugas. Voc\u00ea pode escolher o modelo que melhor se adapta ao seu trabalho mec\u00e2nico. H\u00e1 um total de 25 modelos dispon\u00edveis para compra.<\/p>\n<h3>Fluxo de fluido<\/h3>\n<p>O fluxo de fluido \u00e9 determinado e muito uniforme ao utilizar uma bomba centr\u00edfuga. Para cada modelo, h\u00e1 um fluxo espec\u00edfico de fluido. O fluxo uniforme e suave do fluido facilitar\u00e1 seu trabalho mec\u00e2nico.<\/p>\n<h3>A efici\u00eancia da bomba centr\u00edfuga<\/h3>\n<p>As bombas centr\u00edfugas que fabricamos s\u00e3o muito eficientes na execu\u00e7\u00e3o da tarefa. Elas n\u00e3o perdem efici\u00eancia mesmo ap\u00f3s um longo per\u00edodo.<\/p>\n<h3>Pot\u00eancia de sa\u00edda e entrada<\/h3>\n<p>Nossas bombas centr\u00edfugas possuem uma enorme pot\u00eancia de sa\u00edda e entrada, o que as torna muito eficazes durante o trabalho. Para cada modelo, a pot\u00eancia de sa\u00edda e entrada varia de acordo com a necessidade.<\/p>\n<h3>Velocidade de rota\u00e7\u00e3o<\/h3>\n<p>Como a bomba centr\u00edfuga funciona com base no fen\u00f4meno de convers\u00e3o de energia cin\u00e9tica rotacional em energia hidrodin\u00e2mica, ela requer uma velocidade de rota\u00e7\u00e3o enorme. Voc\u00ea pode obter nossas bombas centr\u00edfugas com altas velocidades de rota\u00e7\u00e3o para cada um dos modelos.<\/p>\n<h2>BENEF\u00cdCIOS DA BOMBA CENTR\u00cdFUGA<\/h2>\n<p>H\u00e1 v\u00e1rios benef\u00edcios que voc\u00ea pode observar ao usar bombas centr\u00edfugas para fins mec\u00e2nicos.<\/p>\n<p><strong>Elas n\u00e3o requerem manuten\u00e7\u00e3o; voc\u00ea pode usar bombas centr\u00edfugas por muito tempo, mesmo sem se preocupar com sua manuten\u00e7\u00e3o.\u00a0<\/strong><\/p>\n<p><strong>Eles simplificam o trabalho mec\u00e2nico ao produzir velocidade de rota\u00e7\u00e3o para converter a energia em din\u00e2mica de fluidos.<\/strong><\/p>\n<p><strong>Eles s\u00e3o muito convenientes, tornando seu trabalho mais simples e f\u00e1cil.<\/strong><\/p>\n<p><strong>voc\u00ea pode obter bombas centr\u00edfugas a pre\u00e7os acess\u00edveis<\/strong><\/p>\n<p><strong>Fornecemos bombas centr\u00edfugas em v\u00e1rios modelos para que todos possam comprar de acordo com a necessidade.\u00a0<\/strong><\/p>\n<h3>Conclus\u00e3o<\/h3>\n<p>As bombas centr\u00edfugas s\u00e3o amplamente utilizadas pela mec\u00e2nica porque regulam o fluxo de fluidos. Voc\u00ea pode simplificar e agilizar suas tarefas usando a bomba centr\u00edfuga. Oferecemos diversos modelos que podem ser muito \u00fateis para a tarefa que voc\u00ea est\u00e1 realizando. Confira a enorme variedade dispon\u00edvel e escolha de acordo com sua necessidade.<\/p>\n<p>Confira tamb\u00e9m\u00a0<a href=\"https:\/\/solidscontrolworld.com\/pt\/bomba-de-polpa-submersivel\/\">Bomba de polpa submers\u00edvel<\/a>\u00a0da nossa loja.<\/p>\n<\/div>\n<\/section>","protected":false},"excerpt":{"rendered":"<h3 class=\"widgettitle\">ESCRIT\u00d3RIO<\/h3>\n<div class=\"textwidget\">\n<p><strong>Endere\u00e7o:<\/strong><\/p>\n<p>Sala 1924, Bloco D, Pra\u00e7a Wanda, cidade de Tangshan, China.<\/p>\n<p><strong>Contato<\/strong><\/p>\n<p>info@solidscontrolworld.com<\/p>\n<p><strong>Telefone:<\/strong><\/p>\n<p>+86-18034158133<\/p>\n<p><strong>Fax:<\/strong><\/p>\n<p>+86-315-7651760<\/p>\n<p>Site: www.solidscontrolworld.com<\/p>\n<p><strong>Hor\u00e1rio de funcionamento:<\/strong><br \/>\nSeg-Sex: 8:00-17:30<\/p>\n<\/div>","protected":false},"featured_media":1403,"comment_status":"open","ping_status":"closed","template":"","meta":{"_seopress_robots_primary_cat":"none","_seopress_titles_title":"","_seopress_titles_desc":"","_seopress_robots_index":""},"product_brand":[],"product_cat":[57],"product_tag":[],"class_list":{"0":"post-1402","1":"product","2":"type-product","3":"status-publish","4":"has-post-thumbnail","6":"product_cat-solids-control-equipments","8":"first","9":"instock","10":"shipping-taxable","11":"product-type-simple"},"yoast_head":"<!-- This site is optimized with the Yoast SEO plugin v25.1 - https:\/\/yoast.com\/wordpress\/plugins\/seo\/ -->\n<title>Centrifugal pump - Solids Control World<\/title>\n<meta name=\"robots\" content=\"index, follow, max-snippet:-1, max-image-preview:large, max-video-preview:-1\" \/>\n<link rel=\"canonical\" href=\"https:\/\/solidscontrolworld.com\/pt\/product\/bomba-centrifuga\/\" \/>\n<meta property=\"og:locale\" content=\"pt_BR\" \/>\n<meta property=\"og:type\" content=\"article\" \/>\n<meta property=\"og:title\" content=\"Centrifugal pump - Solids Control World\" \/>\n<meta property=\"og:description\" content=\"OFFICE   Address:  Room 1924 ,Block D ,Wanda plaza, Tangshan city,\u00a0 China.  Contact  info@solidscontrolworld.com  Tel:  +86-18034158133  Fax:  +86-315-7651760  Website:www.solidscontrolworld.com  Opening Hours: Mon-Fri: 8:00-17:30\" \/>\n<meta property=\"og:url\" content=\"https:\/\/solidscontrolworld.com\/pt\/product\/bomba-centrifuga\/\" \/>\n<meta property=\"og:site_name\" content=\"Solids Control World\" \/>\n<meta property=\"article:modified_time\" content=\"2024-10-24T13:57:03+00:00\" \/>\n<meta property=\"og:image\" content=\"https:\/\/solidscontrolworld.com\/wp-content\/uploads\/2021\/05\/centrifugal.-pump-300x300-1.jpg\" \/>\n\t<meta property=\"og:image:width\" content=\"300\" \/>\n\t<meta property=\"og:image:height\" content=\"300\" \/>\n\t<meta property=\"og:image:type\" content=\"image\/jpeg\" \/>\n<meta name=\"twitter:card\" content=\"summary_large_image\" \/>\n<meta name=\"twitter:label1\" content=\"Est. tempo de leitura\" \/>\n\t<meta name=\"twitter:data1\" content=\"4 minutos\" \/>\n<!-- \/ Yoast SEO plugin. -->","yoast_head_json":{"title":"Bomba centr\u00edfuga - Solids Control World","robots":{"index":"index","follow":"follow","max-snippet":"max-snippet:-1","max-image-preview":"max-image-preview:large","max-video-preview":"max-video-preview:-1"},"canonical":"https:\/\/solidscontrolworld.com\/pt\/product\/bomba-centrifuga\/","og_locale":"pt_BR","og_type":"article","og_title":"Centrifugal pump - Solids Control World","og_description":"OFFICE   Address:  Room 1924 ,Block D ,Wanda plaza, Tangshan city,\u00a0 China.  Contact  info@solidscontrolworld.com  Tel:  +86-18034158133  Fax:  +86-315-7651760  Website:www.solidscontrolworld.com  Opening Hours: Mon-Fri: 8:00-17:30","og_url":"https:\/\/solidscontrolworld.com\/pt\/product\/bomba-centrifuga\/","og_site_name":"Solids Control World","article_modified_time":"2024-10-24T13:57:03+00:00","og_image":[{"width":300,"height":300,"url":"https:\/\/solidscontrolworld.com\/wp-content\/uploads\/2021\/05\/centrifugal.-pump-300x300-1.jpg","type":"image\/jpeg"}],"twitter_card":"summary_large_image","twitter_misc":{"Est. tempo de leitura":"4 minutos"},"schema":{"@context":"https:\/\/schema.org","@graph":[{"@type":"WebPage","@id":"https:\/\/solidscontrolworld.com\/product\/centrifugal-pump\/","url":"https:\/\/solidscontrolworld.com\/product\/centrifugal-pump\/","name":"Bomba centr\u00edfuga - Solids Control World","isPartOf":{"@id":"https:\/\/solidscontrolworld.com\/#website"},"primaryImageOfPage":{"@id":"https:\/\/solidscontrolworld.com\/product\/centrifugal-pump\/#primaryimage"},"image":{"@id":"https:\/\/solidscontrolworld.com\/product\/centrifugal-pump\/#primaryimage"},"thumbnailUrl":"https:\/\/solidscontrolworld.com\/wp-content\/uploads\/2021\/05\/centrifugal.-pump-300x300-1.jpg","datePublished":"2021-05-05T14:05:17+00:00","dateModified":"2024-10-24T13:57:03+00:00","breadcrumb":{"@id":"https:\/\/solidscontrolworld.com\/product\/centrifugal-pump\/#breadcrumb"},"inLanguage":"pt-BR","potentialAction":[{"@type":"ReadAction","target":["https:\/\/solidscontrolworld.com\/product\/centrifugal-pump\/"]}]},{"@type":"ImageObject","inLanguage":"pt-BR","@id":"https:\/\/solidscontrolworld.com\/product\/centrifugal-pump\/#primaryimage","url":"https:\/\/solidscontrolworld.com\/wp-content\/uploads\/2021\/05\/centrifugal.-pump-300x300-1.jpg","contentUrl":"https:\/\/solidscontrolworld.com\/wp-content\/uploads\/2021\/05\/centrifugal.-pump-300x300-1.jpg","width":300,"height":300,"caption":"solids control equipment manufacturer"},{"@type":"BreadcrumbList","@id":"https:\/\/solidscontrolworld.com\/product\/centrifugal-pump\/#breadcrumb","itemListElement":[{"@type":"ListItem","position":1,"name":"Home","item":"https:\/\/solidscontrolworld.com\/"},{"@type":"ListItem","position":2,"name":"Products","item":"https:\/\/solidscontrolworld.com\/shop\/"},{"@type":"ListItem","position":3,"name":"Centrifugal pump"}]},{"@type":"WebSite","@id":"https:\/\/solidscontrolworld.com\/#website","url":"https:\/\/solidscontrolworld.com\/","name":"Mundo de controle de s\u00f3lidos","description":"","publisher":{"@id":"https:\/\/solidscontrolworld.com\/#\/schema\/person\/2c126362537c0f0e6d4a8dfba9fc68b0"},"potentialAction":[{"@type":"SearchAction","target":{"@type":"EntryPoint","urlTemplate":"https:\/\/solidscontrolworld.com\/?s={search_term_string}"},"query-input":{"@type":"PropertyValueSpecification","valueRequired":true,"valueName":"search_term_string"}}],"inLanguage":"pt-BR"},{"@type":["Person","Organization"],"@id":"https:\/\/solidscontrolworld.com\/#\/schema\/person\/2c126362537c0f0e6d4a8dfba9fc68b0","name":"mundo de controle de s\u00f3lidos","logo":{"@id":"https:\/\/solidscontrolworld.com\/#\/schema\/person\/image\/"},"sameAs":["https:\/\/solidscontrolworld.com"]}]}},"_links":{"self":[{"href":"https:\/\/solidscontrolworld.com\/pt\/wp-json\/wp\/v2\/product\/1402","targetHints":{"allow":["GET"]}}],"collection":[{"href":"https:\/\/solidscontrolworld.com\/pt\/wp-json\/wp\/v2\/product"}],"about":[{"href":"https:\/\/solidscontrolworld.com\/pt\/wp-json\/wp\/v2\/types\/product"}],"replies":[{"embeddable":true,"href":"https:\/\/solidscontrolworld.com\/pt\/wp-json\/wp\/v2\/comments?post=1402"}],"version-history":[{"count":1,"href":"https:\/\/solidscontrolworld.com\/pt\/wp-json\/wp\/v2\/product\/1402\/revisions"}],"predecessor-version":[{"id":11206,"href":"https:\/\/solidscontrolworld.com\/pt\/wp-json\/wp\/v2\/product\/1402\/revisions\/11206"}],"wp:featuredmedia":[{"embeddable":true,"href":"https:\/\/solidscontrolworld.com\/pt\/wp-json\/wp\/v2\/media\/1403"}],"wp:attachment":[{"href":"https:\/\/solidscontrolworld.com\/pt\/wp-json\/wp\/v2\/media?parent=1402"}],"wp:term":[{"taxonomy":"product_brand","embeddable":true,"href":"https:\/\/solidscontrolworld.com\/pt\/wp-json\/wp\/v2\/product_brand?post=1402"},{"taxonomy":"product_cat","embeddable":true,"href":"https:\/\/solidscontrolworld.com\/pt\/wp-json\/wp\/v2\/product_cat?post=1402"},{"taxonomy":"product_tag","embeddable":true,"href":"https:\/\/solidscontrolworld.com\/pt\/wp-json\/wp\/v2\/product_tag?post=1402"}],"curies":[{"name":"wp","href":"https:\/\/api.w.org\/{rel}","templated":true}]}}