{"id":1404,"date":"2021-05-05T14:07:44","date_gmt":"2021-05-05T14:07:44","guid":{"rendered":"https:\/\/solidscontrolworld.com\/?post_type=product&#038;p=1404"},"modified":"2024-10-24T14:01:14","modified_gmt":"2024-10-24T14:01:14","slug":"bomba-de-polpa-submersivel","status":"publish","type":"product","link":"https:\/\/solidscontrolworld.com\/pt\/product\/bomba-de-polpa-submersivel\/","title":{"rendered":"Bomba de polpa submers\u00edvel"},"content":{"rendered":"<div class=\"flex_column av_one_full flex_column_div av-zero-column-padding first avia-builder-el-3 el_after_av_one_full el_before_av_textblock column-top-margin\">\n<section class=\"av_textblock_section\">\n<div class=\"avia_textblock\">\n<table border=\"0\" width=\"1116\" cellspacing=\"0\" cellpadding=\"0\">\n<tbody>\n<tr>\n<td class=\"kso0\" width=\"257\">\u00a0Modelo<\/td>\n<td class=\"kso1\" width=\"171\">\u00a0Fluxo (m3\/h)<\/td>\n<td class=\"kso2\" width=\"170\">\u00a0Elevador(m)<\/td>\n<td class=\"kso3\" width=\"171\">\u00a0Velocidade (r\/min)<\/td>\n<td class=\"kso4\" width=\"171\">\u00a0Efici\u00eancia(%)<\/td>\n<td class=\"kso5\" width=\"173\">\u00a0Pot\u00eancia (KW)<\/td>\n<\/tr>\n<tr>\n<td class=\"kso6\" width=\"257\">AB50YZ20-18<\/td>\n<td class=\"kso7\" width=\"171\">20<\/td>\n<td class=\"kso8\" width=\"170\">18<\/td>\n<td class=\"kso9\" width=\"171\">1450<\/td>\n<td class=\"kso10\" width=\"171\">42<\/td>\n<td class=\"kso11\" width=\"173\">3<\/td>\n<\/tr>\n<tr>\n<td class=\"kso12\" width=\"257\">AB50YZ40-10<\/td>\n<td class=\"kso13\" width=\"171\">40<\/td>\n<td class=\"kso14\" width=\"170\">10.5<\/td>\n<td class=\"kso15\" width=\"171\">1450<\/td>\n<td class=\"kso16\" width=\"171\">47<\/td>\n<td class=\"kso17\" width=\"173\">4<\/td>\n<\/tr>\n<tr>\n<td class=\"kso18\" width=\"257\">AB50YZ50-12<\/td>\n<td class=\"kso19\" width=\"171\">60<\/td>\n<td class=\"kso20\" width=\"170\">10.8<\/td>\n<td class=\"kso21\" width=\"171\">1450<\/td>\n<td class=\"kso22\" width=\"171\">55<\/td>\n<td class=\"kso23\" width=\"173\">5.5<\/td>\n<\/tr>\n<tr>\n<td class=\"kso24\" width=\"257\">AB80YZ50-20<\/td>\n<td class=\"kso25\" width=\"171\">60<\/td>\n<td class=\"kso26\" width=\"170\">18<\/td>\n<td class=\"kso27\" width=\"171\">1450<\/td>\n<td class=\"kso28\" width=\"171\">48<\/td>\n<td class=\"kso29\" width=\"173\">7.5<\/td>\n<\/tr>\n<tr>\n<td class=\"kso30\" width=\"257\">AB80YZ80-20B<\/td>\n<td class=\"kso31\" width=\"171\">80<\/td>\n<td class=\"kso32\" width=\"170\">13.4<\/td>\n<td class=\"kso33\" width=\"171\">1450<\/td>\n<td class=\"kso34\" width=\"171\">51<\/td>\n<td class=\"kso35\" width=\"173\">7.5<\/td>\n<\/tr>\n<tr>\n<td class=\"kso36\" width=\"257\">AB80YZ80-20A<\/td>\n<td class=\"kso37\" width=\"171\">90<\/td>\n<td class=\"kso38\" width=\"170\">15<\/td>\n<td class=\"kso39\" width=\"171\">1450<\/td>\n<td class=\"kso40\" width=\"171\">51<\/td>\n<td class=\"kso41\" width=\"173\">11<\/td>\n<\/tr>\n<tr>\n<td class=\"kso42\" width=\"257\">AB100YZ100-30<\/td>\n<td class=\"kso43\" width=\"171\">100<\/td>\n<td class=\"kso44\" width=\"170\">31<\/td>\n<td class=\"kso45\" width=\"171\">1450<\/td>\n<td class=\"kso46\" width=\"171\">54<\/td>\n<td class=\"kso47\" width=\"173\">22<\/td>\n<\/tr>\n<tr>\n<td class=\"kso48\" width=\"257\">AB100YZ100-30A<\/td>\n<td class=\"kso49\" width=\"171\">110<\/td>\n<td class=\"kso50\" width=\"170\">24<\/td>\n<td class=\"kso51\" width=\"171\">1450<\/td>\n<td class=\"kso52\" width=\"171\">54<\/td>\n<td class=\"kso53\" width=\"173\">18.5<\/td>\n<\/tr>\n<tr>\n<td class=\"kso54\" width=\"257\">AB100YZ160-38B<\/td>\n<td class=\"kso55\" width=\"171\">164<\/td>\n<td class=\"kso56\" width=\"170\">26<\/td>\n<td class=\"kso57\" width=\"171\">1450<\/td>\n<td class=\"kso58\" width=\"171\">50<\/td>\n<td class=\"kso59\" width=\"173\">30<\/td>\n<\/tr>\n<tr>\n<td class=\"kso60\" width=\"257\">AB150YZ250-40B<\/td>\n<td class=\"kso61\" width=\"171\">240<\/td>\n<td class=\"kso62\" width=\"170\">24<\/td>\n<td class=\"kso63\" width=\"171\">1450<\/td>\n<td class=\"kso64\" width=\"171\">50<\/td>\n<td class=\"kso65\" width=\"173\">37<\/td>\n<\/tr>\n<tr>\n<td class=\"kso66\" width=\"257\">AB150YZ250-40A<\/td>\n<td class=\"kso67\" width=\"171\">270<\/td>\n<td class=\"kso68\" width=\"170\">30<\/td>\n<td class=\"kso69\" width=\"171\">1450<\/td>\n<td class=\"kso70\" width=\"171\">51<\/td>\n<td class=\"kso71\" width=\"173\">45<\/td>\n<\/tr>\n<\/tbody>\n<\/table>\n<\/div>\n<\/section>\n<\/div>\n<section class=\"av_textblock_section\">\n<div class=\"avia_textblock\">\n<h2>BOMBA SUBMERS\u00cdVEL DE LODO<\/h2>\n<p>Estas s\u00e3o bombas de alta resist\u00eancia, muito \u00fateis para bombear todos os tipos de l\u00edquidos pesados que cont\u00eam part\u00edculas s\u00f3lidas. Podem ser utilizadas para diversas finalidades, como ind\u00fastria, constru\u00e7\u00e3o, esgoto, etc. Profissionais ligados a essas \u00e1reas conhecem a import\u00e2ncia das bombas submers\u00edveis para polpa.<\/p>\n<h2>CARACTER\u00cdSTICAS DA BOMBA SUBMERS\u00cdVEL PARA LAMAS<\/h2>\n<p>As bombas submers\u00edveis de polpa especialmente fabricadas por n\u00f3s possuem diversas caracter\u00edsticas. Vamos dar uma olhada em algumas das mais promissoras.<\/p>\n<h3>Modelos de bombas de polpa submers\u00edveis<\/h3>\n<p>Oferecemos 13 tipos de bombas submers\u00edveis para polpa, utilizadas para diferentes fins industriais. Voc\u00ea pode escolher o modelo de sua prefer\u00eancia de acordo com suas necessidades.<\/p>\n<h3>Fluxo e eleva\u00e7\u00e3o m\u00e1ximos<\/h3>\n<p>Bombas submers\u00edveis para polpa s\u00e3o utilizadas para regular o fluxo de fluidos, especialmente aqueles com grande quantidade de part\u00edculas s\u00f3lidas. \u00c9 por isso que a vaz\u00e3o e a eleva\u00e7\u00e3o m\u00e1ximas do nosso produto s\u00e3o muito altas, tornando-o mais eficiente.<\/p>\n<h3>M\u00e1xima efici\u00eancia e velocidade<\/h3>\n<p>A velocidade da \u00e1gua tamb\u00e9m \u00e9 uma das caracter\u00edsticas mais importantes da bomba submers\u00edvel de polpa. Cuidamos disso, proporcionando a m\u00e1xima efici\u00eancia e velocidade \u00e0s nossas bombas submers\u00edveis de polpa. \u00c9 uma excelente escolha para movimentar fluidos que cont\u00eam part\u00edculas grandes, especialmente em trabalhos industriais e comerciais.<\/p>\n<h2>BENEF\u00cdCIOS DA BOMBA DE DIAFRAGMA<\/h2>\n<p>Existem v\u00e1rios benef\u00edcios das bombas de polpa submers\u00edveis, especialmente no setor industrial.<\/p>\n<p><strong>Bombas de polpa submers\u00edveis s\u00e3o muito convenientes para o movimento de fluidos com grandes part\u00edculas s\u00f3lidas.\u00a0<\/strong><\/p>\n<p><strong>S\u00e3o bombas de alta resist\u00eancia utilizadas para fins significativos. Sem bombas submers\u00edveis de polpa, \u00e9 muito dif\u00edcil movimentar fluidos contendo part\u00edculas grandes.\u00a0<\/strong><\/p>\n<p><strong>Voc\u00ea pode concluir sua tarefa mais rapidamente usando uma bomba de polpa submers\u00edvel.<\/strong><\/p>\n<p><strong>Oferecemos algumas das mais incr\u00edveis variedades de bombas submers\u00edveis para polpa que voc\u00ea pode obter a pre\u00e7os acess\u00edveis.\u00a0<\/strong><\/p>\n<p><strong>A efici\u00eancia e a produ\u00e7\u00e3o das bombas de polpa submers\u00edveis fornecidas por n\u00f3s s\u00e3o muito altas, o que pode tornar sua tarefa industrial conveniente e f\u00e1cil.<\/strong><\/p>\n<p><strong>Isso economizar\u00e1 muito tempo, que poder\u00e1 ser investido por voc\u00ea em outras tarefas diversas.<\/strong><\/p>\n<p><strong>Eles s\u00e3o muito ben\u00e9ficos para pessoas que trabalham em ind\u00fastrias, canteiros de obras e empresas de esgoto.\u00a0<\/strong><\/p>\n<p>Bombas de polpa submers\u00edveis s\u00e3o muito vantajosas para a execu\u00e7\u00e3o de tarefas industriais. Descrevemos alguns dos principais recursos e benef\u00edcios que nossos produtos podem oferecer. Voc\u00ea pode conferir nossa enorme variedade de bombas de polpa submers\u00edveis e comprar o produto de acordo com suas necessidades.<\/p>\n<p>Confira tamb\u00e9m\u00a0<a href=\"https:\/\/solidscontrolworld.com\/pt\/bomba-de-polpa\/\">Bomba de polpa<\/a>\u00a0da nossa loja.<\/p>\n<\/div>\n<\/section>","protected":false},"excerpt":{"rendered":"<h3 class=\"widgettitle\">ESCRIT\u00d3RIO<\/h3>\n<div class=\"textwidget\">\n<p><strong>Endere\u00e7o:<\/strong><\/p>\n<p>Sala 1924, Bloco D, Pra\u00e7a Wanda, cidade de Tangshan, China.<\/p>\n<p><strong>Contato<\/strong><\/p>\n<p>info@solidscontrolworld.com<\/p>\n<p><strong>Telefone:<\/strong><\/p>\n<p>+86-18034158133<\/p>\n<p><strong>Fax:<\/strong><\/p>\n<p>+86-315-7651760<\/p>\n<p>Site: www.solidscontrolworld.com<\/p>\n<p><strong>Hor\u00e1rio de funcionamento:<\/strong><br \/>\nSeg-Sex: 8:00-17:30<\/p>\n<\/div>","protected":false},"featured_media":1405,"comment_status":"open","ping_status":"closed","template":"","meta":{"_seopress_robots_primary_cat":"none","_seopress_titles_title":"","_seopress_titles_desc":"","_seopress_robots_index":""},"product_brand":[],"product_cat":[57],"product_tag":[],"class_list":{"0":"post-1404","1":"product","2":"type-product","3":"status-publish","4":"has-post-thumbnail","6":"product_cat-solids-control-equipments","8":"first","9":"instock","10":"shipping-taxable","11":"product-type-simple"},"yoast_head":"<!-- This site is optimized with the Yoast SEO plugin v25.1 - https:\/\/yoast.com\/wordpress\/plugins\/seo\/ -->\n<title>Submersible slurry pump - Solids Control World<\/title>\n<meta name=\"robots\" content=\"index, follow, max-snippet:-1, max-image-preview:large, max-video-preview:-1\" \/>\n<link rel=\"canonical\" href=\"https:\/\/solidscontrolworld.com\/pt\/product\/bomba-de-polpa-submersivel\/\" \/>\n<meta property=\"og:locale\" content=\"pt_BR\" \/>\n<meta property=\"og:type\" content=\"article\" \/>\n<meta property=\"og:title\" content=\"Submersible slurry pump - Solids Control World\" \/>\n<meta property=\"og:description\" content=\"OFFICE   Address:  Room 1924 ,Block D ,Wanda plaza, Tangshan city,\u00a0 China.  Contact  info@solidscontrolworld.com  Tel:  +86-18034158133  Fax:  +86-315-7651760  Website:www.solidscontrolworld.com  Opening Hours: Mon-Fri: 8:00-17:30\" \/>\n<meta property=\"og:url\" content=\"https:\/\/solidscontrolworld.com\/pt\/product\/bomba-de-polpa-submersivel\/\" \/>\n<meta property=\"og:site_name\" content=\"Solids Control World\" \/>\n<meta property=\"article:modified_time\" content=\"2024-10-24T14:01:14+00:00\" \/>\n<meta property=\"og:image\" content=\"https:\/\/solidscontrolworld.com\/wp-content\/uploads\/2021\/05\/\u7a3f\u5b9a\u8bbe\u8ba1-18-300x192-1.jpg\" \/>\n\t<meta property=\"og:image:width\" content=\"300\" \/>\n\t<meta property=\"og:image:height\" content=\"192\" \/>\n\t<meta property=\"og:image:type\" content=\"image\/jpeg\" \/>\n<meta name=\"twitter:card\" content=\"summary_large_image\" \/>\n<meta name=\"twitter:label1\" content=\"Est. tempo de leitura\" \/>\n\t<meta name=\"twitter:data1\" content=\"3 minutos\" \/>\n<!-- \/ Yoast SEO plugin. -->","yoast_head_json":{"title":"Bomba de polpa submers\u00edvel - Solids Control World","robots":{"index":"index","follow":"follow","max-snippet":"max-snippet:-1","max-image-preview":"max-image-preview:large","max-video-preview":"max-video-preview:-1"},"canonical":"https:\/\/solidscontrolworld.com\/pt\/product\/bomba-de-polpa-submersivel\/","og_locale":"pt_BR","og_type":"article","og_title":"Submersible slurry pump - Solids Control World","og_description":"OFFICE   Address:  Room 1924 ,Block D ,Wanda plaza, Tangshan city,\u00a0 China.  Contact  info@solidscontrolworld.com  Tel:  +86-18034158133  Fax:  +86-315-7651760  Website:www.solidscontrolworld.com  Opening Hours: Mon-Fri: 8:00-17:30","og_url":"https:\/\/solidscontrolworld.com\/pt\/product\/bomba-de-polpa-submersivel\/","og_site_name":"Solids Control World","article_modified_time":"2024-10-24T14:01:14+00:00","og_image":[{"width":300,"height":192,"url":"https:\/\/solidscontrolworld.com\/wp-content\/uploads\/2021\/05\/\u7a3f\u5b9a\u8bbe\u8ba1-18-300x192-1.jpg","type":"image\/jpeg"}],"twitter_card":"summary_large_image","twitter_misc":{"Est. tempo de leitura":"3 minutos"},"schema":{"@context":"https:\/\/schema.org","@graph":[{"@type":"WebPage","@id":"https:\/\/solidscontrolworld.com\/product\/submersible-slurry-pump\/","url":"https:\/\/solidscontrolworld.com\/product\/submersible-slurry-pump\/","name":"Bomba de polpa submers\u00edvel - Solids Control World","isPartOf":{"@id":"https:\/\/solidscontrolworld.com\/#website"},"primaryImageOfPage":{"@id":"https:\/\/solidscontrolworld.com\/product\/submersible-slurry-pump\/#primaryimage"},"image":{"@id":"https:\/\/solidscontrolworld.com\/product\/submersible-slurry-pump\/#primaryimage"},"thumbnailUrl":"https:\/\/solidscontrolworld.com\/wp-content\/uploads\/2021\/05\/\u7a3f\u5b9a\u8bbe\u8ba1-18-300x192-1.jpg","datePublished":"2021-05-05T14:07:44+00:00","dateModified":"2024-10-24T14:01:14+00:00","breadcrumb":{"@id":"https:\/\/solidscontrolworld.com\/product\/submersible-slurry-pump\/#breadcrumb"},"inLanguage":"pt-BR","potentialAction":[{"@type":"ReadAction","target":["https:\/\/solidscontrolworld.com\/product\/submersible-slurry-pump\/"]}]},{"@type":"ImageObject","inLanguage":"pt-BR","@id":"https:\/\/solidscontrolworld.com\/product\/submersible-slurry-pump\/#primaryimage","url":"https:\/\/solidscontrolworld.com\/wp-content\/uploads\/2021\/05\/\u7a3f\u5b9a\u8bbe\u8ba1-18-300x192-1.jpg","contentUrl":"https:\/\/solidscontrolworld.com\/wp-content\/uploads\/2021\/05\/\u7a3f\u5b9a\u8bbe\u8ba1-18-300x192-1.jpg","width":300,"height":192},{"@type":"BreadcrumbList","@id":"https:\/\/solidscontrolworld.com\/product\/submersible-slurry-pump\/#breadcrumb","itemListElement":[{"@type":"ListItem","position":1,"name":"Home","item":"https:\/\/solidscontrolworld.com\/"},{"@type":"ListItem","position":2,"name":"Products","item":"https:\/\/solidscontrolworld.com\/shop\/"},{"@type":"ListItem","position":3,"name":"Submersible slurry pump"}]},{"@type":"WebSite","@id":"https:\/\/solidscontrolworld.com\/#website","url":"https:\/\/solidscontrolworld.com\/","name":"Mundo de controle de s\u00f3lidos","description":"","publisher":{"@id":"https:\/\/solidscontrolworld.com\/#\/schema\/person\/2c126362537c0f0e6d4a8dfba9fc68b0"},"potentialAction":[{"@type":"SearchAction","target":{"@type":"EntryPoint","urlTemplate":"https:\/\/solidscontrolworld.com\/?s={search_term_string}"},"query-input":{"@type":"PropertyValueSpecification","valueRequired":true,"valueName":"search_term_string"}}],"inLanguage":"pt-BR"},{"@type":["Person","Organization"],"@id":"https:\/\/solidscontrolworld.com\/#\/schema\/person\/2c126362537c0f0e6d4a8dfba9fc68b0","name":"mundo de controle de s\u00f3lidos","logo":{"@id":"https:\/\/solidscontrolworld.com\/#\/schema\/person\/image\/"},"sameAs":["https:\/\/solidscontrolworld.com"]}]}},"_links":{"self":[{"href":"https:\/\/solidscontrolworld.com\/pt\/wp-json\/wp\/v2\/product\/1404","targetHints":{"allow":["GET"]}}],"collection":[{"href":"https:\/\/solidscontrolworld.com\/pt\/wp-json\/wp\/v2\/product"}],"about":[{"href":"https:\/\/solidscontrolworld.com\/pt\/wp-json\/wp\/v2\/types\/product"}],"replies":[{"embeddable":true,"href":"https:\/\/solidscontrolworld.com\/pt\/wp-json\/wp\/v2\/comments?post=1404"}],"version-history":[{"count":1,"href":"https:\/\/solidscontrolworld.com\/pt\/wp-json\/wp\/v2\/product\/1404\/revisions"}],"predecessor-version":[{"id":11209,"href":"https:\/\/solidscontrolworld.com\/pt\/wp-json\/wp\/v2\/product\/1404\/revisions\/11209"}],"wp:featuredmedia":[{"embeddable":true,"href":"https:\/\/solidscontrolworld.com\/pt\/wp-json\/wp\/v2\/media\/1405"}],"wp:attachment":[{"href":"https:\/\/solidscontrolworld.com\/pt\/wp-json\/wp\/v2\/media?parent=1404"}],"wp:term":[{"taxonomy":"product_brand","embeddable":true,"href":"https:\/\/solidscontrolworld.com\/pt\/wp-json\/wp\/v2\/product_brand?post=1404"},{"taxonomy":"product_cat","embeddable":true,"href":"https:\/\/solidscontrolworld.com\/pt\/wp-json\/wp\/v2\/product_cat?post=1404"},{"taxonomy":"product_tag","embeddable":true,"href":"https:\/\/solidscontrolworld.com\/pt\/wp-json\/wp\/v2\/product_tag?post=1404"}],"curies":[{"name":"wp","href":"https:\/\/api.w.org\/{rel}","templated":true}]}}