{"id":1406,"date":"2021-05-05T14:10:15","date_gmt":"2021-05-05T14:10:15","guid":{"rendered":"https:\/\/solidscontrolworld.com\/?post_type=product&#038;p=1406"},"modified":"2022-08-24T05:23:23","modified_gmt":"2022-08-24T05:23:23","slug":"bomba-de-parafuso","status":"publish","type":"product","link":"https:\/\/solidscontrolworld.com\/pt\/product\/bomba-de-parafuso\/","title":{"rendered":"Bomba de parafuso"},"content":{"rendered":"<div class=\"flex_column av_one_full flex_column_div av-zero-column-padding first avia-builder-el-2 el_after_av_one_full el_before_av_textblock column-top-margin\">\n<section class=\"av_textblock_section\">\n<div class=\"avia_textblock\">\n<table border=\"0\" width=\"1017\" cellspacing=\"0\" cellpadding=\"0\">\n<tbody>\n<tr>\n<td class=\"kso0\" width=\"145\">Modelo<\/td>\n<td class=\"kso1\" width=\"145\">Capacidade<\/td>\n<td class=\"kso2\" width=\"145\">Press\u00e3o<\/td>\n<td class=\"kso3\" width=\"145\">Velocidade m\u00e1xima<\/td>\n<td class=\"kso4\" width=\"145\">Poder<\/td>\n<td class=\"kso5\" width=\"145\">Entrada<\/td>\n<td class=\"kso6\" width=\"145\">Tomada<\/td>\n<\/tr>\n<tr>\n<td class=\"kso7\" width=\"145\">ABG701<\/td>\n<td class=\"kso8\" width=\"145\">44m\u00b3\/h<\/td>\n<td class=\"kso9\" width=\"145\">0,3 MPa<\/td>\n<td class=\"kso10\" width=\"145\">720 RPM<\/td>\n<td class=\"kso11\" width=\"145\">11 kW<\/td>\n<td class=\"kso12\" width=\"145\">150 mm<\/td>\n<td class=\"kso13\" width=\"145\">125 mm<\/td>\n<\/tr>\n<tr>\n<td class=\"kso14\" width=\"145\">ABG851<\/td>\n<td class=\"kso15\" width=\"145\">55m\u00b3\/h<\/td>\n<td class=\"kso16\" width=\"145\">0,3 MPa<\/td>\n<td class=\"kso17\" width=\"145\">720 RPM<\/td>\n<td class=\"kso18\" width=\"145\">15 kW<\/td>\n<td class=\"kso19\" width=\"145\">150 mm<\/td>\n<td class=\"kso20\" width=\"145\">150 mm<\/td>\n<\/tr>\n<tr>\n<td class=\"kso21\" width=\"145\">ABG851<\/td>\n<td class=\"kso22\" width=\"145\">55m\u00b3\/h<\/td>\n<td class=\"kso23\" width=\"145\">0,3 MPa<\/td>\n<td class=\"kso24\" width=\"145\">550 RPM<\/td>\n<td class=\"kso25\" width=\"145\">15 kW<\/td>\n<td class=\"kso26\" width=\"145\">150 mm<\/td>\n<td class=\"kso27\" width=\"145\">125 mm<\/td>\n<\/tr>\n<tr>\n<td class=\"kso28\" width=\"145\">ABG1051<\/td>\n<td class=\"kso29\" width=\"145\">65m\u00b3\/h<\/td>\n<td class=\"kso30\" width=\"145\">0,3 MPa<\/td>\n<td class=\"kso31\" width=\"145\">380 RPM<\/td>\n<td class=\"kso32\" width=\"145\">18,5 kW<\/td>\n<td class=\"kso33\" width=\"145\">200 mm<\/td>\n<td class=\"kso34\" width=\"145\">150 mm<\/td>\n<\/tr>\n<tr>\n<td class=\"kso35\" width=\"145\">ABG1051<\/td>\n<td class=\"kso36\" width=\"145\">87m\u00b3\/h<\/td>\n<td class=\"kso37\" width=\"145\">0,3 MPa<\/td>\n<td class=\"kso38\" width=\"145\">500 RPM<\/td>\n<td class=\"kso39\" width=\"145\">22 kW<\/td>\n<td class=\"kso40\" width=\"145\">200 mm<\/td>\n<td class=\"kso41\" width=\"145\">150 mm<\/td>\n<\/tr>\n<\/tbody>\n<\/table>\n<\/div>\n<\/section>\n<\/div>\n<section class=\"av_textblock_section\">\n<div class=\"avia_textblock\">\n<h2>BOMBA DE PARAFUSO<\/h2>\n<p>A bomba de parafuso \u00e9 utilizada para fins industriais. Ela \u00e9 ben\u00e9fica ao permitir o movimento de fluidos e s\u00f3lidos ao longo do eixo do parafuso. Uma bomba de parafuso tamb\u00e9m \u00e9 chamada de bomba de parafuso d&#039;\u00e1gua. Ela utiliza uma ou mais habilidades para mover o fluido ao longo do eixo do parafuso nos m\u00e9todos de fabrica\u00e7\u00e3o e industriais.<\/p>\n<h2>CARACTER\u00cdSTICAS DA BOMBA DE PARAFUSO<\/h2>\n<p>Nossas bombas de parafuso oferecem v\u00e1rios recursos para tornar sua experi\u00eancia industrial mais f\u00e1cil e confort\u00e1vel.<\/p>\n<p><strong>Voc\u00ea pode obter diferentes modelos de bombas de parafuso de acordo com a finalidade que procura. Oferecemos um total de 5 modelos de bombas de parafuso para facilitar a vida dos nossos clientes. Todos os modelos s\u00e3o eficientes e de alta qualidade, o que tornar\u00e1 seu trabalho mais pr\u00e1tico.\u00a0<\/strong><\/p>\n<p><strong>A capacidade \u00e9 muito importante, pois determina a quantidade de fluido que uma bomba helicoidal pode transportar pelo acesso helicoidal. \u00c9 por isso que fabricamos nossos produtos com alta capacidade de movimenta\u00e7\u00e3o de fluidos.\u00a0<\/strong><\/p>\n<p><strong>As bombas de parafuso s\u00e3o eficazes se conseguem mover o fluido por meio de press\u00e3o. Existe uma press\u00e3o espec\u00edfica para todos os modelos de bombas de parafuso dispon\u00edveis conosco.\u00a0<\/strong><\/p>\n<p><strong>A velocidade m\u00e1xima da bomba helicoidal tamb\u00e9m determina sua efic\u00e1cia. \u00c9 por isso que fabricamos bombas helicoidais que proporcionam alta velocidade para a movimenta\u00e7\u00e3o de fluidos.\u00a0<\/strong><\/p>\n<h2>BENEF\u00cdCIOS DAS BOMBAS DE PARAFUSO<\/h2>\n<p>H\u00e1 muitos benef\u00edcios nas bombas de parafuso que podem ser muito significativos para a conclus\u00e3o de suas tarefas industriais.<\/p>\n<p><strong>As bombas de parafuso podem lhe dar pot\u00eancia ao permitir que o fluido e o s\u00f3lido exatos necess\u00e1rios em um momento espec\u00edfico passem pelo eixo do parafuso.\u00a0<\/strong><\/p>\n<p><strong>Eles podem tornar o fluxo de fluidos e s\u00f3lidos conveniente com a press\u00e3o de sua necessidade.\u00a0<\/strong><\/p>\n<p><strong>A bomba de parafuso fabricada por n\u00f3s tamb\u00e9m possui alta pot\u00eancia e velocidade, o que a torna eficiente.\u00a0<\/strong><\/p>\n<p><strong>Voc\u00ea pode comprar bombas de parafuso em diferentes modelos a pre\u00e7os acess\u00edveis\u00a0<\/strong><\/p>\n<p><strong>Usar nossas bombas de parafuso pode economizar muito tempo porque elas s\u00e3o eficientes e t\u00eam uma enorme pot\u00eancia para passar fluidos e s\u00f3lidos.<\/strong><\/p>\n<p><strong>A bomba de parafuso fornecida por n\u00f3s \u00e9 dur\u00e1vel e duradoura, podendo ser usada por mais tempo<\/strong><\/p>\n<\/div>\n<h3>Conclus\u00e3o<\/h3>\n<p>Mencionamos algumas das caracter\u00edsticas e benef\u00edcios espec\u00edficos das bombas de parafuso fabricadas por n\u00f3s. Voc\u00ea deve adquirir as bombas de parafuso especialmente projetadas para tornar sua experi\u00eancia industrial melhor e mais conveniente.<\/p>\n<p>Confira tamb\u00e9m\u00a0<a href=\"https:\/\/solidscontrolworld.com\/pt\/bomba-de-cisalhamento\/\">Bomba de cisalhamento<\/a>\u00a0da nossa loja.<\/p>\n<\/section>","protected":false},"excerpt":{"rendered":"<h3 class=\"widgettitle\">ESCRIT\u00d3RIO<\/h3>\n<div class=\"textwidget\">\n<p><strong>Endere\u00e7o:<\/strong><\/p>\n<p>Sala 1924, Bloco D, Pra\u00e7a Wanda, cidade de Tangshan, China.<\/p>\n<p><strong>Contato<\/strong><\/p>\n<p>info@solidscontrolworld.com<\/p>\n<p><strong>Telefone:<\/strong><\/p>\n<p>+86-18034158133<\/p>\n<p><strong>Fax:<\/strong><\/p>\n<p>+86-315-7651760<\/p>\n<p>Site: www.solidscontrolworld.com<\/p>\n<p><strong>Hor\u00e1rio de funcionamento:<\/strong><br \/>\nSeg-Sex: 8:00-17:30<\/p>\n<\/div>","protected":false},"featured_media":1407,"comment_status":"open","ping_status":"closed","template":"","meta":{"_seopress_robots_primary_cat":"none","_seopress_titles_title":"","_seopress_titles_desc":"","_seopress_robots_index":""},"product_brand":[],"product_cat":[57],"product_tag":[],"class_list":{"0":"post-1406","1":"product","2":"type-product","3":"status-publish","4":"has-post-thumbnail","6":"product_cat-solids-control-equipments","8":"first","9":"instock","10":"shipping-taxable","11":"product-type-simple"},"yoast_head":"<!-- This site is optimized with the Yoast SEO plugin v25.1 - https:\/\/yoast.com\/wordpress\/plugins\/seo\/ -->\n<title>Screw pump - Solids Control World<\/title>\n<meta name=\"robots\" content=\"index, follow, max-snippet:-1, max-image-preview:large, max-video-preview:-1\" \/>\n<link rel=\"canonical\" href=\"https:\/\/solidscontrolworld.com\/pt\/product\/bomba-de-parafuso\/\" \/>\n<meta property=\"og:locale\" content=\"pt_BR\" \/>\n<meta property=\"og:type\" content=\"article\" \/>\n<meta property=\"og:title\" content=\"Screw pump - Solids Control World\" \/>\n<meta property=\"og:description\" content=\"OFFICE   Address:  Room 1924 ,Block D ,Wanda plaza, Tangshan city,\u00a0 China.  Contact  info@solidscontrolworld.com  Tel:  +86-18034158133  Fax:  +86-315-7651760  Website:www.solidscontrolworld.com  Opening Hours: Mon-Fri: 8:00-17:30\" \/>\n<meta property=\"og:url\" content=\"https:\/\/solidscontrolworld.com\/pt\/product\/bomba-de-parafuso\/\" \/>\n<meta property=\"og:site_name\" content=\"Solids Control World\" \/>\n<meta property=\"article:modified_time\" content=\"2022-08-24T05:23:23+00:00\" \/>\n<meta property=\"og:image\" content=\"https:\/\/solidscontrolworld.com\/wp-content\/uploads\/2021\/05\/\u7a3f\u5b9a\u8bbe\u8ba1-7.png\" \/>\n\t<meta property=\"og:image:width\" content=\"288\" \/>\n\t<meta property=\"og:image:height\" content=\"200\" \/>\n\t<meta property=\"og:image:type\" content=\"image\/png\" \/>\n<meta name=\"twitter:card\" content=\"summary_large_image\" \/>\n<meta name=\"twitter:label1\" content=\"Est. tempo de leitura\" \/>\n\t<meta name=\"twitter:data1\" content=\"3 minutos\" \/>\n<!-- \/ Yoast SEO plugin. -->","yoast_head_json":{"title":"Bomba de parafuso - Solids Control World","robots":{"index":"index","follow":"follow","max-snippet":"max-snippet:-1","max-image-preview":"max-image-preview:large","max-video-preview":"max-video-preview:-1"},"canonical":"https:\/\/solidscontrolworld.com\/pt\/product\/bomba-de-parafuso\/","og_locale":"pt_BR","og_type":"article","og_title":"Screw pump - Solids Control World","og_description":"OFFICE   Address:  Room 1924 ,Block D ,Wanda plaza, Tangshan city,\u00a0 China.  Contact  info@solidscontrolworld.com  Tel:  +86-18034158133  Fax:  +86-315-7651760  Website:www.solidscontrolworld.com  Opening Hours: Mon-Fri: 8:00-17:30","og_url":"https:\/\/solidscontrolworld.com\/pt\/product\/bomba-de-parafuso\/","og_site_name":"Solids Control World","article_modified_time":"2022-08-24T05:23:23+00:00","og_image":[{"width":288,"height":200,"url":"https:\/\/solidscontrolworld.com\/wp-content\/uploads\/2021\/05\/\u7a3f\u5b9a\u8bbe\u8ba1-7.png","type":"image\/png"}],"twitter_card":"summary_large_image","twitter_misc":{"Est. tempo de leitura":"3 minutos"},"schema":{"@context":"https:\/\/schema.org","@graph":[{"@type":"WebPage","@id":"https:\/\/solidscontrolworld.com\/product\/screw-pump\/","url":"https:\/\/solidscontrolworld.com\/product\/screw-pump\/","name":"Bomba de parafuso - Solids Control World","isPartOf":{"@id":"https:\/\/solidscontrolworld.com\/#website"},"primaryImageOfPage":{"@id":"https:\/\/solidscontrolworld.com\/product\/screw-pump\/#primaryimage"},"image":{"@id":"https:\/\/solidscontrolworld.com\/product\/screw-pump\/#primaryimage"},"thumbnailUrl":"https:\/\/solidscontrolworld.com\/wp-content\/uploads\/2021\/05\/\u7a3f\u5b9a\u8bbe\u8ba1-7.png","datePublished":"2021-05-05T14:10:15+00:00","dateModified":"2022-08-24T05:23:23+00:00","breadcrumb":{"@id":"https:\/\/solidscontrolworld.com\/product\/screw-pump\/#breadcrumb"},"inLanguage":"pt-BR","potentialAction":[{"@type":"ReadAction","target":["https:\/\/solidscontrolworld.com\/product\/screw-pump\/"]}]},{"@type":"ImageObject","inLanguage":"pt-BR","@id":"https:\/\/solidscontrolworld.com\/product\/screw-pump\/#primaryimage","url":"https:\/\/solidscontrolworld.com\/wp-content\/uploads\/2021\/05\/\u7a3f\u5b9a\u8bbe\u8ba1-7.png","contentUrl":"https:\/\/solidscontrolworld.com\/wp-content\/uploads\/2021\/05\/\u7a3f\u5b9a\u8bbe\u8ba1-7.png","width":288,"height":200},{"@type":"BreadcrumbList","@id":"https:\/\/solidscontrolworld.com\/product\/screw-pump\/#breadcrumb","itemListElement":[{"@type":"ListItem","position":1,"name":"Home","item":"https:\/\/solidscontrolworld.com\/"},{"@type":"ListItem","position":2,"name":"Products","item":"https:\/\/solidscontrolworld.com\/shop\/"},{"@type":"ListItem","position":3,"name":"Screw pump"}]},{"@type":"WebSite","@id":"https:\/\/solidscontrolworld.com\/#website","url":"https:\/\/solidscontrolworld.com\/","name":"Mundo de controle de s\u00f3lidos","description":"","publisher":{"@id":"https:\/\/solidscontrolworld.com\/#\/schema\/person\/2c126362537c0f0e6d4a8dfba9fc68b0"},"potentialAction":[{"@type":"SearchAction","target":{"@type":"EntryPoint","urlTemplate":"https:\/\/solidscontrolworld.com\/?s={search_term_string}"},"query-input":{"@type":"PropertyValueSpecification","valueRequired":true,"valueName":"search_term_string"}}],"inLanguage":"pt-BR"},{"@type":["Person","Organization"],"@id":"https:\/\/solidscontrolworld.com\/#\/schema\/person\/2c126362537c0f0e6d4a8dfba9fc68b0","name":"mundo de controle de s\u00f3lidos","logo":{"@id":"https:\/\/solidscontrolworld.com\/#\/schema\/person\/image\/"},"sameAs":["https:\/\/solidscontrolworld.com"]}]}},"_links":{"self":[{"href":"https:\/\/solidscontrolworld.com\/pt\/wp-json\/wp\/v2\/product\/1406","targetHints":{"allow":["GET"]}}],"collection":[{"href":"https:\/\/solidscontrolworld.com\/pt\/wp-json\/wp\/v2\/product"}],"about":[{"href":"https:\/\/solidscontrolworld.com\/pt\/wp-json\/wp\/v2\/types\/product"}],"replies":[{"embeddable":true,"href":"https:\/\/solidscontrolworld.com\/pt\/wp-json\/wp\/v2\/comments?post=1406"}],"version-history":[{"count":0,"href":"https:\/\/solidscontrolworld.com\/pt\/wp-json\/wp\/v2\/product\/1406\/revisions"}],"wp:featuredmedia":[{"embeddable":true,"href":"https:\/\/solidscontrolworld.com\/pt\/wp-json\/wp\/v2\/media\/1407"}],"wp:attachment":[{"href":"https:\/\/solidscontrolworld.com\/pt\/wp-json\/wp\/v2\/media?parent=1406"}],"wp:term":[{"taxonomy":"product_brand","embeddable":true,"href":"https:\/\/solidscontrolworld.com\/pt\/wp-json\/wp\/v2\/product_brand?post=1406"},{"taxonomy":"product_cat","embeddable":true,"href":"https:\/\/solidscontrolworld.com\/pt\/wp-json\/wp\/v2\/product_cat?post=1406"},{"taxonomy":"product_tag","embeddable":true,"href":"https:\/\/solidscontrolworld.com\/pt\/wp-json\/wp\/v2\/product_tag?post=1406"}],"curies":[{"name":"wp","href":"https:\/\/api.w.org\/{rel}","templated":true}]}}