{"id":1408,"date":"2021-05-05T14:12:35","date_gmt":"2021-05-05T14:12:35","guid":{"rendered":"https:\/\/solidscontrolworld.com\/?post_type=product&#038;p=1408"},"modified":"2022-08-24T05:25:22","modified_gmt":"2022-08-24T05:25:22","slug":"1408","status":"publish","type":"product","link":"https:\/\/solidscontrolworld.com\/pt\/product\/1408\/","title":{"rendered":"Bomba de cisalhamento"},"content":{"rendered":"<div class=\"flex_column av_one_full flex_column_div av-zero-column-padding first avia-builder-el-3 el_after_av_one_full el_before_av_textblock column-top-margin\">\n<section class=\"av_textblock_section\">\n<div class=\"avia_textblock\">\n<table border=\"0\" width=\"993\" cellspacing=\"0\" cellpadding=\"0\">\n<tbody>\n<tr>\n<td class=\"kso0\" width=\"244\">Modelo<\/td>\n<td class=\"kso1\" width=\"374\">ABJQB6545<\/td>\n<td class=\"kso2\" width=\"374\">ABJQB6535<\/td>\n<\/tr>\n<tr>\n<td class=\"kso3\" width=\"244\">Fluxo<\/td>\n<td class=\"kso4\" width=\"374\">120m\u00b3\/h<\/td>\n<td class=\"kso5\" width=\"374\">100m\u00b3\/h<\/td>\n<\/tr>\n<tr>\n<td class=\"kso6\" width=\"244\">Elevador<\/td>\n<td class=\"kso7\" width=\"374\">45 metros<\/td>\n<td class=\"kso8\" width=\"374\">35m<\/td>\n<\/tr>\n<tr>\n<td class=\"kso9\" width=\"244\">Poder<\/td>\n<td class=\"kso10\" width=\"374\">55 kW<\/td>\n<td class=\"kso11\" width=\"374\">37 kW<\/td>\n<\/tr>\n<tr>\n<td class=\"kso12\" width=\"244\">Velocidade<\/td>\n<td class=\"kso13\" width=\"374\">1450r\/min<\/td>\n<td class=\"kso14\" width=\"374\">1450r\/min<\/td>\n<\/tr>\n<tr>\n<td class=\"kso15\" width=\"244\">Peso<\/td>\n<td class=\"kso16\" width=\"374\">980 kg<\/td>\n<td class=\"kso17\" width=\"374\">800 kg<\/td>\n<\/tr>\n<\/tbody>\n<\/table>\n<\/div>\n<\/section>\n<\/div>\n<section class=\"av_textblock_section\">\n<div class=\"avia_textblock\">\n<h2>BOMBA DE CISALHAMENTO<\/h2>\n<p>Bombas de cisalhamento s\u00e3o usadas principalmente na fabrica\u00e7\u00e3o de fluidos como \u00f3leo. A maioria das ind\u00fastrias prefere produzir \u00f3leo junto com \u00e1gua, para a qual os l\u00edquidos precisam ser dispersos.<\/p>\n<p>Bombas de cisalhamento s\u00e3o usadas para criar for\u00e7as de cisalhamento eficazes na dispers\u00e3o de l\u00edquidos com diferentes densidades e estruturas moleculares. S\u00e3o amplamente preferidas pela maioria dos profissionais que trabalham em ind\u00fastrias e f\u00e1bricas.<\/p>\n<h2>CARACTER\u00cdSTICAS DA BOMBA DE CISALHAMENTO<\/h2>\n<p>Existem v\u00e1rios recursos de bombas de cisalhamento que podem torn\u00e1-las eficazes ao executar uma tarefa industrial, especialmente na dispers\u00e3o de fluidos.<\/p>\n<p><strong>Oferecemos dois modelos de bombas de cisalhamento para nossos clientes. Voc\u00ea pode escolher a bomba de cisalhamento de acordo com sua prefer\u00eancia e conveni\u00eancia.<\/strong><\/p>\n<p><strong>A caracter\u00edstica mais marcante de qualquer bomba de cisalhamento \u00e9 a quantidade de fluido que ela permite passar por metro c\u00fabico\/hora. Projetamos as bombas de cisalhamento de forma a fornecer um alto fluxo de fluido com uma enorme for\u00e7a de cisalhamento, o que \u00e9 muito eficiente na dispers\u00e3o do fluido.<\/strong><\/p>\n<p><strong>A pot\u00eancia e a efici\u00eancia de qualquer m\u00e1quina s\u00e3o diretamente proporcionais. Projetamos nossas bombas de cisalhamento com alta pot\u00eancia, o que as torna muito eficientes. Voc\u00ea pode concluir suas tarefas facilmente usando bombas de cisalhamento para dispersar qualquer tipo de l\u00edquido.\u00a0<\/strong><\/p>\n<p><strong>Bombas de cisalhamento s\u00e3o utilizadas para gerar for\u00e7as de cisalhamento que exigem alta velocidade. Uma das caracter\u00edsticas do nosso produto \u00e9 sua alta velocidade, que permite produzir uma for\u00e7a de cisalhamento eficiente, tornando a dispers\u00e3o de l\u00edquidos muito f\u00e1cil e r\u00e1pida.\u00a0<\/strong><\/p>\n<h2>BENEF\u00cdCIOS DA BOMBA DE CISALHAMENTO<\/h2>\n<p>Voc\u00ea pode obter v\u00e1rios benef\u00edcios usando bombas de cisalhamento especialmente projetadas para a fabrica\u00e7\u00e3o de fluidos que devem ser dispersos uniformemente.<\/p>\n<p><strong>Bombas de cisalhamento podem tornar sua produ\u00e7\u00e3o mais r\u00e1pida porque fornecem alta dispers\u00e3o de fluidos com diferentes densidades.<\/strong><\/p>\n<p><strong>Eles s\u00e3o muito eficientes na execu\u00e7\u00e3o de servi\u00e7os de alta qualidade, reduzindo ao m\u00e1ximo a for\u00e7a de cisalhamento.<\/strong><\/p>\n<p><strong>Possui alta pot\u00eancia, o que o torna eficiente e pr\u00e1tico de usar.<\/strong><\/p>\n<p><strong>As bombas de cisalhamento fabricadas por n\u00f3s s\u00e3o muito acess\u00edveis e de alta qualidade.<\/strong><\/p>\n<p><strong>Voc\u00ea pode concluir sua tarefa industrial em menos tempo, o que significa que pode economizar muito tempo usando uma bomba de cisalhamento.<\/strong><\/p>\n<h3>Conclus\u00e3o<\/h3>\n<p>Oferecemos as melhores bombas de cisalhamento em dois modelos que podem ser utilizados por trabalhadores industriais. Elas s\u00e3o muito eficientes na dispers\u00e3o de fluidos com diferentes densidades. Voc\u00ea pode usar bombas de cisalhamento da melhor qualidade, que prometem qualidade e diversos recursos. Diversos benef\u00edcios ser\u00e3o muito significativos para sua produ\u00e7\u00e3o.<\/p>\n<p>Confira tamb\u00e9m\u00a0<a href=\"https:\/\/solidscontrolworld.com\/pt\/bomba-de-polpa\/\">Bomba de polpa<\/a>\u00a0da nossa loja.<\/p>\n<\/div>\n<\/section>","protected":false},"excerpt":{"rendered":"<h3 class=\"widgettitle\">ESCRIT\u00d3RIO<\/h3>\n<div class=\"textwidget\">\n<p><strong>Endere\u00e7o:<\/strong><\/p>\n<p>Sala 1924, Bloco D, Pra\u00e7a Wanda, cidade de Tangshan, China.<\/p>\n<p><strong>Contato<\/strong><\/p>\n<p>info@solidscontrolworld.com<\/p>\n<p><strong>Telefone:<\/strong><\/p>\n<p>+86-18034158133<\/p>\n<p><strong>Fax:<\/strong><\/p>\n<p>+86-315-7651760<\/p>\n<p>Site: www.solidscontrolworld.com<\/p>\n<p><strong>Hor\u00e1rio de funcionamento:<\/strong><br \/>\nSeg-Sex: 8:00-17:30<\/p>\n<\/div>","protected":false},"featured_media":1409,"comment_status":"open","ping_status":"closed","template":"","meta":{"_seopress_robots_primary_cat":"none","_seopress_titles_title":"","_seopress_titles_desc":"","_seopress_robots_index":""},"product_brand":[],"product_cat":[57],"product_tag":[],"class_list":{"0":"post-1408","1":"product","2":"type-product","3":"status-publish","4":"has-post-thumbnail","6":"product_cat-solids-control-equipments","8":"first","9":"instock","10":"shipping-taxable","11":"product-type-simple"},"yoast_head":"<!-- This site is optimized with the Yoast SEO plugin v25.1 - https:\/\/yoast.com\/wordpress\/plugins\/seo\/ -->\n<title>Shear pump - Solids Control World<\/title>\n<meta name=\"robots\" content=\"index, follow, max-snippet:-1, max-image-preview:large, max-video-preview:-1\" \/>\n<link rel=\"canonical\" href=\"https:\/\/solidscontrolworld.com\/pt\/product\/1408\/\" \/>\n<meta property=\"og:locale\" content=\"pt_BR\" \/>\n<meta property=\"og:type\" content=\"article\" \/>\n<meta property=\"og:title\" content=\"Shear pump - Solids Control World\" \/>\n<meta property=\"og:description\" content=\"OFFICE   Address:  Room 1924 ,Block D ,Wanda plaza, Tangshan city,\u00a0 China.  Contact  info@solidscontrolworld.com  Tel:  +86-18034158133  Fax:  +86-315-7651760  Website:www.solidscontrolworld.com  Opening Hours: Mon-Fri: 8:00-17:30\" \/>\n<meta property=\"og:url\" content=\"https:\/\/solidscontrolworld.com\/pt\/product\/1408\/\" \/>\n<meta property=\"og:site_name\" content=\"Solids Control World\" \/>\n<meta property=\"article:modified_time\" content=\"2022-08-24T05:25:22+00:00\" \/>\n<meta property=\"og:image\" content=\"https:\/\/solidscontrolworld.com\/wp-content\/uploads\/2021\/05\/\u7a3f\u5b9a\u8bbe\u8ba1-10.png\" \/>\n\t<meta property=\"og:image:width\" content=\"252\" \/>\n\t<meta property=\"og:image:height\" content=\"200\" \/>\n\t<meta property=\"og:image:type\" content=\"image\/png\" \/>\n<meta name=\"twitter:card\" content=\"summary_large_image\" \/>\n<meta name=\"twitter:label1\" content=\"Est. tempo de leitura\" \/>\n\t<meta name=\"twitter:data1\" content=\"2 minutos\" \/>\n<!-- \/ Yoast SEO plugin. -->","yoast_head_json":{"title":"Bomba de cisalhamento - Solids Control World","robots":{"index":"index","follow":"follow","max-snippet":"max-snippet:-1","max-image-preview":"max-image-preview:large","max-video-preview":"max-video-preview:-1"},"canonical":"https:\/\/solidscontrolworld.com\/pt\/product\/1408\/","og_locale":"pt_BR","og_type":"article","og_title":"Shear pump - Solids Control World","og_description":"OFFICE   Address:  Room 1924 ,Block D ,Wanda plaza, Tangshan city,\u00a0 China.  Contact  info@solidscontrolworld.com  Tel:  +86-18034158133  Fax:  +86-315-7651760  Website:www.solidscontrolworld.com  Opening Hours: Mon-Fri: 8:00-17:30","og_url":"https:\/\/solidscontrolworld.com\/pt\/product\/1408\/","og_site_name":"Solids Control World","article_modified_time":"2022-08-24T05:25:22+00:00","og_image":[{"width":252,"height":200,"url":"https:\/\/solidscontrolworld.com\/wp-content\/uploads\/2021\/05\/\u7a3f\u5b9a\u8bbe\u8ba1-10.png","type":"image\/png"}],"twitter_card":"summary_large_image","twitter_misc":{"Est. tempo de leitura":"2 minutos"},"schema":{"@context":"https:\/\/schema.org","@graph":[{"@type":"WebPage","@id":"https:\/\/solidscontrolworld.com\/product\/1408\/","url":"https:\/\/solidscontrolworld.com\/product\/1408\/","name":"Bomba de cisalhamento - Solids Control World","isPartOf":{"@id":"https:\/\/solidscontrolworld.com\/#website"},"primaryImageOfPage":{"@id":"https:\/\/solidscontrolworld.com\/product\/1408\/#primaryimage"},"image":{"@id":"https:\/\/solidscontrolworld.com\/product\/1408\/#primaryimage"},"thumbnailUrl":"https:\/\/solidscontrolworld.com\/wp-content\/uploads\/2021\/05\/\u7a3f\u5b9a\u8bbe\u8ba1-10.png","datePublished":"2021-05-05T14:12:35+00:00","dateModified":"2022-08-24T05:25:22+00:00","breadcrumb":{"@id":"https:\/\/solidscontrolworld.com\/product\/1408\/#breadcrumb"},"inLanguage":"pt-BR","potentialAction":[{"@type":"ReadAction","target":["https:\/\/solidscontrolworld.com\/product\/1408\/"]}]},{"@type":"ImageObject","inLanguage":"pt-BR","@id":"https:\/\/solidscontrolworld.com\/product\/1408\/#primaryimage","url":"https:\/\/solidscontrolworld.com\/wp-content\/uploads\/2021\/05\/\u7a3f\u5b9a\u8bbe\u8ba1-10.png","contentUrl":"https:\/\/solidscontrolworld.com\/wp-content\/uploads\/2021\/05\/\u7a3f\u5b9a\u8bbe\u8ba1-10.png","width":252,"height":200},{"@type":"BreadcrumbList","@id":"https:\/\/solidscontrolworld.com\/product\/1408\/#breadcrumb","itemListElement":[{"@type":"ListItem","position":1,"name":"Home","item":"https:\/\/solidscontrolworld.com\/"},{"@type":"ListItem","position":2,"name":"Products","item":"https:\/\/solidscontrolworld.com\/shop\/"},{"@type":"ListItem","position":3,"name":"Shear pump"}]},{"@type":"WebSite","@id":"https:\/\/solidscontrolworld.com\/#website","url":"https:\/\/solidscontrolworld.com\/","name":"Mundo de controle de s\u00f3lidos","description":"","publisher":{"@id":"https:\/\/solidscontrolworld.com\/#\/schema\/person\/2c126362537c0f0e6d4a8dfba9fc68b0"},"potentialAction":[{"@type":"SearchAction","target":{"@type":"EntryPoint","urlTemplate":"https:\/\/solidscontrolworld.com\/?s={search_term_string}"},"query-input":{"@type":"PropertyValueSpecification","valueRequired":true,"valueName":"search_term_string"}}],"inLanguage":"pt-BR"},{"@type":["Person","Organization"],"@id":"https:\/\/solidscontrolworld.com\/#\/schema\/person\/2c126362537c0f0e6d4a8dfba9fc68b0","name":"mundo de controle de s\u00f3lidos","logo":{"@id":"https:\/\/solidscontrolworld.com\/#\/schema\/person\/image\/"},"sameAs":["https:\/\/solidscontrolworld.com"]}]}},"_links":{"self":[{"href":"https:\/\/solidscontrolworld.com\/pt\/wp-json\/wp\/v2\/product\/1408","targetHints":{"allow":["GET"]}}],"collection":[{"href":"https:\/\/solidscontrolworld.com\/pt\/wp-json\/wp\/v2\/product"}],"about":[{"href":"https:\/\/solidscontrolworld.com\/pt\/wp-json\/wp\/v2\/types\/product"}],"replies":[{"embeddable":true,"href":"https:\/\/solidscontrolworld.com\/pt\/wp-json\/wp\/v2\/comments?post=1408"}],"version-history":[{"count":0,"href":"https:\/\/solidscontrolworld.com\/pt\/wp-json\/wp\/v2\/product\/1408\/revisions"}],"wp:featuredmedia":[{"embeddable":true,"href":"https:\/\/solidscontrolworld.com\/pt\/wp-json\/wp\/v2\/media\/1409"}],"wp:attachment":[{"href":"https:\/\/solidscontrolworld.com\/pt\/wp-json\/wp\/v2\/media?parent=1408"}],"wp:term":[{"taxonomy":"product_brand","embeddable":true,"href":"https:\/\/solidscontrolworld.com\/pt\/wp-json\/wp\/v2\/product_brand?post=1408"},{"taxonomy":"product_cat","embeddable":true,"href":"https:\/\/solidscontrolworld.com\/pt\/wp-json\/wp\/v2\/product_cat?post=1408"},{"taxonomy":"product_tag","embeddable":true,"href":"https:\/\/solidscontrolworld.com\/pt\/wp-json\/wp\/v2\/product_tag?post=1408"}],"curies":[{"name":"wp","href":"https:\/\/api.w.org\/{rel}","templated":true}]}}