{"id":1412,"date":"2021-05-05T14:17:44","date_gmt":"2021-05-05T14:17:44","guid":{"rendered":"https:\/\/solidscontrolworld.com\/?post_type=product&#038;p=1412"},"modified":"2021-05-05T14:39:38","modified_gmt":"2021-05-05T14:39:38","slug":"bomba-de-diafragma","status":"publish","type":"product","link":"https:\/\/solidscontrolworld.com\/pt\/product\/bomba-de-diafragma\/","title":{"rendered":"Bomba de diafragma"},"content":{"rendered":"<h2>BOMBA DE DIAFRAGMA<\/h2>\n<p>As bombas de diafragma s\u00e3o utilizadas principalmente por trabalhadores industriais. S\u00e3o especialmente projetadas para a transfer\u00eancia de fluidos. Na maioria dos casos, as ind\u00fastrias as utilizam para a remo\u00e7\u00e3o de \u00e1gua de um local espec\u00edfico.<\/p>\n<p>Eles s\u00e3o amplamente utilizados na ind\u00fastria para fins de desidrata\u00e7\u00e3o e enchimento porque s\u00e3o muito espec\u00edficos e eficientes durante o trabalho. Vamos dar uma olhada em alguns dos recursos mais importantes, juntamente com os benef\u00edcios que voc\u00ea pode buscar<\/p>\n<h2>CARACTER\u00cdSTICAS DA BOMBA DE DIAFRAGMA:<\/h2>\n<p>Algumas das caracter\u00edsticas espec\u00edficas desta bomba s\u00e3o descritas abaixo para que voc\u00ea tenha uma melhor ideia sobre o produto.<\/p>\n<h3>Tipos de bombas<\/h3>\n<p>Oferecemos cinco tipos de bombas: bomba de ar, bomba el\u00e9trica, bomba de diafragma sanit\u00e1ria, bomba dosadora e bomba dosadora mec\u00e2nica. Elas s\u00e3o utilizadas para diferentes fins industriais.<\/p>\n<h3>V\u00e1rios modelos dispon\u00edveis<\/h3>\n<p>Oferecemos diversos modelos para cada tipo de bomba, para a conveni\u00eancia dos nossos clientes. Confira a variedade de modelos e escolha de acordo com suas necessidades e requisitos.<\/p>\n<h3>Fluxo e eleva\u00e7\u00e3o m\u00e1ximos<\/h3>\n<p>Essas bombas s\u00e3o usadas para regular o fluxo de fluidos, especialmente na desidrata\u00e7\u00e3o ou no enchimento de \u00e1reas espec\u00edficas. \u00c9 por isso que a vaz\u00e3o e a eleva\u00e7\u00e3o m\u00e1ximas do nosso produto s\u00e3o muito altas, tornando-o ainda mais eficiente.<\/p>\n<h3>Suc\u00e7\u00e3o e sa\u00edda m\u00e1ximas<\/h3>\n<p>A suc\u00e7\u00e3o da \u00e1gua tamb\u00e9m \u00e9 uma das caracter\u00edsticas mais importantes desta bomba. Cuidamos disso, proporcionando a m\u00e1xima suc\u00e7\u00e3o e press\u00e3o de sa\u00edda para nossas bombas. Para encher ou drenar a \u00e1gua, a pot\u00eancia de sa\u00edda e suc\u00e7\u00e3o dessas bombas deve ser excelente.<\/p>\n<h2>BENEF\u00cdCIOS DA BOMBA DE DIAFRAGMA<\/h2>\n<p>Existem v\u00e1rios benef\u00edcios das bombas, especialmente no setor industrial.<\/p>\n<p><strong>Essas bombas s\u00e3o muito convenientes para encher e drenar uma \u00e1rea espec\u00edfica do fluido presente.\u00a0<\/strong><\/p>\n<p><strong>Voc\u00ea pode concluir sua tarefa mais rapidamente usando uma bomba.\u00a0<\/strong><\/p>\n<p><strong>Oferecemos algumas das mais incr\u00edveis variedades de bombas que voc\u00ea pode obter a pre\u00e7os acess\u00edveis.\u00a0<\/strong><\/p>\n<p><strong>A efici\u00eancia e a produ\u00e7\u00e3o das bombas fornecidas por n\u00f3s s\u00e3o muito altas, o que pode tornar sua tarefa industrial conveniente e f\u00e1cil.<\/strong><\/p>\n<p><strong>Isso economizar\u00e1 muito tempo, que poder\u00e1 ser investido por voc\u00ea em outras tarefas diversas.\u00a0<\/strong><\/p>\n<h3>Conclus\u00e3o<\/h3>\n<p>Essas bombas s\u00e3o muito vantajosas para a execu\u00e7\u00e3o de tarefas industriais. Aqui est\u00e3o descritas algumas das principais caracter\u00edsticas e benef\u00edcios que nossos produtos podem oferecer. Voc\u00ea pode conferir nossa enorme variedade de bombas e comprar o produto de acordo com suas necessidades.<\/p>\n<p>Confira\u00a0<a href=\"https:\/\/solidscontrolworld.com\/pt\/bomba-centrifuga\/\">Bomba centr\u00edfuga<\/a>\u00a0da nossa loja.<\/p>","protected":false},"excerpt":{"rendered":"<h3 class=\"widgettitle\">ESCRIT\u00d3RIO<\/h3>\n<div class=\"textwidget\">\n<p><strong>Endere\u00e7o<\/strong><br \/>\n10800 West Pico Boulevard<br \/>\nLos Angeles, EUA<\/p>\n<p><strong>Contato<\/strong><br \/>\noffice@en-co.com<br \/>\n555-3587 347<\/p>\n<p><strong>Hor\u00e1rio de funcionamento:<\/strong><br \/>\nSeg-Sex: 8:00-19:00<br \/>\nS\u00e1b: 8:00-14:00<br \/>\nEnt\u00e3o: fechado<\/p>\n<\/div>","protected":false},"featured_media":1413,"comment_status":"open","ping_status":"closed","template":"","meta":{"_seopress_robots_primary_cat":"","_seopress_titles_title":"","_seopress_titles_desc":"","_seopress_robots_index":""},"product_brand":[],"product_cat":[57],"product_tag":[],"class_list":{"0":"post-1412","1":"product","2":"type-product","3":"status-publish","4":"has-post-thumbnail","6":"product_cat-solids-control-equipments","8":"first","9":"instock","10":"shipping-taxable","11":"product-type-simple"},"yoast_head":"<!-- This site is optimized with the Yoast SEO plugin v25.1 - https:\/\/yoast.com\/wordpress\/plugins\/seo\/ -->\n<title>Diaphragm pump - Solids Control World<\/title>\n<meta name=\"robots\" content=\"index, follow, max-snippet:-1, max-image-preview:large, max-video-preview:-1\" \/>\n<link rel=\"canonical\" href=\"https:\/\/solidscontrolworld.com\/pt\/product\/bomba-de-diafragma\/\" \/>\n<meta property=\"og:locale\" content=\"pt_BR\" \/>\n<meta property=\"og:type\" content=\"article\" \/>\n<meta property=\"og:title\" content=\"Diaphragm pump - Solids Control World\" \/>\n<meta property=\"og:description\" content=\"OFFICE   Address 10800 West Pico Boulevard Los Angeles, USA  Contact office@en-co.com 555-3587 347  Opening Hours: Mo-Fr: 8:00-19:00 Sa: 8:00-14:00 So: closed\" \/>\n<meta property=\"og:url\" content=\"https:\/\/solidscontrolworld.com\/pt\/product\/bomba-de-diafragma\/\" \/>\n<meta property=\"og:site_name\" content=\"Solids Control World\" \/>\n<meta property=\"article:modified_time\" content=\"2021-05-05T14:39:38+00:00\" \/>\n<meta property=\"og:image\" content=\"https:\/\/solidscontrolworld.com\/wp-content\/uploads\/2021\/05\/\u7a3f\u5b9a\u8bbe\u8ba1-14.png\" \/>\n\t<meta property=\"og:image:width\" content=\"297\" \/>\n\t<meta property=\"og:image:height\" content=\"200\" \/>\n\t<meta property=\"og:image:type\" content=\"image\/png\" \/>\n<meta name=\"twitter:card\" content=\"summary_large_image\" \/>\n<meta name=\"twitter:label1\" content=\"Est. tempo de leitura\" \/>\n\t<meta name=\"twitter:data1\" content=\"2 minutos\" \/>\n<!-- \/ Yoast SEO plugin. -->","yoast_head_json":{"title":"Bomba de diafragma - Solids Control World","robots":{"index":"index","follow":"follow","max-snippet":"max-snippet:-1","max-image-preview":"max-image-preview:large","max-video-preview":"max-video-preview:-1"},"canonical":"https:\/\/solidscontrolworld.com\/pt\/product\/bomba-de-diafragma\/","og_locale":"pt_BR","og_type":"article","og_title":"Diaphragm pump - Solids Control World","og_description":"OFFICE   Address 10800 West Pico Boulevard Los Angeles, USA  Contact office@en-co.com 555-3587 347  Opening Hours: Mo-Fr: 8:00-19:00 Sa: 8:00-14:00 So: closed","og_url":"https:\/\/solidscontrolworld.com\/pt\/product\/bomba-de-diafragma\/","og_site_name":"Solids Control World","article_modified_time":"2021-05-05T14:39:38+00:00","og_image":[{"width":297,"height":200,"url":"https:\/\/solidscontrolworld.com\/wp-content\/uploads\/2021\/05\/\u7a3f\u5b9a\u8bbe\u8ba1-14.png","type":"image\/png"}],"twitter_card":"summary_large_image","twitter_misc":{"Est. tempo de leitura":"2 minutos"},"schema":{"@context":"https:\/\/schema.org","@graph":[{"@type":"WebPage","@id":"https:\/\/solidscontrolworld.com\/product\/diaphragm-pump\/","url":"https:\/\/solidscontrolworld.com\/product\/diaphragm-pump\/","name":"Bomba de diafragma - Solids Control World","isPartOf":{"@id":"https:\/\/solidscontrolworld.com\/#website"},"primaryImageOfPage":{"@id":"https:\/\/solidscontrolworld.com\/product\/diaphragm-pump\/#primaryimage"},"image":{"@id":"https:\/\/solidscontrolworld.com\/product\/diaphragm-pump\/#primaryimage"},"thumbnailUrl":"https:\/\/solidscontrolworld.com\/wp-content\/uploads\/2021\/05\/\u7a3f\u5b9a\u8bbe\u8ba1-14.png","datePublished":"2021-05-05T14:17:44+00:00","dateModified":"2021-05-05T14:39:38+00:00","breadcrumb":{"@id":"https:\/\/solidscontrolworld.com\/product\/diaphragm-pump\/#breadcrumb"},"inLanguage":"pt-BR","potentialAction":[{"@type":"ReadAction","target":["https:\/\/solidscontrolworld.com\/product\/diaphragm-pump\/"]}]},{"@type":"ImageObject","inLanguage":"pt-BR","@id":"https:\/\/solidscontrolworld.com\/product\/diaphragm-pump\/#primaryimage","url":"https:\/\/solidscontrolworld.com\/wp-content\/uploads\/2021\/05\/\u7a3f\u5b9a\u8bbe\u8ba1-14.png","contentUrl":"https:\/\/solidscontrolworld.com\/wp-content\/uploads\/2021\/05\/\u7a3f\u5b9a\u8bbe\u8ba1-14.png","width":297,"height":200},{"@type":"BreadcrumbList","@id":"https:\/\/solidscontrolworld.com\/product\/diaphragm-pump\/#breadcrumb","itemListElement":[{"@type":"ListItem","position":1,"name":"Home","item":"https:\/\/solidscontrolworld.com\/"},{"@type":"ListItem","position":2,"name":"Products","item":"https:\/\/solidscontrolworld.com\/shop\/"},{"@type":"ListItem","position":3,"name":"Diaphragm pump"}]},{"@type":"WebSite","@id":"https:\/\/solidscontrolworld.com\/#website","url":"https:\/\/solidscontrolworld.com\/","name":"Mundo de controle de s\u00f3lidos","description":"","publisher":{"@id":"https:\/\/solidscontrolworld.com\/#\/schema\/person\/2c126362537c0f0e6d4a8dfba9fc68b0"},"potentialAction":[{"@type":"SearchAction","target":{"@type":"EntryPoint","urlTemplate":"https:\/\/solidscontrolworld.com\/?s={search_term_string}"},"query-input":{"@type":"PropertyValueSpecification","valueRequired":true,"valueName":"search_term_string"}}],"inLanguage":"pt-BR"},{"@type":["Person","Organization"],"@id":"https:\/\/solidscontrolworld.com\/#\/schema\/person\/2c126362537c0f0e6d4a8dfba9fc68b0","name":"mundo de controle de s\u00f3lidos","logo":{"@id":"https:\/\/solidscontrolworld.com\/#\/schema\/person\/image\/"},"sameAs":["https:\/\/solidscontrolworld.com"]}]}},"_links":{"self":[{"href":"https:\/\/solidscontrolworld.com\/pt\/wp-json\/wp\/v2\/product\/1412","targetHints":{"allow":["GET"]}}],"collection":[{"href":"https:\/\/solidscontrolworld.com\/pt\/wp-json\/wp\/v2\/product"}],"about":[{"href":"https:\/\/solidscontrolworld.com\/pt\/wp-json\/wp\/v2\/types\/product"}],"replies":[{"embeddable":true,"href":"https:\/\/solidscontrolworld.com\/pt\/wp-json\/wp\/v2\/comments?post=1412"}],"version-history":[{"count":0,"href":"https:\/\/solidscontrolworld.com\/pt\/wp-json\/wp\/v2\/product\/1412\/revisions"}],"wp:featuredmedia":[{"embeddable":true,"href":"https:\/\/solidscontrolworld.com\/pt\/wp-json\/wp\/v2\/media\/1413"}],"wp:attachment":[{"href":"https:\/\/solidscontrolworld.com\/pt\/wp-json\/wp\/v2\/media?parent=1412"}],"wp:term":[{"taxonomy":"product_brand","embeddable":true,"href":"https:\/\/solidscontrolworld.com\/pt\/wp-json\/wp\/v2\/product_brand?post=1412"},{"taxonomy":"product_cat","embeddable":true,"href":"https:\/\/solidscontrolworld.com\/pt\/wp-json\/wp\/v2\/product_cat?post=1412"},{"taxonomy":"product_tag","embeddable":true,"href":"https:\/\/solidscontrolworld.com\/pt\/wp-json\/wp\/v2\/product_tag?post=1412"}],"curies":[{"name":"wp","href":"https:\/\/api.w.org\/{rel}","templated":true}]}}