{"id":1414,"date":"2021-05-05T14:19:34","date_gmt":"2021-05-05T14:19:34","guid":{"rendered":"https:\/\/solidscontrolworld.com\/?post_type=product&#038;p=1414"},"modified":"2022-08-24T05:28:26","modified_gmt":"2022-08-24T05:28:26","slug":"arma-de-lama","status":"publish","type":"product","link":"https:\/\/solidscontrolworld.com\/pt\/product\/arma-de-lama\/","title":{"rendered":"Pistola de lama"},"content":{"rendered":"<div class=\"flex_column av_one_full flex_column_div av-zero-column-padding first avia-builder-el-3 el_after_av_one_full el_before_av_textblock column-top-margin\">\n<section class=\"av_textblock_section\">\n<div class=\"avia_textblock\">\n<table border=\"0\" width=\"1159\" cellspacing=\"0\" cellpadding=\"0\">\n<tbody>\n<tr>\n<td class=\"kso0\" width=\"218\">Modelo<\/td>\n<td class=\"kso1\" width=\"250\">ABNJQ503<\/td>\n<td class=\"kso2\" width=\"219\">ABNJQ501<\/td>\n<td class=\"kso3\" width=\"250\">ABNJQ803<\/td>\n<td class=\"kso4\" width=\"219\">ABNJQ801<\/td>\n<\/tr>\n<tr>\n<td class=\"kso5\" width=\"218\">Di\u00e2metro<\/td>\n<td class=\"kso6\" width=\"250\">2\u201d(\u03a650)<\/td>\n<td class=\"kso7\" width=\"219\">2\u201d(\u03a650)<\/td>\n<td class=\"kso8\" width=\"250\">3\u201d(\u03a680)<\/td>\n<td class=\"kso9\" width=\"219\">3\u201d(\u03a680)<\/td>\n<\/tr>\n<tr>\n<td class=\"kso10\" width=\"218\">ID da v\u00e1lvula<\/td>\n<td class=\"kso11\" width=\"250\">50 mm<\/td>\n<td class=\"kso12\" width=\"219\">50 mm<\/td>\n<td class=\"kso13\" width=\"250\">80 mm<\/td>\n<td class=\"kso14\" width=\"219\">80 mm<\/td>\n<\/tr>\n<tr>\n<td class=\"kso15\" width=\"218\">Tamanho da interface<\/td>\n<td class=\"kso16\" width=\"250\">2\u2033<\/td>\n<td class=\"kso17\" width=\"219\">2\u2033<\/td>\n<td class=\"kso18\" width=\"250\">3\u2033<\/td>\n<td class=\"kso19\" width=\"219\">3\u2033<\/td>\n<\/tr>\n<tr>\n<td class=\"kso20\" width=\"218\">Press\u00e3o<\/td>\n<td class=\"kso21\" width=\"250\">1,6\/3,2\/6,4 Mpa<\/td>\n<td class=\"kso22\" width=\"219\">1,6\/3,2\/6,4 Mpa<\/td>\n<td class=\"kso23\" width=\"250\">1,6\/3,2\/6,4 Mpa<\/td>\n<td class=\"kso24\" width=\"219\">1,6\/3,2\/6,4 Mpa<\/td>\n<\/tr>\n<tr>\n<td class=\"kso25\" width=\"218\">N\u00famero do bico<\/td>\n<td class=\"kso26\" width=\"250\">3<\/td>\n<td class=\"kso27\" width=\"219\">1<\/td>\n<td class=\"kso28\" width=\"250\">3<\/td>\n<td class=\"kso29\" width=\"219\">1<\/td>\n<\/tr>\n<tr>\n<td class=\"kso30\" width=\"218\">\u00c2ngulo de rota\u00e7\u00e3o<\/td>\n<td class=\"kso31\" width=\"250\">120\u00b0\/0<\/td>\n<td class=\"kso32\" width=\"219\">120\u00b0<\/td>\n<td class=\"kso33\" width=\"250\">120\u00b0\/0<\/td>\n<td class=\"kso34\" width=\"219\">120\u00b0<\/td>\n<\/tr>\n<tr>\n<td class=\"kso35\" width=\"218\">Observa\u00e7\u00e3o<\/td>\n<td class=\"kso36\" width=\"250\">girar\/n\u00e3o girar<\/td>\n<td class=\"kso37\" width=\"219\">girar<\/td>\n<td class=\"kso38\" width=\"250\">girar\/n\u00e3o girar<\/td>\n<td class=\"kso39\" width=\"219\">girar<\/td>\n<\/tr>\n<\/tbody>\n<\/table>\n<\/div>\n<\/section>\n<\/div>\n<section class=\"av_textblock_section\">\n<div class=\"avia_textblock\">\n<h2>PISTOLA DE LAMA<\/h2>\n<p>Uma pistola de lama \u00e9 uma ferramenta eficiente usada para misturar a lama de perfura\u00e7\u00e3o em um movimento circulat\u00f3rio espec\u00edfico. Ela tamb\u00e9m evita que a lama se deposite em um local espec\u00edfico ou precipite. Elas s\u00e3o usadas em sistemas de controle de s\u00f3lidos, especialmente em plataformas de perfura\u00e7\u00e3o, o que as torna eficazes para fins industriais e de constru\u00e7\u00e3o.<\/p>\n<h2>CARACTER\u00cdSTICAS DA PISTOLA DE LAMA<\/h2>\n<p>Apresentamos abaixo diversas caracter\u00edsticas de uma pistola de lama. Voc\u00ea pode dar uma olhada para ter uma ideia melhor do nosso produto.<\/p>\n<p>4 modelos est\u00e3o dispon\u00edveis conosco. Cada modelo \u00e9 o melhor em design e efici\u00eancia. Varia em diferentes caracter\u00edsticas espec\u00edficas de cada tipo.<\/p>\n<h3>Di\u00e2metro<\/h3>\n<p>O di\u00e2metro da pistola de lama determina a quantidade de lama que ela pode perfurar. Ela est\u00e1 dispon\u00edvel em di\u00e2metros 2 e 3, o que a torna muito eficaz.<\/p>\n<h3>Press\u00e3o<\/h3>\n<p>Cada modelo tem sua press\u00e3o. Voc\u00ea pode comprar de acordo com suas necessidades e requisitos para uma tarefa espec\u00edfica que esteja tentando executar. Depende de muitos fatores.<\/p>\n<h3>N\u00famero do bico<\/h3>\n<p>Para dois dos modelos, o n\u00famero do bico \u00e9 1, enquanto para os outros dois n\u00fameros de bico \u00e9 3.<\/p>\n<h3>\u00c2ngulo de rota\u00e7\u00e3o<\/h3>\n<p>O \u00e2ngulo de rota\u00e7\u00e3o de cada pistola \u00e9 de 120\u00b0, o que lhe confere um alto poder de rota\u00e7\u00e3o.<\/p>\n<h3>Tamanho da interface<\/h3>\n<p>O tamanho da interface dos dois modelos de pistola de lama \u00e9 2, enquanto os outros dois t\u00eam um tamanho de interface de 3.<\/p>\n<h3>ID da v\u00e1lvula<\/h3>\n<p>O ID da v\u00e1lvula \u00e9 de 50 mm para dois modelos, enquanto os outros dois t\u00eam um ID de v\u00e1lvula de 80 mm.<\/p>\n<h2>BENEF\u00cdCIOS DA PISTOLA DE LAMA<\/h2>\n<p>Voc\u00ea pode obter v\u00e1rios benef\u00edcios com esta arma. Alguns dos mais importantes est\u00e3o listados abaixo.<\/p>\n<p><strong>Ele permite que voc\u00ea tenha controle adequado ao misturar e perfurar a lama.\u00a0<\/strong><\/p>\n<p><strong>\u00c9 muito acess\u00edvel e tamb\u00e9m proporciona efici\u00eancia.<\/strong><\/p>\n<p><strong>O peso da pistola de lama \u00e9 muito leve, o que a torna muito conveniente.\u00a0<\/strong><\/p>\n<p><strong>Ele pode misturar e perfurar lama em diferentes compartimentos, o que o torna muito conveniente.\u00a0<\/strong><\/p>\n<p><strong>Voc\u00ea pode regular o fluxo de acordo com sua escolha<\/strong><\/p>\n<p><strong>Nossas pistolas de lama s\u00e3o de alta qualidade e duram mais do que voc\u00ea imagina.\u00a0<\/strong><\/p>\n<p><strong>Eles s\u00e3o muito f\u00e1ceis e pr\u00e1ticos de usar.\u00a0<\/strong><\/p>\n<h3>Conclus\u00e3o<\/h3>\n<p>Alguns dos melhores recursos e benef\u00edcios que voc\u00ea pode obter com nossa pistola de lama s\u00e3o mencionados. Voc\u00ea pode conferir nosso produto e comprar de acordo com suas necessidades, dentre os diversos modelos dispon\u00edveis. Eles s\u00e3o ben\u00e9ficos para diversos fins industriais e comerciais.<\/p>\n<p>Confira tamb\u00e9m\u00a0<a href=\"https:\/\/solidscontrolworld.com\/pt\/agitador-de-lama\/\">Agitador de lama<\/a>\u00a0da nossa loja.<\/p>\n<\/div>\n<\/section>","protected":false},"excerpt":{"rendered":"<h3 class=\"widgettitle\">ESCRIT\u00d3RIO<\/h3>\n<div class=\"textwidget\">\n<p><strong>Endere\u00e7o:<\/strong><\/p>\n<p>Sala 1924, Bloco D, Pra\u00e7a Wanda, cidade de Tangshan, China.<\/p>\n<p><strong>Contato<\/strong><\/p>\n<p>info@solidscontrolworld.com<\/p>\n<p><strong>Telefone:<\/strong><\/p>\n<p>+86-18034158133<\/p>\n<p><strong>Fax:<\/strong><\/p>\n<p>+86-315-7651760<\/p>\n<p>Site: www.solidscontrolworld.com<\/p>\n<p><strong>Hor\u00e1rio de funcionamento:<\/strong><br \/>\nSeg-Sex: 8:00-17:30<\/p>\n<\/div>","protected":false},"featured_media":1415,"comment_status":"open","ping_status":"closed","template":"","meta":{"_seopress_robots_primary_cat":"none","_seopress_titles_title":"","_seopress_titles_desc":"","_seopress_robots_index":""},"product_brand":[],"product_cat":[57],"product_tag":[],"class_list":{"0":"post-1414","1":"product","2":"type-product","3":"status-publish","4":"has-post-thumbnail","6":"product_cat-solids-control-equipments","8":"first","9":"instock","10":"shipping-taxable","11":"product-type-simple"},"yoast_head":"<!-- This site is optimized with the Yoast SEO plugin v25.1 - https:\/\/yoast.com\/wordpress\/plugins\/seo\/ -->\n<title>Mud gun - Solids Control World<\/title>\n<meta name=\"robots\" content=\"index, follow, max-snippet:-1, max-image-preview:large, max-video-preview:-1\" \/>\n<link rel=\"canonical\" href=\"https:\/\/solidscontrolworld.com\/pt\/product\/arma-de-lama\/\" \/>\n<meta property=\"og:locale\" content=\"pt_BR\" \/>\n<meta property=\"og:type\" content=\"article\" \/>\n<meta property=\"og:title\" content=\"Mud gun - Solids Control World\" \/>\n<meta property=\"og:description\" content=\"OFFICE   Address:  Room 1924 ,Block D ,Wanda plaza, Tangshan city,\u00a0 China.  Contact  info@solidscontrolworld.com  Tel:  +86-18034158133  Fax:  +86-315-7651760  Website:www.solidscontrolworld.com  Opening Hours: Mon-Fri: 8:00-17:30\" \/>\n<meta property=\"og:url\" content=\"https:\/\/solidscontrolworld.com\/pt\/product\/arma-de-lama\/\" \/>\n<meta property=\"og:site_name\" content=\"Solids Control World\" \/>\n<meta property=\"article:modified_time\" content=\"2022-08-24T05:28:26+00:00\" \/>\n<meta property=\"og:image\" content=\"https:\/\/solidscontrolworld.com\/wp-content\/uploads\/2021\/05\/\u7a3f\u5b9a\u8bbe\u8ba1-9-300x192-1.jpg\" \/>\n\t<meta property=\"og:image:width\" content=\"300\" \/>\n\t<meta property=\"og:image:height\" content=\"192\" \/>\n\t<meta property=\"og:image:type\" content=\"image\/jpeg\" \/>\n<meta name=\"twitter:card\" content=\"summary_large_image\" \/>\n<meta name=\"twitter:label1\" content=\"Est. tempo de leitura\" \/>\n\t<meta name=\"twitter:data1\" content=\"2 minutos\" \/>\n<!-- \/ Yoast SEO plugin. -->","yoast_head_json":{"title":"Pistola de lama - Solids Control World","robots":{"index":"index","follow":"follow","max-snippet":"max-snippet:-1","max-image-preview":"max-image-preview:large","max-video-preview":"max-video-preview:-1"},"canonical":"https:\/\/solidscontrolworld.com\/pt\/product\/arma-de-lama\/","og_locale":"pt_BR","og_type":"article","og_title":"Mud gun - Solids Control World","og_description":"OFFICE   Address:  Room 1924 ,Block D ,Wanda plaza, Tangshan city,\u00a0 China.  Contact  info@solidscontrolworld.com  Tel:  +86-18034158133  Fax:  +86-315-7651760  Website:www.solidscontrolworld.com  Opening Hours: Mon-Fri: 8:00-17:30","og_url":"https:\/\/solidscontrolworld.com\/pt\/product\/arma-de-lama\/","og_site_name":"Solids Control World","article_modified_time":"2022-08-24T05:28:26+00:00","og_image":[{"width":300,"height":192,"url":"https:\/\/solidscontrolworld.com\/wp-content\/uploads\/2021\/05\/\u7a3f\u5b9a\u8bbe\u8ba1-9-300x192-1.jpg","type":"image\/jpeg"}],"twitter_card":"summary_large_image","twitter_misc":{"Est. tempo de leitura":"2 minutos"},"schema":{"@context":"https:\/\/schema.org","@graph":[{"@type":"WebPage","@id":"https:\/\/solidscontrolworld.com\/product\/mud-gun\/","url":"https:\/\/solidscontrolworld.com\/product\/mud-gun\/","name":"Pistola de lama - Solids Control World","isPartOf":{"@id":"https:\/\/solidscontrolworld.com\/#website"},"primaryImageOfPage":{"@id":"https:\/\/solidscontrolworld.com\/product\/mud-gun\/#primaryimage"},"image":{"@id":"https:\/\/solidscontrolworld.com\/product\/mud-gun\/#primaryimage"},"thumbnailUrl":"https:\/\/solidscontrolworld.com\/wp-content\/uploads\/2021\/05\/\u7a3f\u5b9a\u8bbe\u8ba1-9-300x192-1.jpg","datePublished":"2021-05-05T14:19:34+00:00","dateModified":"2022-08-24T05:28:26+00:00","breadcrumb":{"@id":"https:\/\/solidscontrolworld.com\/product\/mud-gun\/#breadcrumb"},"inLanguage":"pt-BR","potentialAction":[{"@type":"ReadAction","target":["https:\/\/solidscontrolworld.com\/product\/mud-gun\/"]}]},{"@type":"ImageObject","inLanguage":"pt-BR","@id":"https:\/\/solidscontrolworld.com\/product\/mud-gun\/#primaryimage","url":"https:\/\/solidscontrolworld.com\/wp-content\/uploads\/2021\/05\/\u7a3f\u5b9a\u8bbe\u8ba1-9-300x192-1.jpg","contentUrl":"https:\/\/solidscontrolworld.com\/wp-content\/uploads\/2021\/05\/\u7a3f\u5b9a\u8bbe\u8ba1-9-300x192-1.jpg","width":300,"height":192},{"@type":"BreadcrumbList","@id":"https:\/\/solidscontrolworld.com\/product\/mud-gun\/#breadcrumb","itemListElement":[{"@type":"ListItem","position":1,"name":"Home","item":"https:\/\/solidscontrolworld.com\/"},{"@type":"ListItem","position":2,"name":"Products","item":"https:\/\/solidscontrolworld.com\/shop\/"},{"@type":"ListItem","position":3,"name":"Mud gun"}]},{"@type":"WebSite","@id":"https:\/\/solidscontrolworld.com\/#website","url":"https:\/\/solidscontrolworld.com\/","name":"Mundo de controle de s\u00f3lidos","description":"","publisher":{"@id":"https:\/\/solidscontrolworld.com\/#\/schema\/person\/2c126362537c0f0e6d4a8dfba9fc68b0"},"potentialAction":[{"@type":"SearchAction","target":{"@type":"EntryPoint","urlTemplate":"https:\/\/solidscontrolworld.com\/?s={search_term_string}"},"query-input":{"@type":"PropertyValueSpecification","valueRequired":true,"valueName":"search_term_string"}}],"inLanguage":"pt-BR"},{"@type":["Person","Organization"],"@id":"https:\/\/solidscontrolworld.com\/#\/schema\/person\/2c126362537c0f0e6d4a8dfba9fc68b0","name":"mundo de controle de s\u00f3lidos","logo":{"@id":"https:\/\/solidscontrolworld.com\/#\/schema\/person\/image\/"},"sameAs":["https:\/\/solidscontrolworld.com"]}]}},"_links":{"self":[{"href":"https:\/\/solidscontrolworld.com\/pt\/wp-json\/wp\/v2\/product\/1414","targetHints":{"allow":["GET"]}}],"collection":[{"href":"https:\/\/solidscontrolworld.com\/pt\/wp-json\/wp\/v2\/product"}],"about":[{"href":"https:\/\/solidscontrolworld.com\/pt\/wp-json\/wp\/v2\/types\/product"}],"replies":[{"embeddable":true,"href":"https:\/\/solidscontrolworld.com\/pt\/wp-json\/wp\/v2\/comments?post=1414"}],"version-history":[{"count":0,"href":"https:\/\/solidscontrolworld.com\/pt\/wp-json\/wp\/v2\/product\/1414\/revisions"}],"wp:featuredmedia":[{"embeddable":true,"href":"https:\/\/solidscontrolworld.com\/pt\/wp-json\/wp\/v2\/media\/1415"}],"wp:attachment":[{"href":"https:\/\/solidscontrolworld.com\/pt\/wp-json\/wp\/v2\/media?parent=1414"}],"wp:term":[{"taxonomy":"product_brand","embeddable":true,"href":"https:\/\/solidscontrolworld.com\/pt\/wp-json\/wp\/v2\/product_brand?post=1414"},{"taxonomy":"product_cat","embeddable":true,"href":"https:\/\/solidscontrolworld.com\/pt\/wp-json\/wp\/v2\/product_cat?post=1414"},{"taxonomy":"product_tag","embeddable":true,"href":"https:\/\/solidscontrolworld.com\/pt\/wp-json\/wp\/v2\/product_tag?post=1414"}],"curies":[{"name":"wp","href":"https:\/\/api.w.org\/{rel}","templated":true}]}}