{"id":1416,"date":"2021-05-05T14:21:16","date_gmt":"2021-05-05T14:21:16","guid":{"rendered":"https:\/\/solidscontrolworld.com\/?post_type=product&#038;p=1416"},"modified":"2023-10-13T09:27:00","modified_gmt":"2023-10-13T09:27:00","slug":"agitador-de-lama","status":"publish","type":"product","link":"https:\/\/solidscontrolworld.com\/pt\/product\/agitador-de-lama\/","title":{"rendered":"Agitador de lama"},"content":{"rendered":"<div class=\"flex_column av_one_full flex_column_div av-zero-column-padding first avia-builder-el-1 el_after_av_image el_before_av_textblock\">\n<section class=\"av_textblock_section\">\n<div class=\"avia_textblock\">\n<table border=\"0\" width=\"1234\" cellspacing=\"0\" cellpadding=\"0\">\n<tbody>\n<tr>\n<td class=\"kso0\" width=\"173\">Modelo<\/td>\n<td class=\"kso1\" width=\"172\">ABJBQ5.5<\/td>\n<td class=\"kso2\" width=\"172\">ABJBQ7.5<\/td>\n<td class=\"kso3\" width=\"172\">ABJBQ11<\/td>\n<td class=\"kso4\" width=\"172\">ABJBQ15<\/td>\n<td class=\"kso5\" width=\"187\">ABJBQ18.5<\/td>\n<td class=\"kso6\" width=\"183\">ABJBQ22<\/td>\n<\/tr>\n<tr>\n<td class=\"kso7\" width=\"173\">Poder<\/td>\n<td class=\"kso8\" width=\"172\">5,5 kW<\/td>\n<td class=\"kso9\" width=\"172\">7,5 kW<\/td>\n<td class=\"kso10\" width=\"172\">11 kW<\/td>\n<td class=\"kso11\" width=\"172\">15 kW<\/td>\n<td class=\"kso12\" width=\"187\">18,5 kW<\/td>\n<td class=\"kso13\" width=\"183\">22 kW<\/td>\n<\/tr>\n<tr>\n<td class=\"kso14\" width=\"173\">Velocidade do impulsor<\/td>\n<td class=\"kso15\" colspan=\"6\" width=\"1061\">60\/72 RPM<\/td>\n<\/tr>\n<tr>\n<td class=\"kso21\" width=\"173\">Di\u00e2metro do impulsor<\/td>\n<td class=\"kso22\" width=\"172\">600 mm<\/td>\n<td class=\"kso23\" width=\"172\">750\/750 mm<\/td>\n<td class=\"kso24\" width=\"172\">850\/750 mm<\/td>\n<td class=\"kso25\" width=\"172\">950\/850 mm<\/td>\n<td class=\"kso26\" width=\"187\">950\/850 mm<\/td>\n<td class=\"kso27\" width=\"183\">1000\/950 mm<\/td>\n<\/tr>\n<tr>\n<td class=\"kso28\" width=\"173\">Raz\u00e3o<\/td>\n<td class=\"kso29\" colspan=\"6\" width=\"1061\">1:25\/1\u00a0:\u00a020<\/td>\n<\/tr>\n<tr>\n<td class=\"kso35\" width=\"173\">Dimens\u00e3o<\/td>\n<td class=\"kso36\" width=\"172\">870x600x560<\/td>\n<td class=\"kso37\" width=\"172\">906x600x560<\/td>\n<td class=\"kso38\" width=\"172\">1075x650x630<\/td>\n<td class=\"kso39\" width=\"172\">1170x720x685<\/td>\n<td class=\"kso40\" width=\"187\">1270x1000x727<\/td>\n<td class=\"kso41\" width=\"183\">1270x1000x727<\/td>\n<\/tr>\n<tr>\n<td class=\"kso42\" width=\"173\">Especifica\u00e7\u00f5es el\u00e9tricas<\/td>\n<td class=\"kso43\" colspan=\"6\" width=\"1061\">220-240 V\/ 50 Hz, 380-415 V\/ 50 Hz, 440-480 V\/ 60 Hz, 575-600 V\/ 60 Hz<\/td>\n<\/tr>\n<tr>\n<td class=\"kso49\" width=\"173\">Comprimento do eixo<\/td>\n<td class=\"kso50\" colspan=\"6\" width=\"1061\">Depende da profundidade do tanque de lama<\/td>\n<\/tr>\n<tr>\n<td class=\"kso56\" width=\"173\">Aprova\u00e7\u00f5es<\/td>\n<td class=\"kso57\" colspan=\"6\" width=\"1061\">UL\/ATEX\/BV\/IADC\/JAS-ANZ ISO 9001:2015\/CE<\/td>\n<\/tr>\n<\/tbody>\n<\/table>\n<\/div>\n<\/section>\n<\/div>\n<section class=\"av_textblock_section\">\n<div class=\"avia_textblock\">\n<h2>AGITADOR DE LAMA<\/h2>\n<p>Este agitador de canecas \u00e9 utilizado em diversos sistemas de lama superficial para manter uma mistura homog\u00eanea e suspender s\u00f3lidos por todo o sistema. Os agitadores mec\u00e2nicos s\u00e3o operados por um motor \u00e0 prova de explos\u00e3o, combinado com uma caixa de engrenagens. Esta serve para acionar o eixo do impulsor. O eixo do impulsor ent\u00e3o transforma a pot\u00eancia mec\u00e2nica do motor em agita\u00e7\u00e3o para criar uma suspens\u00e3o uniforme de todos os s\u00f3lidos.<\/p>\n<h2>RECURSOS INCR\u00cdVEIS DO AGITADOR DE LAMA<\/h2>\n<p>Geralmente, existem diferentes vers\u00f5es ou modelos de agitadores de lama dispon\u00edveis para atender \u00e0s necessidades de diferentes clientes com mais efici\u00eancia. No entanto, aqui est\u00e3o algumas das caracter\u00edsticas mais incr\u00edveis da linha desses agitadores de lama que voc\u00ea precisa conhecer:<\/p>\n<h3>Motor agitador de lama<\/h3>\n<p>A pot\u00eancia do motor desses agitadores de lama varia de 5,5 kW a 22 kW. Voc\u00ea pode escolher facilmente o que for mais adequado \u00e0s suas necessidades.<\/p>\n<h3>Eixo e impulsores do agitador de lama<\/h3>\n<p>No entanto, a velocidade do impulsor desses agitadores de lama \u00e9 de 60\/72 RPM. Por outro lado, o comprimento do eixo do agitador de lama depender\u00e1 inteiramente do tamanho do tanque de lama.<\/p>\n<h3>Agitador dur\u00e1vel<\/h3>\n<p>Excelente capacidade, maior vida \u00fatil e materiais de alta qualidade, juntamente com uma constru\u00e7\u00e3o robusta, tornam esses agitadores de lama altamente dur\u00e1veis e confi\u00e1veis.<\/p>\n<h3>Resistente \u00e0 corros\u00e3o<\/h3>\n<p>Toda a gama destes agitadores de lama \u00e9 altamente exigente. Isso se deve principalmente \u00e0 tecnologia de ponta e \u00e0 qualidade dos materiais b\u00e1sicos utilizados. A fabrica\u00e7\u00e3o destes agitadores de lama os torna altamente resistentes \u00e0 corros\u00e3o e pode ajud\u00e1-lo a desfrutar de uma vida \u00fatil mais longa com facilidade.<\/p>\n<h2>PRINCIPAIS BENEF\u00cdCIOS DO AGITADOR DE LAMA<\/h2>\n<p>Quer saber o que torna esses agitadores de lama t\u00e3o incr\u00edveis? Vamos dar uma olhada nos principais benef\u00edcios abaixo para entender melhor o que eles oferecem:<\/p>\n<p><strong>Esses agitadores de lama v\u00eam com motor el\u00e9trico em forma de C, que \u00e9 \u00e0 prova de explos\u00e3o.\u00a0<\/strong><\/p>\n<p><strong>O comprimento flex\u00edvel do eixo \u00e9 eficaz para uma experi\u00eancia mais confi\u00e1vel.\u00a0<\/strong><\/p>\n<p><strong>Todos esses agitadores s\u00e3o projetados efetivamente para determinados requisitos de trabalho, para oferecer solu\u00e7\u00f5es mais surpreendentes e convenientes.\u00a0<\/strong><\/p>\n<p><strong>O agitador de lama \u00e9 mais leve do que v\u00e1rios outros modelos similares.\u00a0<\/strong><\/p>\n<p>Ent\u00e3o, isso \u00e9 tudo o que voc\u00ea precisa saber sobre agitadores de lama. Certifique-se de escolher a melhor vers\u00e3o para voc\u00ea, de acordo com suas necessidades espec\u00edficas, com facilidade.<\/p>\n<\/div>\n<\/section>","protected":false},"excerpt":{"rendered":"<h3 class=\"widgettitle\">ESCRIT\u00d3RIO<\/h3>\n<div class=\"textwidget\">\n<p><strong>Endere\u00e7o:<\/strong><\/p>\n<p>Sala 1924, Bloco D, Pra\u00e7a Wanda, cidade de Tangshan, China.<\/p>\n<p><strong>Contato<\/strong><\/p>\n<p>info@solidscontrolworld.com<\/p>\n<p><strong>Telefone:<\/strong><\/p>\n<p>+86-18034158133<\/p>\n<p><strong>Fax:<\/strong><\/p>\n<p>+86-315-7651760<\/p>\n<p>Site: www.solidscontrolworld.com<\/p>\n<p><strong>Hor\u00e1rio de funcionamento:<\/strong><br \/>\nSeg-Sex: 8:00-17:30<\/p>\n<\/div>","protected":false},"featured_media":9542,"comment_status":"open","ping_status":"closed","template":"","meta":{"_seopress_robots_primary_cat":"none","_seopress_titles_title":"","_seopress_titles_desc":"","_seopress_robots_index":""},"product_brand":[],"product_cat":[57],"product_tag":[],"class_list":{"0":"post-1416","1":"product","2":"type-product","3":"status-publish","4":"has-post-thumbnail","6":"product_cat-solids-control-equipments","8":"first","9":"instock","10":"shipping-taxable","11":"product-type-simple"},"yoast_head":"<!-- This site is optimized with the Yoast SEO plugin v25.1 - https:\/\/yoast.com\/wordpress\/plugins\/seo\/ -->\n<title>Mud agitator - Solids Control World<\/title>\n<meta name=\"robots\" content=\"index, follow, max-snippet:-1, max-image-preview:large, max-video-preview:-1\" \/>\n<link rel=\"canonical\" href=\"https:\/\/solidscontrolworld.com\/pt\/product\/agitador-de-lama\/\" \/>\n<meta property=\"og:locale\" content=\"pt_BR\" \/>\n<meta property=\"og:type\" content=\"article\" \/>\n<meta property=\"og:title\" content=\"Mud agitator - Solids Control World\" \/>\n<meta property=\"og:description\" content=\"OFFICE   Address:  Room 1924 ,Block D ,Wanda plaza, Tangshan city,\u00a0 China.  Contact  info@solidscontrolworld.com  Tel:  +86-18034158133  Fax:  +86-315-7651760  Website:www.solidscontrolworld.com  Opening Hours: Mon-Fri: 8:00-17:30\" \/>\n<meta property=\"og:url\" content=\"https:\/\/solidscontrolworld.com\/pt\/product\/agitador-de-lama\/\" \/>\n<meta property=\"og:site_name\" content=\"Solids Control World\" \/>\n<meta property=\"article:modified_time\" content=\"2023-10-13T09:27:00+00:00\" \/>\n<meta property=\"og:image\" content=\"https:\/\/solidscontrolworld.com\/wp-content\/uploads\/2023\/07\/96443ea29173d372c667828dd9356e6.jpg\" \/>\n\t<meta property=\"og:image:width\" content=\"472\" \/>\n\t<meta property=\"og:image:height\" content=\"303\" \/>\n\t<meta property=\"og:image:type\" content=\"image\/jpeg\" \/>\n<meta name=\"twitter:card\" content=\"summary_large_image\" \/>\n<meta name=\"twitter:label1\" content=\"Est. tempo de leitura\" \/>\n\t<meta name=\"twitter:data1\" content=\"2 minutos\" \/>\n<!-- \/ Yoast SEO plugin. -->","yoast_head_json":{"title":"Agitador de lama - Solids Control World","robots":{"index":"index","follow":"follow","max-snippet":"max-snippet:-1","max-image-preview":"max-image-preview:large","max-video-preview":"max-video-preview:-1"},"canonical":"https:\/\/solidscontrolworld.com\/pt\/product\/agitador-de-lama\/","og_locale":"pt_BR","og_type":"article","og_title":"Mud agitator - Solids Control World","og_description":"OFFICE   Address:  Room 1924 ,Block D ,Wanda plaza, Tangshan city,\u00a0 China.  Contact  info@solidscontrolworld.com  Tel:  +86-18034158133  Fax:  +86-315-7651760  Website:www.solidscontrolworld.com  Opening Hours: Mon-Fri: 8:00-17:30","og_url":"https:\/\/solidscontrolworld.com\/pt\/product\/agitador-de-lama\/","og_site_name":"Solids Control World","article_modified_time":"2023-10-13T09:27:00+00:00","og_image":[{"width":472,"height":303,"url":"https:\/\/solidscontrolworld.com\/wp-content\/uploads\/2023\/07\/96443ea29173d372c667828dd9356e6.jpg","type":"image\/jpeg"}],"twitter_card":"summary_large_image","twitter_misc":{"Est. tempo de leitura":"2 minutos"},"schema":{"@context":"https:\/\/schema.org","@graph":[{"@type":"WebPage","@id":"https:\/\/solidscontrolworld.com\/product\/mud-agitator\/","url":"https:\/\/solidscontrolworld.com\/product\/mud-agitator\/","name":"Agitador de lama - Solids Control World","isPartOf":{"@id":"https:\/\/solidscontrolworld.com\/#website"},"primaryImageOfPage":{"@id":"https:\/\/solidscontrolworld.com\/product\/mud-agitator\/#primaryimage"},"image":{"@id":"https:\/\/solidscontrolworld.com\/product\/mud-agitator\/#primaryimage"},"thumbnailUrl":"https:\/\/solidscontrolworld.com\/wp-content\/uploads\/2023\/07\/96443ea29173d372c667828dd9356e6.jpg","datePublished":"2021-05-05T14:21:16+00:00","dateModified":"2023-10-13T09:27:00+00:00","breadcrumb":{"@id":"https:\/\/solidscontrolworld.com\/product\/mud-agitator\/#breadcrumb"},"inLanguage":"pt-BR","potentialAction":[{"@type":"ReadAction","target":["https:\/\/solidscontrolworld.com\/product\/mud-agitator\/"]}]},{"@type":"ImageObject","inLanguage":"pt-BR","@id":"https:\/\/solidscontrolworld.com\/product\/mud-agitator\/#primaryimage","url":"https:\/\/solidscontrolworld.com\/wp-content\/uploads\/2023\/07\/96443ea29173d372c667828dd9356e6.jpg","contentUrl":"https:\/\/solidscontrolworld.com\/wp-content\/uploads\/2023\/07\/96443ea29173d372c667828dd9356e6.jpg","width":472,"height":303,"caption":"drilling mud agitator suppliers"},{"@type":"BreadcrumbList","@id":"https:\/\/solidscontrolworld.com\/product\/mud-agitator\/#breadcrumb","itemListElement":[{"@type":"ListItem","position":1,"name":"Home","item":"https:\/\/solidscontrolworld.com\/"},{"@type":"ListItem","position":2,"name":"Products","item":"https:\/\/solidscontrolworld.com\/shop\/"},{"@type":"ListItem","position":3,"name":"Mud agitator"}]},{"@type":"WebSite","@id":"https:\/\/solidscontrolworld.com\/#website","url":"https:\/\/solidscontrolworld.com\/","name":"Mundo de controle de s\u00f3lidos","description":"","publisher":{"@id":"https:\/\/solidscontrolworld.com\/#\/schema\/person\/2c126362537c0f0e6d4a8dfba9fc68b0"},"potentialAction":[{"@type":"SearchAction","target":{"@type":"EntryPoint","urlTemplate":"https:\/\/solidscontrolworld.com\/?s={search_term_string}"},"query-input":{"@type":"PropertyValueSpecification","valueRequired":true,"valueName":"search_term_string"}}],"inLanguage":"pt-BR"},{"@type":["Person","Organization"],"@id":"https:\/\/solidscontrolworld.com\/#\/schema\/person\/2c126362537c0f0e6d4a8dfba9fc68b0","name":"mundo de controle de s\u00f3lidos","logo":{"@id":"https:\/\/solidscontrolworld.com\/#\/schema\/person\/image\/"},"sameAs":["https:\/\/solidscontrolworld.com"]}]}},"_links":{"self":[{"href":"https:\/\/solidscontrolworld.com\/pt\/wp-json\/wp\/v2\/product\/1416","targetHints":{"allow":["GET"]}}],"collection":[{"href":"https:\/\/solidscontrolworld.com\/pt\/wp-json\/wp\/v2\/product"}],"about":[{"href":"https:\/\/solidscontrolworld.com\/pt\/wp-json\/wp\/v2\/types\/product"}],"replies":[{"embeddable":true,"href":"https:\/\/solidscontrolworld.com\/pt\/wp-json\/wp\/v2\/comments?post=1416"}],"version-history":[{"count":0,"href":"https:\/\/solidscontrolworld.com\/pt\/wp-json\/wp\/v2\/product\/1416\/revisions"}],"wp:featuredmedia":[{"embeddable":true,"href":"https:\/\/solidscontrolworld.com\/pt\/wp-json\/wp\/v2\/media\/9542"}],"wp:attachment":[{"href":"https:\/\/solidscontrolworld.com\/pt\/wp-json\/wp\/v2\/media?parent=1416"}],"wp:term":[{"taxonomy":"product_brand","embeddable":true,"href":"https:\/\/solidscontrolworld.com\/pt\/wp-json\/wp\/v2\/product_brand?post=1416"},{"taxonomy":"product_cat","embeddable":true,"href":"https:\/\/solidscontrolworld.com\/pt\/wp-json\/wp\/v2\/product_cat?post=1416"},{"taxonomy":"product_tag","embeddable":true,"href":"https:\/\/solidscontrolworld.com\/pt\/wp-json\/wp\/v2\/product_tag?post=1416"}],"curies":[{"name":"wp","href":"https:\/\/api.w.org\/{rel}","templated":true}]}}