{"id":1418,"date":"2021-05-05T14:22:55","date_gmt":"2021-05-05T14:22:55","guid":{"rendered":"https:\/\/solidscontrolworld.com\/?post_type=product&#038;p=1418"},"modified":"2022-08-24T05:34:48","modified_gmt":"2022-08-24T05:34:48","slug":"dispositivo-de-ignicao-de-sinalizador","status":"publish","type":"product","link":"https:\/\/solidscontrolworld.com\/pt\/product\/dispositivo-de-ignicao-de-sinalizador\/","title":{"rendered":"Dispositivo de igni\u00e7\u00e3o de chama"},"content":{"rendered":"<div class=\"flex_column av_one_full flex_column_div av-zero-column-padding first avia-builder-el-3 el_after_av_one_full el_before_av_textblock column-top-margin\">\n<section class=\"av_textblock_section\">\n<div class=\"avia_textblock\">\n<table border=\"0\" width=\"793\" cellspacing=\"0\" cellpadding=\"0\">\n<tbody>\n<tr>\n<td class=\"kso0\" width=\"390\">Modelo<\/td>\n<td class=\"kso1\" width=\"403\">ABYD203<\/td>\n<\/tr>\n<tr>\n<td class=\"kso2\" width=\"390\">Di\u00e2metro do queimador<\/td>\n<td class=\"kso3\" width=\"403\">DN200mm<\/td>\n<\/tr>\n<tr>\n<td class=\"kso4\" width=\"390\">Altura do queimador<\/td>\n<td class=\"kso5\" width=\"403\">3m<\/td>\n<\/tr>\n<tr>\n<td class=\"kso6\" width=\"390\">Tens\u00e3o de igni\u00e7\u00e3o<\/td>\n<td class=\"kso7\" width=\"403\">16 kV<\/td>\n<\/tr>\n<tr>\n<td class=\"kso8\" width=\"390\">Frequ\u00eancia de igni\u00e7\u00e3o<\/td>\n<td class=\"kso9\" width=\"403\">100~1000 vezes\/min<\/td>\n<\/tr>\n<\/tbody>\n<\/table>\n<\/div>\n<\/section>\n<\/div>\n<section class=\"av_textblock_section\">\n<div class=\"avia_textblock\">\n<h2>DISPOSITIVO DE IGNI\u00c7\u00c3O DE TOMADA<\/h2>\n<p>Um dispositivo de igni\u00e7\u00e3o por chama \u00e9 uma ferramenta \u00fatil para acender o g\u00e1s desperdi\u00e7ado na ind\u00fastria de petr\u00f3leo e g\u00e1s. Esta ferramenta \u00e9 usada para queimar gases venenosos ou nocivos por meio de um acendedor, o que garante a seguran\u00e7a do meio ambiente e elimina a amea\u00e7a.<\/p>\n<h2>RECURSOS INCR\u00cdVEIS DO DISPOSITIVO DE IGNI\u00c7\u00c3O DE TOMADA:<\/h2>\n<p>Quer conhecer alguns dos recursos mais incr\u00edveis que tornam a luz de igni\u00e7\u00e3o tipo flare uma op\u00e7\u00e3o prefer\u00edvel? Vamos dar uma olhada em seus principais recursos abaixo:<\/p>\n<h3>Ma\u00e7arico de queimador<\/h3>\n<p>O ma\u00e7arico \u00e9 feito de a\u00e7o inoxid\u00e1vel. Isso significa que voc\u00ea pode usar este dispositivo por anos sem qualquer desgaste. Al\u00e9m disso, a estrutura em a\u00e7o inoxid\u00e1vel o torna mais resistente e confi\u00e1vel, de forma mais eficaz.<\/p>\n<h3>Igni\u00e7\u00e3o autom\u00e1tica de flare<\/h3>\n<p>O sistema de acendimento autom\u00e1tico deste dispositivo \u00e9, sem d\u00favida, o recurso mais importante a ser considerado. Este dispositivo de igni\u00e7\u00e3o autom\u00e1tica oferece um sistema de igni\u00e7\u00e3o autom\u00e1tica que pode oferecer suporte e dispensar o servi\u00e7o de fornecimento de equipamentos antigos com facilidade.<\/p>\n<h3>Design maduro<\/h3>\n<p>Esta luz de igni\u00e7\u00e3o tipo flare apresenta um design sofisticado que cont\u00e9m um queimador de 3 m de altura. O di\u00e2metro do queimador \u00e9 de aproximadamente DN200 mm. Todas essas especifica\u00e7\u00f5es s\u00e3o altamente \u00fateis para o desempenho bem-sucedido e seguro no local de trabalho, da melhor maneira poss\u00edvel.<\/p>\n<h2>PRINCIPAIS BENEF\u00cdCIOS DO DISPOSITIVO DE IGNI\u00c7\u00c3O DE TOCHA:<\/h2>\n<p>Aqui est\u00e3o alguns dos benef\u00edcios mais importantes deste dispositivo que voc\u00ea precisa conhecer para ver se ele \u00e9 adequado para voc\u00ea:<\/p>\n<p><strong>Oferece uma vida \u00fatil prolongada. O mais surpreendente \u00e9 que n\u00e3o exige nenhum tipo de manuten\u00e7\u00e3o no conv\u00e9s de alargamento.\u00a0<\/strong><\/p>\n<p><strong>Voc\u00ea pode usar facilmente esta luz de igni\u00e7\u00e3o de sinaliza\u00e7\u00e3o altamente confi\u00e1vel por muitos anos sem nenhum problema.\u00a0<\/strong><\/p>\n<p><strong>As fa\u00edscas v\u00e3o incendiar todas as pontas de chama dentro do raio de fa\u00edsca.\u00a0<\/strong><\/p>\n<p><strong>Este dispositivo de igni\u00e7\u00e3o por chama \u00e9 frequentemente conectado ao separador de lama. Quando este dispositivo funciona, ele queima o g\u00e1s residual com precis\u00e3o e rapidez. Como resultado, elimina danos \u00e0s pessoas e ao meio ambiente.\u00a0<\/strong><\/p>\n<p>Para maximizar o desempenho e a confiabilidade deste sistema, \u00e9 recomendado um queimador piloto adequado, bem como uma ferramenta de monitoramento de chama associada.<\/p>\n<\/div>\n<\/section>","protected":false},"excerpt":{"rendered":"<h3 class=\"widgettitle\">ESCRIT\u00d3RIO<\/h3>\n<div class=\"textwidget\">\n<p><strong>Endere\u00e7o:<\/strong><\/p>\n<p>Sala 1924, Bloco D, Pra\u00e7a Wanda, cidade de Tangshan, China.<\/p>\n<p><strong>Contato<\/strong><\/p>\n<p>info@solidscontrolworld.com<\/p>\n<p><strong>Telefone:<\/strong><\/p>\n<p>+86-18034158133<\/p>\n<p><strong>Fax:<\/strong><\/p>\n<p>+86-315-7651760<\/p>\n<p>Site: www.solidscontrolworld.com<\/p>\n<p><strong>Hor\u00e1rio de funcionamento:<\/strong><br \/>\nSeg-Sex: 8:00-17:30<\/p>\n<\/div>","protected":false},"featured_media":1419,"comment_status":"open","ping_status":"closed","template":"","meta":{"_seopress_robots_primary_cat":"none","_seopress_titles_title":"","_seopress_titles_desc":"","_seopress_robots_index":""},"product_brand":[],"product_cat":[57],"product_tag":[],"class_list":{"0":"post-1418","1":"product","2":"type-product","3":"status-publish","4":"has-post-thumbnail","6":"product_cat-solids-control-equipments","8":"first","9":"instock","10":"shipping-taxable","11":"product-type-simple"},"yoast_head":"<!-- This site is optimized with the Yoast SEO plugin v25.1 - https:\/\/yoast.com\/wordpress\/plugins\/seo\/ -->\n<title>Flare ignition device - Solids Control World<\/title>\n<meta name=\"robots\" content=\"index, follow, max-snippet:-1, max-image-preview:large, max-video-preview:-1\" \/>\n<link rel=\"canonical\" href=\"https:\/\/solidscontrolworld.com\/pt\/product\/dispositivo-de-ignicao-de-sinalizador\/\" \/>\n<meta property=\"og:locale\" content=\"pt_BR\" \/>\n<meta property=\"og:type\" content=\"article\" \/>\n<meta property=\"og:title\" content=\"Flare ignition device - Solids Control World\" \/>\n<meta property=\"og:description\" content=\"OFFICE   Address:  Room 1924 ,Block D ,Wanda plaza, Tangshan city,\u00a0 China.  Contact  info@solidscontrolworld.com  Tel:  +86-18034158133  Fax:  +86-315-7651760  Website:www.solidscontrolworld.com  Opening Hours: Mon-Fri: 8:00-17:30\" \/>\n<meta property=\"og:url\" content=\"https:\/\/solidscontrolworld.com\/pt\/product\/dispositivo-de-ignicao-de-sinalizador\/\" \/>\n<meta property=\"og:site_name\" content=\"Solids Control World\" \/>\n<meta property=\"article:modified_time\" content=\"2022-08-24T05:34:48+00:00\" \/>\n<meta property=\"og:image\" content=\"https:\/\/solidscontrolworld.com\/wp-content\/uploads\/2021\/05\/\u7a3f\u5b9a\u8bbe\u8ba1-1.png\" \/>\n\t<meta property=\"og:image:width\" content=\"200\" \/>\n\t<meta property=\"og:image:height\" content=\"200\" \/>\n\t<meta property=\"og:image:type\" content=\"image\/png\" \/>\n<meta name=\"twitter:card\" content=\"summary_large_image\" \/>\n<meta name=\"twitter:label1\" content=\"Est. tempo de leitura\" \/>\n\t<meta name=\"twitter:data1\" content=\"3 minutos\" \/>\n<!-- \/ Yoast SEO plugin. -->","yoast_head_json":{"title":"Dispositivo de igni\u00e7\u00e3o de chama - Solids Control World","robots":{"index":"index","follow":"follow","max-snippet":"max-snippet:-1","max-image-preview":"max-image-preview:large","max-video-preview":"max-video-preview:-1"},"canonical":"https:\/\/solidscontrolworld.com\/pt\/product\/dispositivo-de-ignicao-de-sinalizador\/","og_locale":"pt_BR","og_type":"article","og_title":"Flare ignition device - Solids Control World","og_description":"OFFICE   Address:  Room 1924 ,Block D ,Wanda plaza, Tangshan city,\u00a0 China.  Contact  info@solidscontrolworld.com  Tel:  +86-18034158133  Fax:  +86-315-7651760  Website:www.solidscontrolworld.com  Opening Hours: Mon-Fri: 8:00-17:30","og_url":"https:\/\/solidscontrolworld.com\/pt\/product\/dispositivo-de-ignicao-de-sinalizador\/","og_site_name":"Solids Control World","article_modified_time":"2022-08-24T05:34:48+00:00","og_image":[{"width":200,"height":200,"url":"https:\/\/solidscontrolworld.com\/wp-content\/uploads\/2021\/05\/\u7a3f\u5b9a\u8bbe\u8ba1-1.png","type":"image\/png"}],"twitter_card":"summary_large_image","twitter_misc":{"Est. tempo de leitura":"3 minutos"},"schema":{"@context":"https:\/\/schema.org","@graph":[{"@type":"WebPage","@id":"https:\/\/solidscontrolworld.com\/product\/flare-ignition-device\/","url":"https:\/\/solidscontrolworld.com\/product\/flare-ignition-device\/","name":"Dispositivo de igni\u00e7\u00e3o de chama - Solids Control World","isPartOf":{"@id":"https:\/\/solidscontrolworld.com\/#website"},"primaryImageOfPage":{"@id":"https:\/\/solidscontrolworld.com\/product\/flare-ignition-device\/#primaryimage"},"image":{"@id":"https:\/\/solidscontrolworld.com\/product\/flare-ignition-device\/#primaryimage"},"thumbnailUrl":"https:\/\/solidscontrolworld.com\/wp-content\/uploads\/2021\/05\/\u7a3f\u5b9a\u8bbe\u8ba1-1.png","datePublished":"2021-05-05T14:22:55+00:00","dateModified":"2022-08-24T05:34:48+00:00","breadcrumb":{"@id":"https:\/\/solidscontrolworld.com\/product\/flare-ignition-device\/#breadcrumb"},"inLanguage":"pt-BR","potentialAction":[{"@type":"ReadAction","target":["https:\/\/solidscontrolworld.com\/product\/flare-ignition-device\/"]}]},{"@type":"ImageObject","inLanguage":"pt-BR","@id":"https:\/\/solidscontrolworld.com\/product\/flare-ignition-device\/#primaryimage","url":"https:\/\/solidscontrolworld.com\/wp-content\/uploads\/2021\/05\/\u7a3f\u5b9a\u8bbe\u8ba1-1.png","contentUrl":"https:\/\/solidscontrolworld.com\/wp-content\/uploads\/2021\/05\/\u7a3f\u5b9a\u8bbe\u8ba1-1.png","width":200,"height":200},{"@type":"BreadcrumbList","@id":"https:\/\/solidscontrolworld.com\/product\/flare-ignition-device\/#breadcrumb","itemListElement":[{"@type":"ListItem","position":1,"name":"Home","item":"https:\/\/solidscontrolworld.com\/"},{"@type":"ListItem","position":2,"name":"Products","item":"https:\/\/solidscontrolworld.com\/shop\/"},{"@type":"ListItem","position":3,"name":"Flare ignition device"}]},{"@type":"WebSite","@id":"https:\/\/solidscontrolworld.com\/#website","url":"https:\/\/solidscontrolworld.com\/","name":"Mundo de controle de s\u00f3lidos","description":"","publisher":{"@id":"https:\/\/solidscontrolworld.com\/#\/schema\/person\/2c126362537c0f0e6d4a8dfba9fc68b0"},"potentialAction":[{"@type":"SearchAction","target":{"@type":"EntryPoint","urlTemplate":"https:\/\/solidscontrolworld.com\/?s={search_term_string}"},"query-input":{"@type":"PropertyValueSpecification","valueRequired":true,"valueName":"search_term_string"}}],"inLanguage":"pt-BR"},{"@type":["Person","Organization"],"@id":"https:\/\/solidscontrolworld.com\/#\/schema\/person\/2c126362537c0f0e6d4a8dfba9fc68b0","name":"mundo de controle de s\u00f3lidos","logo":{"@id":"https:\/\/solidscontrolworld.com\/#\/schema\/person\/image\/"},"sameAs":["https:\/\/solidscontrolworld.com"]}]}},"_links":{"self":[{"href":"https:\/\/solidscontrolworld.com\/pt\/wp-json\/wp\/v2\/product\/1418","targetHints":{"allow":["GET"]}}],"collection":[{"href":"https:\/\/solidscontrolworld.com\/pt\/wp-json\/wp\/v2\/product"}],"about":[{"href":"https:\/\/solidscontrolworld.com\/pt\/wp-json\/wp\/v2\/types\/product"}],"replies":[{"embeddable":true,"href":"https:\/\/solidscontrolworld.com\/pt\/wp-json\/wp\/v2\/comments?post=1418"}],"version-history":[{"count":0,"href":"https:\/\/solidscontrolworld.com\/pt\/wp-json\/wp\/v2\/product\/1418\/revisions"}],"wp:featuredmedia":[{"embeddable":true,"href":"https:\/\/solidscontrolworld.com\/pt\/wp-json\/wp\/v2\/media\/1419"}],"wp:attachment":[{"href":"https:\/\/solidscontrolworld.com\/pt\/wp-json\/wp\/v2\/media?parent=1418"}],"wp:term":[{"taxonomy":"product_brand","embeddable":true,"href":"https:\/\/solidscontrolworld.com\/pt\/wp-json\/wp\/v2\/product_brand?post=1418"},{"taxonomy":"product_cat","embeddable":true,"href":"https:\/\/solidscontrolworld.com\/pt\/wp-json\/wp\/v2\/product_cat?post=1418"},{"taxonomy":"product_tag","embeddable":true,"href":"https:\/\/solidscontrolworld.com\/pt\/wp-json\/wp\/v2\/product_tag?post=1418"}],"curies":[{"name":"wp","href":"https:\/\/api.w.org\/{rel}","templated":true}]}}