{"id":1420,"date":"2021-05-05T14:24:36","date_gmt":"2021-05-05T14:24:36","guid":{"rendered":"https:\/\/solidscontrolworld.com\/?post_type=product&#038;p=1420"},"modified":"2022-08-24T05:32:21","modified_gmt":"2022-08-24T05:32:21","slug":"separador-de-gas-de-lama","status":"publish","type":"product","link":"https:\/\/solidscontrolworld.com\/pt\/product\/separador-de-gas-de-lama\/","title":{"rendered":"Separador de g\u00e1s de lama"},"content":{"rendered":"<div class=\"flex_column av_one_full flex_column_div av-zero-column-padding first avia-builder-el-2 el_after_av_one_full el_before_av_textblock column-top-margin\">\n<section class=\"av_textblock_section\">\n<div class=\"avia_textblock\">\n<table border=\"0\" width=\"1162\" cellspacing=\"0\" cellpadding=\"0\">\n<tbody>\n<tr>\n<td class=\"kso0\" width=\"278\">Modelo<\/td>\n<td class=\"kso1\" width=\"302\">ABZYQ800<\/td>\n<td class=\"kso2\" width=\"302\">ABZYQ1000<\/td>\n<td class=\"kso3\" width=\"278\">ABZYQ1200<\/td>\n<\/tr>\n<tr>\n<td class=\"kso4\" width=\"278\">Di\u00e2metro do corpo principal<\/td>\n<td class=\"kso5\" width=\"302\">800 mm<\/td>\n<td class=\"kso6\" width=\"302\">1000 mm<\/td>\n<td class=\"kso7\" width=\"278\">1200 mm<\/td>\n<\/tr>\n<tr>\n<td class=\"kso8\" width=\"278\">Capacidade<\/td>\n<td class=\"kso9\" width=\"302\">180-240 m3\/h<\/td>\n<td class=\"kso10\" width=\"302\">260~320m3\/h<\/td>\n<td class=\"kso11\" width=\"278\">300~360m3\/h<\/td>\n<\/tr>\n<tr>\n<td class=\"kso12\" width=\"278\">Espessura da parede<\/td>\n<td class=\"kso13\" width=\"302\">10 mm<\/td>\n<td class=\"kso14\" width=\"302\">10 mm<\/td>\n<td class=\"kso15\" width=\"278\">10 mm<\/td>\n<\/tr>\n<tr>\n<td class=\"kso16\" width=\"278\">Tubo de entrada<\/td>\n<td class=\"kso17\" width=\"302\">4\u2033<\/td>\n<td class=\"kso18\" width=\"302\">4\u2033<\/td>\n<td class=\"kso19\" width=\"278\">4\u2033<\/td>\n<\/tr>\n<tr>\n<td class=\"kso20\" width=\"278\">Sa\u00edda para L\u00edquido<\/td>\n<td class=\"kso21\" width=\"302\">10\u2033<\/td>\n<td class=\"kso22\" width=\"302\">10\u2033<\/td>\n<td class=\"kso23\" width=\"278\">10\u2033<\/td>\n<\/tr>\n<tr>\n<td class=\"kso24\" width=\"278\">Sa\u00edda para g\u00e1s<\/td>\n<td class=\"kso25\" width=\"302\">6\u2033<\/td>\n<td class=\"kso26\" width=\"302\">8\u2033<\/td>\n<td class=\"kso27\" width=\"278\">8\u2033<\/td>\n<\/tr>\n<tr>\n<td class=\"kso28\" width=\"278\">Peso<\/td>\n<td class=\"kso29\" width=\"302\">1800 kg<\/td>\n<td class=\"kso30\" width=\"302\">2000 kg<\/td>\n<td class=\"kso31\" width=\"278\">2500 kg<\/td>\n<\/tr>\n<tr>\n<td class=\"kso32\" width=\"278\">Dimens\u00e3o<\/td>\n<td class=\"kso33\" width=\"302\">2000 x 2000 x5070 mm<\/td>\n<td class=\"kso34\" width=\"302\">2000 x 2000 x5860 mm<\/td>\n<td class=\"kso35\" width=\"278\">2200x2200x6634 mm<\/td>\n<\/tr>\n<\/tbody>\n<\/table>\n<\/div>\n<\/section>\n<\/div>\n<section class=\"av_textblock_section\">\n<div class=\"avia_textblock\">\n<h2>SEPARADOR DE G\u00c1S DE LAMA<\/h2>\n<p>Um separador de g\u00e1s de lama, tamb\u00e9m conhecido como desgaseificador de lama, \u00e9 uma ferramenta especial projetada especificamente para desgaseificar lama invadida por g\u00e1s de forma eficaz em primeira classe. \u00c9 comumente usado para remover, em grande parte, bolhas grandes. Estas se referem aos gases restantes nos fluidos que costumavam preencher algumas partes de um bom anel.<\/p>\n<p>No entanto, esses separadores de g\u00e1s de lama apresentam caracter\u00edsticas e benef\u00edcios pr\u00f3prios para os usu\u00e1rios. Vamos dar uma olhada na vis\u00e3o geral abaixo para saber mais.<\/p>\n<h2>CARACTER\u00cdSTICAS IMPORTANTES DO SEPARADOR DE G\u00c1S DE LAMA<\/h2>\n<p>Aqui est\u00e3o algumas das caracter\u00edsticas mais importantes de um separador de g\u00e1s que voc\u00ea precisa saber:<\/p>\n<h3>\u00c1rea de combust\u00e3o segura garantida<\/h3>\n<p>Este separador de g\u00e1s pode separar e descarregar uma enorme quantidade de g\u00e1s livre, incluindo gases t\u00f3xicos de fluidos de perfura\u00e7\u00e3o. Mais importante ainda, o g\u00e1s separado \u00e9 transportado adequadamente pelas linhas de descarga para garantir um n\u00edvel mais alto de seguran\u00e7a na \u00e1rea de combust\u00e3o.<\/p>\n<h3>Unidade de constru\u00e7\u00e3o robusta<\/h3>\n<p>Esta unidade separadora de lama possui uma constru\u00e7\u00e3o robusta. Al\u00e9m disso, \u00e9 revestida com um ep\u00f3xi anticorrosivo eficaz e de qualidade superior. Tudo isso para garantir sua confiabilidade e durabilidade ao mais alto n\u00edvel poss\u00edvel. Al\u00e9m disso, a unidade oferece uma vida \u00fatil mais longa no processamento de gases t\u00f3xicos e perigosos.<\/p>\n<h3>Pre\u00e7o competitivo<\/h3>\n<p>Este separador de g\u00e1s de lama tem um pre\u00e7o competitivo que nunca vai pesar no seu bolso. Voc\u00ea pode encontrar diversas vers\u00f5es para ver qual se encaixa no seu or\u00e7amento e prosseguir com a compra.<\/p>\n<h2>PRINCIPAIS BENEF\u00cdCIOS DO SEPARADOR DE G\u00c1S DE LAMA<\/h2>\n<p>Quer saber como um separador de lama pode beneficiar voc\u00ea? Vamos dar uma olhada nas principais vantagens deste separador de lama abaixo para saber mais sobre o assunto:<\/p>\n<p><strong>As placas defletoras que existem dentro do recipiente deste separador de g\u00e1s de lama t\u00eam o potencial de criar a m\u00e1xima remo\u00e7\u00e3o de g\u00e1s livre da melhor maneira poss\u00edvel.\u00a0<\/strong><\/p>\n<p><strong>O design montado sobre uma base deste separador de g\u00e1s de lama pode garantir transporte, montagem e desmontagem mais f\u00e1ceis.\u00a0<\/strong><\/p>\n<p><strong>A unidade \u00e9 totalmente projetada e fabricada de acordo com os padr\u00f5es ISO para garantir qualidade e confiabilidade da melhor maneira poss\u00edvel.\u00a0<\/strong><\/p>\n<p>Isso \u00e9 tudo o que voc\u00ea precisa saber sobre o separador de g\u00e1s. Certifique-se de considerar as especifica\u00e7\u00f5es do aparelho antes de fazer qualquer compra.<\/p>\n<p>Confira tamb\u00e9m\u00a0<a href=\"https:\/\/solidscontrolworld.com\/pt\/misturador-de-lama-a-jato\/\">Misturador de lama a jato<\/a>\u00a0da nossa loja.<\/p>\n<\/div>\n<\/section>","protected":false},"excerpt":{"rendered":"<h3 class=\"widgettitle\">ESCRIT\u00d3RIO<\/h3>\n<div class=\"textwidget\">\n<p><strong>Endere\u00e7o:<\/strong><\/p>\n<p>Sala 1924, Bloco D, Pra\u00e7a Wanda, cidade de Tangshan, China.<\/p>\n<p><strong>Contato<\/strong><\/p>\n<p>info@solidscontrolworld.com<\/p>\n<p><strong>Telefone:<\/strong><\/p>\n<p>+86-18034158133<\/p>\n<p><strong>Fax:<\/strong><\/p>\n<p>+86-315-7651760<\/p>\n<p>Site: www.solidscontrolworld.com<\/p>\n<p><strong>Hor\u00e1rio de funcionamento:<\/strong><br \/>\nSeg-Sex: 8:00-17:30<\/p>\n<\/div>","protected":false},"featured_media":1421,"comment_status":"open","ping_status":"closed","template":"","meta":{"_seopress_robots_primary_cat":"none","_seopress_titles_title":"","_seopress_titles_desc":"","_seopress_robots_index":""},"product_brand":[],"product_cat":[57],"product_tag":[],"class_list":{"0":"post-1420","1":"product","2":"type-product","3":"status-publish","4":"has-post-thumbnail","6":"product_cat-solids-control-equipments","8":"first","9":"instock","10":"shipping-taxable","11":"product-type-simple"},"yoast_head":"<!-- This site is optimized with the Yoast SEO plugin v25.1 - https:\/\/yoast.com\/wordpress\/plugins\/seo\/ -->\n<title>Mud gas separator - Solids Control World<\/title>\n<meta name=\"robots\" content=\"index, follow, max-snippet:-1, max-image-preview:large, max-video-preview:-1\" \/>\n<link rel=\"canonical\" href=\"https:\/\/solidscontrolworld.com\/pt\/product\/separador-de-gas-de-lama\/\" \/>\n<meta property=\"og:locale\" content=\"pt_BR\" \/>\n<meta property=\"og:type\" content=\"article\" \/>\n<meta property=\"og:title\" content=\"Mud gas separator - Solids Control World\" \/>\n<meta property=\"og:description\" content=\"OFFICE   Address:  Room 1924 ,Block D ,Wanda plaza, Tangshan city,\u00a0 China.  Contact  info@solidscontrolworld.com  Tel:  +86-18034158133  Fax:  +86-315-7651760  Website:www.solidscontrolworld.com  Opening Hours: Mon-Fri: 8:00-17:30\" \/>\n<meta property=\"og:url\" content=\"https:\/\/solidscontrolworld.com\/pt\/product\/separador-de-gas-de-lama\/\" \/>\n<meta property=\"og:site_name\" content=\"Solids Control World\" \/>\n<meta property=\"article:modified_time\" content=\"2022-08-24T05:32:21+00:00\" \/>\n<meta property=\"og:image\" content=\"https:\/\/solidscontrolworld.com\/wp-content\/uploads\/2021\/05\/\u7a3f\u5b9a\u8bbe\u8ba1-16.png\" \/>\n\t<meta property=\"og:image:width\" content=\"200\" \/>\n\t<meta property=\"og:image:height\" content=\"200\" \/>\n\t<meta property=\"og:image:type\" content=\"image\/png\" \/>\n<meta name=\"twitter:card\" content=\"summary_large_image\" \/>\n<meta name=\"twitter:label1\" content=\"Est. tempo de leitura\" \/>\n\t<meta name=\"twitter:data1\" content=\"2 minutos\" \/>\n<!-- \/ Yoast SEO plugin. -->","yoast_head_json":{"title":"Separador de g\u00e1s de lama - Solids Control World","robots":{"index":"index","follow":"follow","max-snippet":"max-snippet:-1","max-image-preview":"max-image-preview:large","max-video-preview":"max-video-preview:-1"},"canonical":"https:\/\/solidscontrolworld.com\/pt\/product\/separador-de-gas-de-lama\/","og_locale":"pt_BR","og_type":"article","og_title":"Mud gas separator - Solids Control World","og_description":"OFFICE   Address:  Room 1924 ,Block D ,Wanda plaza, Tangshan city,\u00a0 China.  Contact  info@solidscontrolworld.com  Tel:  +86-18034158133  Fax:  +86-315-7651760  Website:www.solidscontrolworld.com  Opening Hours: Mon-Fri: 8:00-17:30","og_url":"https:\/\/solidscontrolworld.com\/pt\/product\/separador-de-gas-de-lama\/","og_site_name":"Solids Control World","article_modified_time":"2022-08-24T05:32:21+00:00","og_image":[{"width":200,"height":200,"url":"https:\/\/solidscontrolworld.com\/wp-content\/uploads\/2021\/05\/\u7a3f\u5b9a\u8bbe\u8ba1-16.png","type":"image\/png"}],"twitter_card":"summary_large_image","twitter_misc":{"Est. tempo de leitura":"2 minutos"},"schema":{"@context":"https:\/\/schema.org","@graph":[{"@type":"WebPage","@id":"https:\/\/solidscontrolworld.com\/product\/mud-gas-separator\/","url":"https:\/\/solidscontrolworld.com\/product\/mud-gas-separator\/","name":"Separador de g\u00e1s de lama - Solids Control World","isPartOf":{"@id":"https:\/\/solidscontrolworld.com\/#website"},"primaryImageOfPage":{"@id":"https:\/\/solidscontrolworld.com\/product\/mud-gas-separator\/#primaryimage"},"image":{"@id":"https:\/\/solidscontrolworld.com\/product\/mud-gas-separator\/#primaryimage"},"thumbnailUrl":"https:\/\/solidscontrolworld.com\/wp-content\/uploads\/2021\/05\/\u7a3f\u5b9a\u8bbe\u8ba1-16.png","datePublished":"2021-05-05T14:24:36+00:00","dateModified":"2022-08-24T05:32:21+00:00","breadcrumb":{"@id":"https:\/\/solidscontrolworld.com\/product\/mud-gas-separator\/#breadcrumb"},"inLanguage":"pt-BR","potentialAction":[{"@type":"ReadAction","target":["https:\/\/solidscontrolworld.com\/product\/mud-gas-separator\/"]}]},{"@type":"ImageObject","inLanguage":"pt-BR","@id":"https:\/\/solidscontrolworld.com\/product\/mud-gas-separator\/#primaryimage","url":"https:\/\/solidscontrolworld.com\/wp-content\/uploads\/2021\/05\/\u7a3f\u5b9a\u8bbe\u8ba1-16.png","contentUrl":"https:\/\/solidscontrolworld.com\/wp-content\/uploads\/2021\/05\/\u7a3f\u5b9a\u8bbe\u8ba1-16.png","width":200,"height":200},{"@type":"BreadcrumbList","@id":"https:\/\/solidscontrolworld.com\/product\/mud-gas-separator\/#breadcrumb","itemListElement":[{"@type":"ListItem","position":1,"name":"Home","item":"https:\/\/solidscontrolworld.com\/"},{"@type":"ListItem","position":2,"name":"Products","item":"https:\/\/solidscontrolworld.com\/shop\/"},{"@type":"ListItem","position":3,"name":"Mud gas separator"}]},{"@type":"WebSite","@id":"https:\/\/solidscontrolworld.com\/#website","url":"https:\/\/solidscontrolworld.com\/","name":"Mundo de controle de s\u00f3lidos","description":"","publisher":{"@id":"https:\/\/solidscontrolworld.com\/#\/schema\/person\/2c126362537c0f0e6d4a8dfba9fc68b0"},"potentialAction":[{"@type":"SearchAction","target":{"@type":"EntryPoint","urlTemplate":"https:\/\/solidscontrolworld.com\/?s={search_term_string}"},"query-input":{"@type":"PropertyValueSpecification","valueRequired":true,"valueName":"search_term_string"}}],"inLanguage":"pt-BR"},{"@type":["Person","Organization"],"@id":"https:\/\/solidscontrolworld.com\/#\/schema\/person\/2c126362537c0f0e6d4a8dfba9fc68b0","name":"mundo de controle de s\u00f3lidos","logo":{"@id":"https:\/\/solidscontrolworld.com\/#\/schema\/person\/image\/"},"sameAs":["https:\/\/solidscontrolworld.com"]}]}},"_links":{"self":[{"href":"https:\/\/solidscontrolworld.com\/pt\/wp-json\/wp\/v2\/product\/1420","targetHints":{"allow":["GET"]}}],"collection":[{"href":"https:\/\/solidscontrolworld.com\/pt\/wp-json\/wp\/v2\/product"}],"about":[{"href":"https:\/\/solidscontrolworld.com\/pt\/wp-json\/wp\/v2\/types\/product"}],"replies":[{"embeddable":true,"href":"https:\/\/solidscontrolworld.com\/pt\/wp-json\/wp\/v2\/comments?post=1420"}],"version-history":[{"count":0,"href":"https:\/\/solidscontrolworld.com\/pt\/wp-json\/wp\/v2\/product\/1420\/revisions"}],"wp:featuredmedia":[{"embeddable":true,"href":"https:\/\/solidscontrolworld.com\/pt\/wp-json\/wp\/v2\/media\/1421"}],"wp:attachment":[{"href":"https:\/\/solidscontrolworld.com\/pt\/wp-json\/wp\/v2\/media?parent=1420"}],"wp:term":[{"taxonomy":"product_brand","embeddable":true,"href":"https:\/\/solidscontrolworld.com\/pt\/wp-json\/wp\/v2\/product_brand?post=1420"},{"taxonomy":"product_cat","embeddable":true,"href":"https:\/\/solidscontrolworld.com\/pt\/wp-json\/wp\/v2\/product_cat?post=1420"},{"taxonomy":"product_tag","embeddable":true,"href":"https:\/\/solidscontrolworld.com\/pt\/wp-json\/wp\/v2\/product_tag?post=1420"}],"curies":[{"name":"wp","href":"https:\/\/api.w.org\/{rel}","templated":true}]}}