{"id":1422,"date":"2021-05-05T14:26:16","date_gmt":"2021-05-05T14:26:16","guid":{"rendered":"https:\/\/solidscontrolworld.com\/?post_type=product&#038;p=1422"},"modified":"2022-08-24T05:35:43","modified_gmt":"2022-08-24T05:35:43","slug":"misturador-de-lama-a-jato","status":"publish","type":"product","link":"https:\/\/solidscontrolworld.com\/pt\/product\/misturador-de-lama-a-jato\/","title":{"rendered":"Misturador de lama a jato"},"content":{"rendered":"<div class=\"flex_column av_one_full flex_column_div av-zero-column-padding first avia-builder-el-3 el_after_av_one_full el_before_av_one_full column-top-margin\">\n<section class=\"av_textblock_section\">\n<div class=\"avia_textblock\">\n<table border=\"0\" width=\"1234\" cellspacing=\"0\" cellpadding=\"0\">\n<tbody>\n<tr>\n<td class=\"kso0\" width=\"174\">Modelo<\/td>\n<td class=\"kso1\" width=\"213\">ABSLH155<\/td>\n<td class=\"kso2\" width=\"213\">ABSLH155<\/td>\n<td class=\"kso3\" width=\"212\">ABSLH154<\/td>\n<td class=\"kso4\" width=\"211\">ABSLH153<\/td>\n<td class=\"kso5\" width=\"210\">ABSLH125<\/td>\n<\/tr>\n<tr>\n<td class=\"kso6\" width=\"174\">Capacidade<\/td>\n<td class=\"kso7\" width=\"213\">280 m3\/h<\/td>\n<td class=\"kso8\" width=\"213\">240 m3\/h<\/td>\n<td class=\"kso9\" width=\"212\">180m3\/h<\/td>\n<td class=\"kso10\" width=\"211\">120m3\/h<\/td>\n<td class=\"kso11\" width=\"210\">60m3\/h<\/td>\n<\/tr>\n<tr>\n<td class=\"kso12\" width=\"174\">Press\u00e3o<\/td>\n<td class=\"kso13\" width=\"213\">0,25~0,40 Mpa<\/td>\n<td class=\"kso14\" width=\"213\">0,25~0,40 Mpa<\/td>\n<td class=\"kso15\" width=\"212\">0,25~0,40 Mpa<\/td>\n<td class=\"kso16\" width=\"211\">0,25~0,40 Mpa<\/td>\n<td class=\"kso17\" width=\"210\">0,25~0,40 Mpa<\/td>\n<\/tr>\n<tr>\n<td class=\"kso18\" width=\"174\">Entrada<\/td>\n<td class=\"kso19\" width=\"213\">150 mm<\/td>\n<td class=\"kso20\" width=\"213\">150 mm<\/td>\n<td class=\"kso21\" width=\"212\">150 mm<\/td>\n<td class=\"kso22\" width=\"211\">150 mm<\/td>\n<td class=\"kso23\" width=\"210\">100 mm<\/td>\n<\/tr>\n<tr>\n<td class=\"kso24\" width=\"174\">Calibre do bico<\/td>\n<td class=\"kso25\" width=\"213\">50 mm<\/td>\n<td class=\"kso26\" width=\"213\">50 mm<\/td>\n<td class=\"kso27\" width=\"212\">40 mm<\/td>\n<td class=\"kso28\" width=\"211\">35 mm<\/td>\n<td class=\"kso29\" width=\"210\">25 mm<\/td>\n<\/tr>\n<tr>\n<td class=\"kso30\" width=\"174\">Di\u00e2metro do funil<\/td>\n<td class=\"kso31\" width=\"213\">750x750 mm<\/td>\n<td class=\"kso32\" width=\"213\">750x750 mm<\/td>\n<td class=\"kso33\" width=\"212\">650x650 mm<\/td>\n<td class=\"kso34\" width=\"211\">600x600 mm<\/td>\n<td class=\"kso35\" width=\"210\">500x500 mm<\/td>\n<\/tr>\n<tr>\n<td class=\"kso36\" width=\"174\">Velocidade de carga<\/td>\n<td class=\"kso37\" width=\"213\">\u2264150Kg\/min<\/td>\n<td class=\"kso38\" width=\"213\">\u2264120Kg\/min<\/td>\n<td class=\"kso39\" width=\"212\">\u2264100Kg\/min<\/td>\n<td class=\"kso40\" width=\"211\">\u226460Kg\/min<\/td>\n<td class=\"kso41\" width=\"210\">\u226440Kg\/min<\/td>\n<\/tr>\n<tr>\n<td class=\"kso42\" width=\"174\">Densidade<\/td>\n<td class=\"kso43\" width=\"213\">\u22642,8g\/cm3<\/td>\n<td class=\"kso44\" width=\"213\">\u22642,8g\/cm3<\/td>\n<td class=\"kso45\" width=\"212\">2,4g\/cm3<\/td>\n<td class=\"kso46\" width=\"211\">\u22642,0g\/cm3<\/td>\n<td class=\"kso47\" width=\"210\">\u22641,5g\/cm3<\/td>\n<\/tr>\n<tr>\n<td class=\"kso48\" width=\"174\">Viscosidade<\/td>\n<td class=\"kso49\" width=\"213\">\u2264120s<\/td>\n<td class=\"kso50\" width=\"213\">\u2264120s<\/td>\n<td class=\"kso51\" width=\"212\">\u2264100s<\/td>\n<td class=\"kso52\" width=\"211\">\u226480s<\/td>\n<td class=\"kso53\" width=\"210\">\u226460s<\/td>\n<\/tr>\n<\/tbody>\n<\/table>\n<\/div>\n<\/section>\n<\/div>\n<div class=\"flex_column av_one_full flex_column_div av-zero-column-padding first avia-builder-el-5 el_after_av_one_full avia-builder-el-last column-top-margin\">\n<section class=\"av_textblock_section\">\n<div class=\"avia_textblock\">\n<h2>MISTURADOR DE LAMA A JATO<\/h2>\n<p>O misturador de lama a jato \u00e9 utilizado na ind\u00fastria, especialmente na constru\u00e7\u00e3o civil. \u00c9 um equipamento pesado utilizado para aumentar o peso dos l\u00edquidos, especialmente pela adi\u00e7\u00e3o de bentonita. Tamb\u00e9m \u00e9 usado para alterar a viscosidade de um l\u00edquido, juntamente com a densidade do fluido. Ele tamb\u00e9m desempenha a fun\u00e7\u00e3o de desidrata\u00e7\u00e3o em locais onde se deseja remover \u00e1gua.<\/p>\n<h2>CARACTER\u00cdSTICAS DO MISTURADOR DE LAMA A JATO:<\/h2>\n<p>Apresentamos abaixo diversas caracter\u00edsticas do misturador de lama Jet. Voc\u00ea pode conferir para ter uma ideia melhor do nosso produto.<\/p>\n<p><strong>5 modelos est\u00e3o dispon\u00edveis conosco. Cada modelo \u00e9 o melhor em design e efici\u00eancia. Varia em diferentes caracter\u00edsticas espec\u00edficas de cada tipo.\u00a0<\/strong><\/p>\n<p><strong>Cada modelo permite uma densidade espec\u00edfica de fluido, o que pode ser muito ben\u00e9fico durante o uso. Dispon\u00edvel em diversas densidades, o que o torna muito eficaz.<\/strong><\/p>\n<p><strong>Cada modelo tem sua press\u00e3o. Voc\u00ea pode comprar de acordo com suas necessidades e requisitos para uma tarefa espec\u00edfica que esteja tentando executar. Depende de muitos fatores.\u00a0<\/strong><\/p>\n<p><strong>Para dois dos modelos, o calibre do bico \u00e9 de 50 mm, enquanto para os outros \u00e9 de 25 mm, 35 mm e 40 mm\u00a0<\/strong><\/p>\n<p><strong>Cada modelo possui uma viscosidade diferente para um tipo espec\u00edfico de fluido. Voc\u00ea pode escolher de acordo com sua necessidade. Misturadores de lama a jato s\u00e3o usados principalmente para alterar a viscosidade do fluido. Voc\u00ea deve ter em mente a viscosidade espec\u00edfica que deseja adicionar ao fluido antes de comprar o modelo.\u00a0 \u00a0<\/strong><\/p>\n<h2>BENEF\u00cdCIOS DESTE MISTURADOR:<\/h2>\n<p>Voc\u00ea pode obter diversos benef\u00edcios com o misturador de lama Jet. Alguns dos benef\u00edcios mais importantes est\u00e3o listados abaixo.<\/p>\n<p><strong>Permite que voc\u00ea tenha controle adequado ao alterar a densidade e a viscosidade do fluido\u00a0<\/strong><\/p>\n<p><strong>\u00c9 muito acess\u00edvel e tamb\u00e9m oferece efici\u00eancia.<\/strong><\/p>\n<p><strong>O peso do misturador de lama Jet \u00e9 muito leve, o que o torna muito pr\u00e1tico.\u00a0<\/strong><\/p>\n<p><strong>Ele pode alterar a densidade do fluido em diferentes compartimentos, o que o torna muito conveniente.\u00a0<\/strong><\/p>\n<p><strong>Voc\u00ea pode regular o fluxo de acordo com sua escolha<\/strong><\/p>\n<p><strong>Nossos misturadores de lama Jet s\u00e3o de alta qualidade e duram mais do que voc\u00ea imagina.\u00a0<\/strong><\/p>\n<p><strong>Eles s\u00e3o muito f\u00e1ceis e pr\u00e1ticos de usar.\u00a0<\/strong><\/p>\n<p>Alguns dos melhores recursos e benef\u00edcios que voc\u00ea pode obter com nossos misturadores de lama Jet s\u00e3o mencionados. Voc\u00ea pode conferir nossos produtos e comprar de acordo com suas necessidades, dentre os diversos modelos dispon\u00edveis. Eles s\u00e3o ben\u00e9ficos para diversos fins industriais e comerciais.<\/p>\n<\/div>\n<\/section>\n<\/div>","protected":false},"excerpt":{"rendered":"<h3 class=\"widgettitle\">ESCRIT\u00d3RIO<\/h3>\n<div class=\"textwidget\">\n<p><strong>Endere\u00e7o<\/strong><br \/>\n10800 West Pico Boulevard<br \/>\nLos Angeles, EUA<\/p>\n<p><strong>Contato<\/strong><br \/>\noffice@en-co.com<br \/>\n555-3587 347<\/p>\n<p><strong>Hor\u00e1rio de funcionamento:<\/strong><br \/>\nSeg-Sex: 8:00-19:00<br \/>\nS\u00e1b: 8:00-14:00<br \/>\nEnt\u00e3o: fechado<\/p>\n<\/div>","protected":false},"featured_media":1423,"comment_status":"open","ping_status":"closed","template":"","meta":{"_seopress_robots_primary_cat":"none","_seopress_titles_title":"","_seopress_titles_desc":"","_seopress_robots_index":""},"product_brand":[],"product_cat":[57],"product_tag":[],"class_list":{"0":"post-1422","1":"product","2":"type-product","3":"status-publish","4":"has-post-thumbnail","6":"product_cat-solids-control-equipments","8":"first","9":"instock","10":"shipping-taxable","11":"product-type-simple"},"yoast_head":"<!-- This site is optimized with the Yoast SEO plugin v25.1 - https:\/\/yoast.com\/wordpress\/plugins\/seo\/ -->\n<title>Jet mud mixer - Solids Control World<\/title>\n<meta name=\"robots\" content=\"index, follow, max-snippet:-1, max-image-preview:large, max-video-preview:-1\" \/>\n<link rel=\"canonical\" href=\"https:\/\/solidscontrolworld.com\/pt\/product\/misturador-de-lama-a-jato\/\" \/>\n<meta property=\"og:locale\" content=\"pt_BR\" \/>\n<meta property=\"og:type\" content=\"article\" \/>\n<meta property=\"og:title\" content=\"Jet mud mixer - Solids Control World\" \/>\n<meta property=\"og:description\" content=\"OFFICE   Address 10800 West Pico Boulevard Los Angeles, USA  Contact office@en-co.com 555-3587 347  Opening Hours: Mo-Fr: 8:00-19:00 Sa: 8:00-14:00 So: closed\" \/>\n<meta property=\"og:url\" content=\"https:\/\/solidscontrolworld.com\/pt\/product\/misturador-de-lama-a-jato\/\" \/>\n<meta property=\"og:site_name\" content=\"Solids Control World\" \/>\n<meta property=\"article:modified_time\" content=\"2022-08-24T05:35:43+00:00\" \/>\n<meta property=\"og:image\" content=\"https:\/\/solidscontrolworld.com\/wp-content\/uploads\/2021\/05\/\u7a3f\u5b9a\u8bbe\u8ba1-3.png\" \/>\n\t<meta property=\"og:image:width\" content=\"200\" \/>\n\t<meta property=\"og:image:height\" content=\"200\" \/>\n\t<meta property=\"og:image:type\" content=\"image\/png\" \/>\n<meta name=\"twitter:card\" content=\"summary_large_image\" \/>\n<meta name=\"twitter:label1\" content=\"Est. tempo de leitura\" \/>\n\t<meta name=\"twitter:data1\" content=\"3 minutos\" \/>\n<!-- \/ Yoast SEO plugin. -->","yoast_head_json":{"title":"Misturador de lama a jato - Solids Control World","robots":{"index":"index","follow":"follow","max-snippet":"max-snippet:-1","max-image-preview":"max-image-preview:large","max-video-preview":"max-video-preview:-1"},"canonical":"https:\/\/solidscontrolworld.com\/pt\/product\/misturador-de-lama-a-jato\/","og_locale":"pt_BR","og_type":"article","og_title":"Jet mud mixer - Solids Control World","og_description":"OFFICE   Address 10800 West Pico Boulevard Los Angeles, USA  Contact office@en-co.com 555-3587 347  Opening Hours: Mo-Fr: 8:00-19:00 Sa: 8:00-14:00 So: closed","og_url":"https:\/\/solidscontrolworld.com\/pt\/product\/misturador-de-lama-a-jato\/","og_site_name":"Solids Control World","article_modified_time":"2022-08-24T05:35:43+00:00","og_image":[{"width":200,"height":200,"url":"https:\/\/solidscontrolworld.com\/wp-content\/uploads\/2021\/05\/\u7a3f\u5b9a\u8bbe\u8ba1-3.png","type":"image\/png"}],"twitter_card":"summary_large_image","twitter_misc":{"Est. tempo de leitura":"3 minutos"},"schema":{"@context":"https:\/\/schema.org","@graph":[{"@type":"WebPage","@id":"https:\/\/solidscontrolworld.com\/product\/jet-mud-mixer\/","url":"https:\/\/solidscontrolworld.com\/product\/jet-mud-mixer\/","name":"Misturador de lama a jato - Solids Control World","isPartOf":{"@id":"https:\/\/solidscontrolworld.com\/#website"},"primaryImageOfPage":{"@id":"https:\/\/solidscontrolworld.com\/product\/jet-mud-mixer\/#primaryimage"},"image":{"@id":"https:\/\/solidscontrolworld.com\/product\/jet-mud-mixer\/#primaryimage"},"thumbnailUrl":"https:\/\/solidscontrolworld.com\/wp-content\/uploads\/2021\/05\/\u7a3f\u5b9a\u8bbe\u8ba1-3.png","datePublished":"2021-05-05T14:26:16+00:00","dateModified":"2022-08-24T05:35:43+00:00","breadcrumb":{"@id":"https:\/\/solidscontrolworld.com\/product\/jet-mud-mixer\/#breadcrumb"},"inLanguage":"pt-BR","potentialAction":[{"@type":"ReadAction","target":["https:\/\/solidscontrolworld.com\/product\/jet-mud-mixer\/"]}]},{"@type":"ImageObject","inLanguage":"pt-BR","@id":"https:\/\/solidscontrolworld.com\/product\/jet-mud-mixer\/#primaryimage","url":"https:\/\/solidscontrolworld.com\/wp-content\/uploads\/2021\/05\/\u7a3f\u5b9a\u8bbe\u8ba1-3.png","contentUrl":"https:\/\/solidscontrolworld.com\/wp-content\/uploads\/2021\/05\/\u7a3f\u5b9a\u8bbe\u8ba1-3.png","width":200,"height":200},{"@type":"BreadcrumbList","@id":"https:\/\/solidscontrolworld.com\/product\/jet-mud-mixer\/#breadcrumb","itemListElement":[{"@type":"ListItem","position":1,"name":"Home","item":"https:\/\/solidscontrolworld.com\/"},{"@type":"ListItem","position":2,"name":"Products","item":"https:\/\/solidscontrolworld.com\/shop\/"},{"@type":"ListItem","position":3,"name":"Jet mud mixer"}]},{"@type":"WebSite","@id":"https:\/\/solidscontrolworld.com\/#website","url":"https:\/\/solidscontrolworld.com\/","name":"Mundo de controle de s\u00f3lidos","description":"","publisher":{"@id":"https:\/\/solidscontrolworld.com\/#\/schema\/person\/2c126362537c0f0e6d4a8dfba9fc68b0"},"potentialAction":[{"@type":"SearchAction","target":{"@type":"EntryPoint","urlTemplate":"https:\/\/solidscontrolworld.com\/?s={search_term_string}"},"query-input":{"@type":"PropertyValueSpecification","valueRequired":true,"valueName":"search_term_string"}}],"inLanguage":"pt-BR"},{"@type":["Person","Organization"],"@id":"https:\/\/solidscontrolworld.com\/#\/schema\/person\/2c126362537c0f0e6d4a8dfba9fc68b0","name":"mundo de controle de s\u00f3lidos","logo":{"@id":"https:\/\/solidscontrolworld.com\/#\/schema\/person\/image\/"},"sameAs":["https:\/\/solidscontrolworld.com"]}]}},"_links":{"self":[{"href":"https:\/\/solidscontrolworld.com\/pt\/wp-json\/wp\/v2\/product\/1422","targetHints":{"allow":["GET"]}}],"collection":[{"href":"https:\/\/solidscontrolworld.com\/pt\/wp-json\/wp\/v2\/product"}],"about":[{"href":"https:\/\/solidscontrolworld.com\/pt\/wp-json\/wp\/v2\/types\/product"}],"replies":[{"embeddable":true,"href":"https:\/\/solidscontrolworld.com\/pt\/wp-json\/wp\/v2\/comments?post=1422"}],"version-history":[{"count":0,"href":"https:\/\/solidscontrolworld.com\/pt\/wp-json\/wp\/v2\/product\/1422\/revisions"}],"wp:featuredmedia":[{"embeddable":true,"href":"https:\/\/solidscontrolworld.com\/pt\/wp-json\/wp\/v2\/media\/1423"}],"wp:attachment":[{"href":"https:\/\/solidscontrolworld.com\/pt\/wp-json\/wp\/v2\/media?parent=1422"}],"wp:term":[{"taxonomy":"product_brand","embeddable":true,"href":"https:\/\/solidscontrolworld.com\/pt\/wp-json\/wp\/v2\/product_brand?post=1422"},{"taxonomy":"product_cat","embeddable":true,"href":"https:\/\/solidscontrolworld.com\/pt\/wp-json\/wp\/v2\/product_cat?post=1422"},{"taxonomy":"product_tag","embeddable":true,"href":"https:\/\/solidscontrolworld.com\/pt\/wp-json\/wp\/v2\/product_tag?post=1422"}],"curies":[{"name":"wp","href":"https:\/\/api.w.org\/{rel}","templated":true}]}}