{"id":1424,"date":"2021-05-05T14:28:24","date_gmt":"2021-05-05T14:28:24","guid":{"rendered":"https:\/\/solidscontrolworld.com\/?post_type=product&#038;p=1424"},"modified":"2022-05-19T07:22:52","modified_gmt":"2022-05-19T07:22:52","slug":"transportador-helicoidal","status":"publish","type":"product","link":"https:\/\/solidscontrolworld.com\/pt\/product\/transportador-helicoidal\/","title":{"rendered":"Transportador helicoidal"},"content":{"rendered":"<h2>TRANSPORTADOR DE PARAFUSO<\/h2>\n<p>O transportador helicoidal funciona com um mecanismo espec\u00edfico que movimenta part\u00edculas granulares e l\u00edquidos. \u00c9 usado principalmente para fins construtivos e industriais na maioria das empresas. Utiliza uma l\u00e2mina helicoidal rotativa, tamb\u00e9m chamada de helicoidal. Pessoas ligadas ao trabalho industrial conhecem a import\u00e2ncia dos transportadores helicoidais.<\/p>\n<h2>CARACTER\u00cdSTICAS DO TRANSPORTADOR DE PARAFUSO<\/h2>\n<p>Voc\u00ea pode obter diversos recursos ao utilizar nosso transportador helicoidal. Alguns dos recursos mais importantes de um transportador helicoidal s\u00e3o descritos abaixo.<\/p>\n<p>Voc\u00ea pode encontrar diversos modelos de transportadores helicoidais. Fabricamos diversos modelos de acordo com as necessidades e requisitos de cada canteiro de obras.<\/p>\n<h3>O fluxo de part\u00edculas fluidas e granulares<\/h3>\n<p>O fluxo de fluidos e part\u00edculas granulares \u00e9 determinado e muito uniforme durante o uso de um transportador. Para cada modelo, h\u00e1 um fluxo espec\u00edfico de material. O fluxo uniforme e suave do material facilitar\u00e1 seu trabalho mec\u00e2nico.<\/p>\n<h3>A efici\u00eancia do transportador helicoidal<\/h3>\n<p>Um transportador fabricado por n\u00f3s \u00e9 muito eficiente na execu\u00e7\u00e3o da tarefa. Ele n\u00e3o perde efici\u00eancia mesmo ap\u00f3s um longo per\u00edodo de uso. Voc\u00ea pode us\u00e1-lo por mais tempo sem causar danos.<\/p>\n<h3>Pot\u00eancia de sa\u00edda e entrada<\/h3>\n<p>Nosso transportador possui uma enorme pot\u00eancia de sa\u00edda e entrada, o que o torna muito eficaz durante o trabalho. Para cada modelo, a pot\u00eancia de sa\u00edda e entrada varia de acordo com a necessidade.<\/p>\n<h3>Velocidade de rota\u00e7\u00e3o<\/h3>\n<p>Como o transportador funciona com base no fen\u00f4meno da energia cin\u00e9tica rotacional, ele requer uma velocidade de rota\u00e7\u00e3o enorme. Voc\u00ea pode obter nosso transportador helicoidal com alta velocidade de rota\u00e7\u00e3o para cada um dos modelos.<\/p>\n<h2>BENEF\u00cdCIOS DO TRANSPORTADOR DE PARADAS:<\/h2>\n<p>Voc\u00ea pode obter diversos benef\u00edcios com a esteira. Alguns dos mais importantes est\u00e3o listados abaixo.<\/p>\n<p><strong>Ele permite que voc\u00ea tenha controle adequado durante o movimento de part\u00edculas fluidas e granulares.\u00a0<\/strong><\/p>\n<p><strong>\u00c9 muito acess\u00edvel e tamb\u00e9m oferece efici\u00eancia.<\/strong><\/p>\n<p><strong>O peso do transportador \u00e9 muito leve, o que o torna muito pr\u00e1tico.\u00a0<\/strong><\/p>\n<p><strong>Ele pode permitir o movimento de fluidos e part\u00edculas granulares em diferentes compartimentos, o que o torna muito conveniente.\u00a0<\/strong><\/p>\n<p><strong>Voc\u00ea pode regular o fluxo de acordo com sua escolha<\/strong><\/p>\n<p><strong>Nosso transportador \u00e9 de alta qualidade e durar\u00e1 mais do que voc\u00ea imagina.\u00a0<\/strong><\/p>\n<p><strong>Eles s\u00e3o muito f\u00e1ceis e pr\u00e1ticos de usar.\u00a0<\/strong><\/p>\n<p>Alguns dos melhores recursos e benef\u00edcios que voc\u00ea pode obter com nosso transportador s\u00e3o mencionados. Voc\u00ea pode conferir nosso produto e comprar de acordo com suas necessidades, dentre os diversos modelos dispon\u00edveis. Eles s\u00e3o ben\u00e9ficos para diversos fins industriais e comerciais.<\/p>\n<p>Tamb\u00e9m Checkout\u00a0<a href=\"https:\/\/solidscontrolworld.com\/pt\/bomba-de-parafuso\/\">Bomba de parafuso<\/a>\u00a0da nossa loja.<\/p>","protected":false},"excerpt":{"rendered":"<section id=\"text-2\" class=\"widget clearfix widget_text\">\n<h3 class=\"widgettitle\">ESCRIT\u00d3RIO<\/h3>\n<div class=\"textwidget\">\n<p><strong>Endere\u00e7o:<\/strong><\/p>\n<p>Sala 1924, Bloco D, Pra\u00e7a Wanda, cidade de Tangshan, China.<\/p>\n<p><strong>Contato<\/strong><\/p>\n<p>info@solidscontrolworld.com<\/p>\n<p><strong>Telefone:<\/strong><\/p>\n<p>+86-18034158133<\/p>\n<p><strong>Fax:<\/strong><\/p>\n<p>+86-315-7651760<\/p>\n<p>Site: www.solidscontrolworld.com<\/p>\n<p><strong>Hor\u00e1rio de funcionamento:<\/strong><br \/>\nSeg-Sex: 8:00-17:30<\/p>\n<\/div>\n<\/section>","protected":false},"featured_media":1425,"comment_status":"open","ping_status":"closed","template":"","meta":{"_seopress_robots_primary_cat":"","_seopress_titles_title":"","_seopress_titles_desc":"","_seopress_robots_index":""},"product_brand":[],"product_cat":[57],"product_tag":[],"class_list":{"0":"post-1424","1":"product","2":"type-product","3":"status-publish","4":"has-post-thumbnail","6":"product_cat-solids-control-equipments","8":"first","9":"instock","10":"shipping-taxable","11":"product-type-simple"},"yoast_head":"<!-- This site is optimized with the Yoast SEO plugin v25.1 - https:\/\/yoast.com\/wordpress\/plugins\/seo\/ -->\n<title>Screw conveyor - Solids Control World<\/title>\n<meta name=\"robots\" content=\"index, follow, max-snippet:-1, max-image-preview:large, max-video-preview:-1\" \/>\n<link rel=\"canonical\" href=\"https:\/\/solidscontrolworld.com\/pt\/product\/transportador-helicoidal\/\" \/>\n<meta property=\"og:locale\" content=\"pt_BR\" \/>\n<meta property=\"og:type\" content=\"article\" \/>\n<meta property=\"og:title\" content=\"Screw conveyor - Solids Control World\" \/>\n<meta property=\"og:description\" content=\"OFFICE   Address:  Room 1924 ,Block D ,Wanda plaza, Tangshan city,\u00a0 China.  Contact  info@solidscontrolworld.com  Tel:  +86-18034158133  Fax:  +86-315-7651760  Website:www.solidscontrolworld.com  Opening Hours: Mon-Fri: 8:00-17:30\" \/>\n<meta property=\"og:url\" content=\"https:\/\/solidscontrolworld.com\/pt\/product\/transportador-helicoidal\/\" \/>\n<meta property=\"og:site_name\" content=\"Solids Control World\" \/>\n<meta property=\"article:modified_time\" content=\"2022-05-19T07:22:52+00:00\" \/>\n<meta property=\"og:image\" content=\"https:\/\/solidscontrolworld.com\/wp-content\/uploads\/2021\/05\/\u7a3f\u5b9a\u8bbe\u8ba1-4.png\" \/>\n\t<meta property=\"og:image:width\" content=\"200\" \/>\n\t<meta property=\"og:image:height\" content=\"200\" \/>\n\t<meta property=\"og:image:type\" content=\"image\/png\" \/>\n<meta name=\"twitter:card\" content=\"summary_large_image\" \/>\n<meta name=\"twitter:label1\" content=\"Est. tempo de leitura\" \/>\n\t<meta name=\"twitter:data1\" content=\"2 minutos\" \/>\n<!-- \/ Yoast SEO plugin. -->","yoast_head_json":{"title":"Transportador helicoidal - Solids Control World","robots":{"index":"index","follow":"follow","max-snippet":"max-snippet:-1","max-image-preview":"max-image-preview:large","max-video-preview":"max-video-preview:-1"},"canonical":"https:\/\/solidscontrolworld.com\/pt\/product\/transportador-helicoidal\/","og_locale":"pt_BR","og_type":"article","og_title":"Screw conveyor - Solids Control World","og_description":"OFFICE   Address:  Room 1924 ,Block D ,Wanda plaza, Tangshan city,\u00a0 China.  Contact  info@solidscontrolworld.com  Tel:  +86-18034158133  Fax:  +86-315-7651760  Website:www.solidscontrolworld.com  Opening Hours: Mon-Fri: 8:00-17:30","og_url":"https:\/\/solidscontrolworld.com\/pt\/product\/transportador-helicoidal\/","og_site_name":"Solids Control World","article_modified_time":"2022-05-19T07:22:52+00:00","og_image":[{"width":200,"height":200,"url":"https:\/\/solidscontrolworld.com\/wp-content\/uploads\/2021\/05\/\u7a3f\u5b9a\u8bbe\u8ba1-4.png","type":"image\/png"}],"twitter_card":"summary_large_image","twitter_misc":{"Est. tempo de leitura":"2 minutos"},"schema":{"@context":"https:\/\/schema.org","@graph":[{"@type":"WebPage","@id":"https:\/\/solidscontrolworld.com\/product\/screw-conveyor\/","url":"https:\/\/solidscontrolworld.com\/product\/screw-conveyor\/","name":"Transportador helicoidal - Solids Control World","isPartOf":{"@id":"https:\/\/solidscontrolworld.com\/#website"},"primaryImageOfPage":{"@id":"https:\/\/solidscontrolworld.com\/product\/screw-conveyor\/#primaryimage"},"image":{"@id":"https:\/\/solidscontrolworld.com\/product\/screw-conveyor\/#primaryimage"},"thumbnailUrl":"https:\/\/solidscontrolworld.com\/wp-content\/uploads\/2021\/05\/\u7a3f\u5b9a\u8bbe\u8ba1-4.png","datePublished":"2021-05-05T14:28:24+00:00","dateModified":"2022-05-19T07:22:52+00:00","breadcrumb":{"@id":"https:\/\/solidscontrolworld.com\/product\/screw-conveyor\/#breadcrumb"},"inLanguage":"pt-BR","potentialAction":[{"@type":"ReadAction","target":["https:\/\/solidscontrolworld.com\/product\/screw-conveyor\/"]}]},{"@type":"ImageObject","inLanguage":"pt-BR","@id":"https:\/\/solidscontrolworld.com\/product\/screw-conveyor\/#primaryimage","url":"https:\/\/solidscontrolworld.com\/wp-content\/uploads\/2021\/05\/\u7a3f\u5b9a\u8bbe\u8ba1-4.png","contentUrl":"https:\/\/solidscontrolworld.com\/wp-content\/uploads\/2021\/05\/\u7a3f\u5b9a\u8bbe\u8ba1-4.png","width":200,"height":200},{"@type":"BreadcrumbList","@id":"https:\/\/solidscontrolworld.com\/product\/screw-conveyor\/#breadcrumb","itemListElement":[{"@type":"ListItem","position":1,"name":"Home","item":"https:\/\/solidscontrolworld.com\/"},{"@type":"ListItem","position":2,"name":"Products","item":"https:\/\/solidscontrolworld.com\/shop\/"},{"@type":"ListItem","position":3,"name":"Screw conveyor"}]},{"@type":"WebSite","@id":"https:\/\/solidscontrolworld.com\/#website","url":"https:\/\/solidscontrolworld.com\/","name":"Mundo de controle de s\u00f3lidos","description":"","publisher":{"@id":"https:\/\/solidscontrolworld.com\/#\/schema\/person\/2c126362537c0f0e6d4a8dfba9fc68b0"},"potentialAction":[{"@type":"SearchAction","target":{"@type":"EntryPoint","urlTemplate":"https:\/\/solidscontrolworld.com\/?s={search_term_string}"},"query-input":{"@type":"PropertyValueSpecification","valueRequired":true,"valueName":"search_term_string"}}],"inLanguage":"pt-BR"},{"@type":["Person","Organization"],"@id":"https:\/\/solidscontrolworld.com\/#\/schema\/person\/2c126362537c0f0e6d4a8dfba9fc68b0","name":"mundo de controle de s\u00f3lidos","logo":{"@id":"https:\/\/solidscontrolworld.com\/#\/schema\/person\/image\/"},"sameAs":["https:\/\/solidscontrolworld.com"]}]}},"_links":{"self":[{"href":"https:\/\/solidscontrolworld.com\/pt\/wp-json\/wp\/v2\/product\/1424","targetHints":{"allow":["GET"]}}],"collection":[{"href":"https:\/\/solidscontrolworld.com\/pt\/wp-json\/wp\/v2\/product"}],"about":[{"href":"https:\/\/solidscontrolworld.com\/pt\/wp-json\/wp\/v2\/types\/product"}],"replies":[{"embeddable":true,"href":"https:\/\/solidscontrolworld.com\/pt\/wp-json\/wp\/v2\/comments?post=1424"}],"version-history":[{"count":0,"href":"https:\/\/solidscontrolworld.com\/pt\/wp-json\/wp\/v2\/product\/1424\/revisions"}],"wp:featuredmedia":[{"embeddable":true,"href":"https:\/\/solidscontrolworld.com\/pt\/wp-json\/wp\/v2\/media\/1425"}],"wp:attachment":[{"href":"https:\/\/solidscontrolworld.com\/pt\/wp-json\/wp\/v2\/media?parent=1424"}],"wp:term":[{"taxonomy":"product_brand","embeddable":true,"href":"https:\/\/solidscontrolworld.com\/pt\/wp-json\/wp\/v2\/product_brand?post=1424"},{"taxonomy":"product_cat","embeddable":true,"href":"https:\/\/solidscontrolworld.com\/pt\/wp-json\/wp\/v2\/product_cat?post=1424"},{"taxonomy":"product_tag","embeddable":true,"href":"https:\/\/solidscontrolworld.com\/pt\/wp-json\/wp\/v2\/product_tag?post=1424"}],"curies":[{"name":"wp","href":"https:\/\/api.w.org\/{rel}","templated":true}]}}