{"id":1432,"date":"2021-05-05T14:45:35","date_gmt":"2021-05-05T14:45:35","guid":{"rendered":"https:\/\/solidscontrolworld.com\/?post_type=product&#038;p=1432"},"modified":"2024-09-20T06:04:30","modified_gmt":"2024-09-20T06:04:30","slug":"peneira-vibratoria-com-estrutura-de-aco","status":"publish","type":"product","link":"https:\/\/solidscontrolworld.com\/pt\/product\/peneira-vibratoria-com-estrutura-de-aco\/","title":{"rendered":"Tela vibrat\u00f3ria com estrutura de a\u00e7o"},"content":{"rendered":"<div class=\"flex_column av_one_full flex_column_div av-zero-column-padding first avia-builder-el-6 el_after_av_one_half el_before_av_textblock column-top-margin\">\n<section class=\"av_textblock_section\">\n<div class=\"avia_textblock\">\n<table border=\"0\" cellspacing=\"0\">\n<tbody>\n<tr>\n<td valign=\"top\" width=\"133\">\n<p class=\"p\"><strong>Tela<\/strong><strong>\u00a0Modelo<\/strong><\/p>\n<\/td>\n<td valign=\"top\" width=\"175\">\n<p class=\"p\"><strong>Alcance da malha<\/strong><\/p>\n<\/td>\n<td valign=\"top\" width=\"291\">\n<p class=\"p\"><strong>Dimens\u00e3o (comprimento \u00d7 largura)<\/strong><\/p>\n<\/td>\n<td valign=\"top\" width=\"142\">\n<p class=\"p\"><strong>Peso (kg)<\/strong><\/p>\n<\/td>\n<\/tr>\n<tr>\n<td valign=\"top\" width=\"133\">\n<p class=\"p\">ABSS-1<\/p>\n<\/td>\n<td valign=\"top\" width=\"175\">\n<p class=\"p\">16 \u2013 325<\/p>\n<\/td>\n<td valign=\"top\" width=\"291\">\n<p class=\"p\">585 \u00d7 1170 mm<\/p>\n<\/td>\n<td valign=\"top\" width=\"142\">\n<p class=\"p\">12<\/p>\n<\/td>\n<\/tr>\n<tr>\n<td valign=\"top\" width=\"133\">\n<p class=\"p\">ABSS-2<\/p>\n<\/td>\n<td valign=\"top\" width=\"175\">\n<p class=\"p\">16 \u2013 325<\/p>\n<\/td>\n<td valign=\"top\" width=\"291\">\n<p class=\"p\">635 \u00d7 1253 mm<\/p>\n<\/td>\n<td valign=\"top\" width=\"142\">\n<p class=\"p\">13.5<\/p>\n<\/td>\n<\/tr>\n<tr>\n<td valign=\"top\" width=\"133\">\n<p class=\"p\">ABSS-3<\/p>\n<\/td>\n<td valign=\"top\" width=\"175\">\n<p class=\"p\">16 \u2013 325<\/p>\n<\/td>\n<td valign=\"top\" width=\"291\">\n<p class=\"p\">913 \u00d7 650 mm<\/p>\n<\/td>\n<td valign=\"top\" width=\"142\">\n<p class=\"p\">12.5<\/p>\n<\/td>\n<\/tr>\n<tr>\n<td valign=\"top\" width=\"133\">\n<p class=\"p\">ABSS-4<\/p>\n<\/td>\n<td valign=\"top\" width=\"175\">\n<p class=\"p\">16 \u2013 325<\/p>\n<\/td>\n<td valign=\"top\" width=\"291\">\n<p class=\"p\">720 \u00d7 1220 mm<\/p>\n<\/td>\n<td valign=\"top\" width=\"142\">\n<p class=\"p\">17<\/p>\n<\/td>\n<\/tr>\n<tr>\n<td valign=\"top\" width=\"133\">\n<p class=\"p\">ABSS-5<\/p>\n<\/td>\n<td valign=\"top\" width=\"175\">\n<p class=\"p\">16 \u2013 325<\/p>\n<\/td>\n<td valign=\"top\" width=\"291\">\n<p class=\"p\">712 \u00d7 1181 mm<\/p>\n<\/td>\n<td valign=\"top\" width=\"142\">\n<p class=\"p\">17<\/p>\n<\/td>\n<\/tr>\n<\/tbody>\n<\/table>\n<\/div>\n<\/section>\n<\/div>\n<section class=\"av_textblock_section\">\n<div class=\"avia_textblock\">\n<h2>TELA SHAKER COM ESTRUTURA DE A\u00c7O<\/h2>\n<p>Um agitador de xisto \u00e9 um tipo de material usado para remover s\u00f3lidos e lamas do fluido de perfura\u00e7\u00e3o. Ind\u00fastrias de carv\u00e3o de grande porte, perfura\u00e7\u00e3o de petr\u00f3leo e g\u00e1s utilizam peneiras vibrat\u00f3rias de xisto. Esta peneira vibrat\u00f3ria com estrutura de a\u00e7o \u00e9 um painel vibrat\u00f3rio de xisto que se encaixa nos agitadores de xisto. Esta peneira vibrat\u00f3ria com estrutura de a\u00e7o ajuda a melhorar o desempenho dos agitadores de xisto, separando at\u00e9 as part\u00edculas s\u00f3lidas mais finas do l\u00edquido de perfura\u00e7\u00e3o.<\/p>\n<h2>CARACTER\u00cdSTICAS DA TELA SHAKER COM ESTRUTURA DE A\u00c7O<\/h2>\n<p>Esta peneira vibrat\u00f3ria de xisto possui diversos recursos. Alguns deles s\u00e3o mencionados abaixo.<\/p>\n<h3>V\u00e1rias gamas de malhas<\/h3>\n<p>Esta peneira vibrat\u00f3ria para xisto est\u00e1 dispon\u00edvel em diferentes modelos, cada um com sua pr\u00f3pria faixa de malha. Essa faixa de malhas varia de 16 a 325. Com essas diferentes faixas e modelos de peneira vibrat\u00f3ria com estrutura de a\u00e7o, o processo de filtragem e perfura\u00e7\u00e3o de petr\u00f3leo e g\u00e1s pode ser muito mais eficaz.<\/p>\n<h3>Material dur\u00e1vel<\/h3>\n<p>Esta peneira vibrat\u00f3ria de a\u00e7o para xisto \u00e9 feita de a\u00e7o, o que a torna muito mais dur\u00e1vel, proporcionando suporte extra ao equipamento durante a perfura\u00e7\u00e3o do l\u00edquido e a separa\u00e7\u00e3o das part\u00edculas s\u00f3lidas. Esta peneira vibrat\u00f3ria de a\u00e7o pode suportar uma alta intensidade de tens\u00e3o, o que permite a extra\u00e7\u00e3o de mais fluido de perfura\u00e7\u00e3o no menor tempo poss\u00edvel.<\/p>\n<h3>Ajuste perfeito<\/h3>\n<p>Esta peneira vibrat\u00f3ria de a\u00e7o est\u00e1 dispon\u00edvel em diferentes modelos, cada um com suas pr\u00f3prias dimens\u00f5es. Algumas das dimens\u00f5es desta peneira vibrat\u00f3ria de xisto s\u00e3o 585 x 1170 mm, 635 x 1253 mm e 720 x 1220 mm. Dimens\u00f5es como essas tornam esta peneira vibrat\u00f3ria de xisto perfeita para ser instalada sobre a peneira vibrat\u00f3ria de xisto, a fim de aprimorar o processo de agita\u00e7\u00e3o do xisto.<\/p>\n<h2>BENEF\u00cdCIOS DA TELA SHAKER COM ESTRUTURA DE A\u00c7O<\/h2>\n<p>Esta peneira vibrat\u00f3ria de xisto oferece in\u00fameras vantagens. Algumas delas s\u00e3o mencionadas abaixo.<\/p>\n<h3>Leve<\/h3>\n<p>Cada modelo de peneira vibrat\u00f3ria de a\u00e7o tem seu pr\u00f3prio peso. Esses pesos variam de 12 a 17 kg, o que as torna extremamente leves. Isso permite que o usu\u00e1rio coloque a peneira vibrat\u00f3ria de a\u00e7o sobre a peneira vibrat\u00f3ria de xisto com facilidade e, como resultado, o processo de perfura\u00e7\u00e3o \u00e9 muito mais eficaz.<\/p>\n<h3>Custo-benef\u00edcio<\/h3>\n<p>Esta peneira vibrat\u00f3ria de a\u00e7o possui diversos conjuntos de malhas. Esses diferentes conjuntos de malhas proporcionam seguran\u00e7a contra incidentes como expans\u00e3o desnecess\u00e1ria e danos \u00e0 peneira vibrat\u00f3ria de xisto. Ao evitar esses grandes problemas de expans\u00e3o, al\u00e9m de v\u00e1rios outros, o custo total \u00e9 reduzido e uma quantidade muito maior de fluido de perfura\u00e7\u00e3o limpo \u00e9 extra\u00edda.<\/p>\n<h3>Conclus\u00e3o<\/h3>\n<p>Esta tela para peneira vibrat\u00f3ria de xisto \u00e9 feita de a\u00e7o, o que a torna dur\u00e1vel. Ela tamb\u00e9m se encaixa perfeitamente em diversos tipos de peneira vibrat\u00f3ria de xisto. Se voc\u00ea deseja aprimorar sua experi\u00eancia com peneira vibrat\u00f3ria de xisto, n\u00e3o deixe de conferir a tela com estrutura de a\u00e7o mencionada acima.<\/p>\n<p>Confira tamb\u00e9m\u00a0<a href=\"https:\/\/solidscontrolworld.com\/pt\/product\/peneira-vibratoria-com-estrutura-de-aco\/\">tela plana com tira de gancho<\/a>\u00a0da nossa loja.<\/p>\n<\/div>\n<\/section>","protected":false},"excerpt":{"rendered":"<h3 class=\"widgettitle\">ESCRIT\u00d3RIO<\/h3>\n<div class=\"textwidget\">\n<p><strong>Endere\u00e7o:<\/strong><\/p>\n<p>Sala 1924, Bloco D, Pra\u00e7a Wanda, cidade de Tangshan, China.<\/p>\n<p><strong>Contato<\/strong><\/p>\n<p>info@solidscontrolworld.com<\/p>\n<p><strong>Telefone:<\/strong><\/p>\n<p>+86-18034158133<\/p>\n<p><strong>Fax:<\/strong><\/p>\n<p>+86-315-7651760<\/p>\n<p>Site: www.solidscontrolworld.com<\/p>\n<p><strong>Hor\u00e1rio de funcionamento:<\/strong><br \/>\nSeg-Sex: 8:00-17:30<\/p>\n<\/div>","protected":false},"featured_media":8412,"comment_status":"open","ping_status":"closed","template":"","meta":{"_seopress_robots_primary_cat":"none","_seopress_titles_title":"","_seopress_titles_desc":"","_seopress_robots_index":""},"product_brand":[],"product_cat":[58],"product_tag":[],"class_list":{"0":"post-1432","1":"product","2":"type-product","3":"status-publish","4":"has-post-thumbnail","6":"product_cat-shaker-screens","8":"first","9":"instock","10":"shipping-taxable","11":"product-type-simple"},"yoast_head":"<!-- This site is optimized with the Yoast SEO plugin v25.1 - https:\/\/yoast.com\/wordpress\/plugins\/seo\/ -->\n<title>Steel Frame Shaker Screen - Solids Control World<\/title>\n<meta name=\"robots\" content=\"index, follow, max-snippet:-1, max-image-preview:large, max-video-preview:-1\" \/>\n<link rel=\"canonical\" href=\"https:\/\/solidscontrolworld.com\/pt\/product\/peneira-vibratoria-com-estrutura-de-aco\/\" \/>\n<meta property=\"og:locale\" content=\"pt_BR\" \/>\n<meta property=\"og:type\" content=\"article\" \/>\n<meta property=\"og:title\" content=\"Steel Frame Shaker Screen - Solids Control World\" \/>\n<meta property=\"og:description\" content=\"OFFICE   Address:  Room 1924 ,Block D ,Wanda plaza, Tangshan city,\u00a0 China.  Contact  info@solidscontrolworld.com  Tel:  +86-18034158133  Fax:  +86-315-7651760  Website:www.solidscontrolworld.com  Opening Hours: Mon-Fri: 8:00-17:30\" \/>\n<meta property=\"og:url\" content=\"https:\/\/solidscontrolworld.com\/pt\/product\/peneira-vibratoria-com-estrutura-de-aco\/\" \/>\n<meta property=\"og:site_name\" content=\"Solids Control World\" \/>\n<meta property=\"article:modified_time\" content=\"2024-09-20T06:04:30+00:00\" \/>\n<meta property=\"og:image\" content=\"https:\/\/solidscontrolworld.com\/wp-content\/uploads\/2023\/02\/WechatIMG22475-scaled.jpeg\" \/>\n\t<meta property=\"og:image:width\" content=\"2560\" \/>\n\t<meta property=\"og:image:height\" content=\"1920\" \/>\n\t<meta property=\"og:image:type\" content=\"image\/jpeg\" \/>\n<meta name=\"twitter:card\" content=\"summary_large_image\" \/>\n<meta name=\"twitter:label1\" content=\"Est. tempo de leitura\" \/>\n\t<meta name=\"twitter:data1\" content=\"3 minutos\" \/>\n<!-- \/ Yoast SEO plugin. -->","yoast_head_json":{"title":"Tela vibrat\u00f3ria com estrutura de a\u00e7o - Solids Control World","robots":{"index":"index","follow":"follow","max-snippet":"max-snippet:-1","max-image-preview":"max-image-preview:large","max-video-preview":"max-video-preview:-1"},"canonical":"https:\/\/solidscontrolworld.com\/pt\/product\/peneira-vibratoria-com-estrutura-de-aco\/","og_locale":"pt_BR","og_type":"article","og_title":"Steel Frame Shaker Screen - Solids Control World","og_description":"OFFICE   Address:  Room 1924 ,Block D ,Wanda plaza, Tangshan city,\u00a0 China.  Contact  info@solidscontrolworld.com  Tel:  +86-18034158133  Fax:  +86-315-7651760  Website:www.solidscontrolworld.com  Opening Hours: Mon-Fri: 8:00-17:30","og_url":"https:\/\/solidscontrolworld.com\/pt\/product\/peneira-vibratoria-com-estrutura-de-aco\/","og_site_name":"Solids Control World","article_modified_time":"2024-09-20T06:04:30+00:00","og_image":[{"width":2560,"height":1920,"url":"https:\/\/solidscontrolworld.com\/wp-content\/uploads\/2023\/02\/WechatIMG22475-scaled.jpeg","type":"image\/jpeg"}],"twitter_card":"summary_large_image","twitter_misc":{"Est. tempo de leitura":"3 minutos"},"schema":{"@context":"https:\/\/schema.org","@graph":[{"@type":"WebPage","@id":"https:\/\/solidscontrolworld.com\/product\/steel-frame-shaker-screen\/","url":"https:\/\/solidscontrolworld.com\/product\/steel-frame-shaker-screen\/","name":"Tela vibrat\u00f3ria com estrutura de a\u00e7o - Solids Control World","isPartOf":{"@id":"https:\/\/solidscontrolworld.com\/#website"},"primaryImageOfPage":{"@id":"https:\/\/solidscontrolworld.com\/product\/steel-frame-shaker-screen\/#primaryimage"},"image":{"@id":"https:\/\/solidscontrolworld.com\/product\/steel-frame-shaker-screen\/#primaryimage"},"thumbnailUrl":"https:\/\/solidscontrolworld.com\/wp-content\/uploads\/2023\/02\/WechatIMG22475-scaled.jpeg","datePublished":"2021-05-05T14:45:35+00:00","dateModified":"2024-09-20T06:04:30+00:00","breadcrumb":{"@id":"https:\/\/solidscontrolworld.com\/product\/steel-frame-shaker-screen\/#breadcrumb"},"inLanguage":"pt-BR","potentialAction":[{"@type":"ReadAction","target":["https:\/\/solidscontrolworld.com\/product\/steel-frame-shaker-screen\/"]}]},{"@type":"ImageObject","inLanguage":"pt-BR","@id":"https:\/\/solidscontrolworld.com\/product\/steel-frame-shaker-screen\/#primaryimage","url":"https:\/\/solidscontrolworld.com\/wp-content\/uploads\/2023\/02\/WechatIMG22475-scaled.jpeg","contentUrl":"https:\/\/solidscontrolworld.com\/wp-content\/uploads\/2023\/02\/WechatIMG22475-scaled.jpeg","width":2560,"height":1920},{"@type":"BreadcrumbList","@id":"https:\/\/solidscontrolworld.com\/product\/steel-frame-shaker-screen\/#breadcrumb","itemListElement":[{"@type":"ListItem","position":1,"name":"Home","item":"https:\/\/solidscontrolworld.com\/"},{"@type":"ListItem","position":2,"name":"Products","item":"https:\/\/solidscontrolworld.com\/shop\/"},{"@type":"ListItem","position":3,"name":"Steel Frame Shaker Screen"}]},{"@type":"WebSite","@id":"https:\/\/solidscontrolworld.com\/#website","url":"https:\/\/solidscontrolworld.com\/","name":"Mundo de controle de s\u00f3lidos","description":"","publisher":{"@id":"https:\/\/solidscontrolworld.com\/#\/schema\/person\/2c126362537c0f0e6d4a8dfba9fc68b0"},"potentialAction":[{"@type":"SearchAction","target":{"@type":"EntryPoint","urlTemplate":"https:\/\/solidscontrolworld.com\/?s={search_term_string}"},"query-input":{"@type":"PropertyValueSpecification","valueRequired":true,"valueName":"search_term_string"}}],"inLanguage":"pt-BR"},{"@type":["Person","Organization"],"@id":"https:\/\/solidscontrolworld.com\/#\/schema\/person\/2c126362537c0f0e6d4a8dfba9fc68b0","name":"mundo de controle de s\u00f3lidos","logo":{"@id":"https:\/\/solidscontrolworld.com\/#\/schema\/person\/image\/"},"sameAs":["https:\/\/solidscontrolworld.com"]}]}},"_links":{"self":[{"href":"https:\/\/solidscontrolworld.com\/pt\/wp-json\/wp\/v2\/product\/1432","targetHints":{"allow":["GET"]}}],"collection":[{"href":"https:\/\/solidscontrolworld.com\/pt\/wp-json\/wp\/v2\/product"}],"about":[{"href":"https:\/\/solidscontrolworld.com\/pt\/wp-json\/wp\/v2\/types\/product"}],"replies":[{"embeddable":true,"href":"https:\/\/solidscontrolworld.com\/pt\/wp-json\/wp\/v2\/comments?post=1432"}],"version-history":[{"count":1,"href":"https:\/\/solidscontrolworld.com\/pt\/wp-json\/wp\/v2\/product\/1432\/revisions"}],"predecessor-version":[{"id":11116,"href":"https:\/\/solidscontrolworld.com\/pt\/wp-json\/wp\/v2\/product\/1432\/revisions\/11116"}],"wp:featuredmedia":[{"embeddable":true,"href":"https:\/\/solidscontrolworld.com\/pt\/wp-json\/wp\/v2\/media\/8412"}],"wp:attachment":[{"href":"https:\/\/solidscontrolworld.com\/pt\/wp-json\/wp\/v2\/media?parent=1432"}],"wp:term":[{"taxonomy":"product_brand","embeddable":true,"href":"https:\/\/solidscontrolworld.com\/pt\/wp-json\/wp\/v2\/product_brand?post=1432"},{"taxonomy":"product_cat","embeddable":true,"href":"https:\/\/solidscontrolworld.com\/pt\/wp-json\/wp\/v2\/product_cat?post=1432"},{"taxonomy":"product_tag","embeddable":true,"href":"https:\/\/solidscontrolworld.com\/pt\/wp-json\/wp\/v2\/product_tag?post=1432"}],"curies":[{"name":"wp","href":"https:\/\/api.w.org\/{rel}","templated":true}]}}