{"id":1434,"date":"2021-05-05T14:46:49","date_gmt":"2021-05-05T14:46:49","guid":{"rendered":"https:\/\/solidscontrolworld.com\/?post_type=product&#038;p=1434"},"modified":"2025-06-18T04:46:22","modified_gmt":"2025-06-18T04:46:22","slug":"tela-plana-com-tira-de-gancho","status":"publish","type":"product","link":"https:\/\/solidscontrolworld.com\/pt\/product\/tela-plana-com-tira-de-gancho\/","title":{"rendered":"Tela plana com tira de gancho"},"content":{"rendered":"<div class=\"flex_column av_one_full flex_column_div av-zero-column-padding first avia-builder-el-6 el_after_av_one_half el_before_av_textblock column-top-margin\">\n<section class=\"av_textblock_section\">\n<div class=\"avia_textblock\">\n<table border=\"0\" cellspacing=\"0\">\n<tbody>\n<tr>\n<td valign=\"top\" width=\"136\">\n<p class=\"p\"><strong>S<\/strong><strong>Modelo de tela<\/strong><\/p>\n<\/td>\n<td valign=\"top\" width=\"130\">\n<p class=\"p\"><strong>Alcance da malha<\/strong><\/p>\n<\/td>\n<td valign=\"top\" width=\"232\">\n<p class=\"p\"><strong>Dimens\u00e3o (comprimento \u00d7 largura)<\/strong><\/p>\n<\/td>\n<td valign=\"top\" width=\"239\">\n<p class=\"p\"><strong>Marca e modelo do Shaker<\/strong><\/p>\n<\/td>\n<td valign=\"top\" width=\"125\">\n<p class=\"p\"><strong>\u00a0<\/strong><\/p>\n<p class=\"p\"><strong>Peso (kg)<\/strong><\/p>\n<\/td>\n<\/tr>\n<tr>\n<td valign=\"top\" width=\"136\">\n<p class=\"p\">ABFC-1<\/p>\n<\/td>\n<td valign=\"top\" width=\"130\">\n<p class=\"p\">20\u2013325<\/p>\n<\/td>\n<td valign=\"top\" width=\"232\">\n<p class=\"p\">903 \u00d7 1155 mm<\/p>\n<\/td>\n<td valign=\"top\" width=\"239\">\n<p class=\"p\">SWACOBEM-3<\/p>\n<\/td>\n<td valign=\"top\" width=\"125\">\n<p class=\"p\">5.6<\/p>\n<\/td>\n<\/tr>\n<tr>\n<td valign=\"top\" width=\"136\">\n<p class=\"p\">ABFC-2<\/p>\n<\/td>\n<td valign=\"top\" width=\"130\">\n<p class=\"p\">20\u2013325<\/p>\n<\/td>\n<td valign=\"top\" width=\"232\">\n<p class=\"p\">697 \u00d7 1050 mm<\/p>\n<\/td>\n<td valign=\"top\" width=\"239\">\n<p class=\"p\">DERRICKFLC S\u00e9rie 500<\/p>\n<\/td>\n<td valign=\"top\" width=\"125\">\n<p class=\"p\">6<\/p>\n<\/td>\n<\/tr>\n<tr>\n<td valign=\"top\" width=\"136\">\n<p class=\"p\">ABFC-3<\/p>\n<\/td>\n<td valign=\"top\" width=\"130\">\n<p class=\"p\">20\u2013325<\/p>\n<\/td>\n<td valign=\"top\" width=\"232\">\n<p class=\"p\">697 \u00d7 1053 mm<\/p>\n<\/td>\n<td valign=\"top\" width=\"239\">\n<p class=\"p\">DERRICKFLC 2000<\/p>\n<\/td>\n<td valign=\"top\" width=\"125\">\n<p class=\"p\">4.2<\/p>\n<\/td>\n<\/tr>\n<tr>\n<td valign=\"top\" width=\"136\">\n<p class=\"p\">ABFC-4<\/p>\n<\/td>\n<td valign=\"top\" width=\"130\">\n<p class=\"p\">20\u2013325<\/p>\n<\/td>\n<td valign=\"top\" width=\"232\">\n<p class=\"p\">697 \u00d7 846 mm<\/p>\n<\/td>\n<td valign=\"top\" width=\"239\">\n<p class=\"p\">DERRICKFLC 313M<\/p>\n<\/td>\n<td valign=\"top\" width=\"125\">\n<p class=\"p\">4<\/p>\n<\/td>\n<\/tr>\n<tr>\n<td valign=\"top\" width=\"136\">\n<p class=\"p\">ABFC-5<\/p>\n<\/td>\n<td valign=\"top\" width=\"130\">\n<p class=\"p\">20\u2013325<\/p>\n<\/td>\n<td valign=\"top\" width=\"232\">\n<p class=\"p\">1050 \u00d7 570 mm<\/p>\n<\/td>\n<td valign=\"top\" width=\"239\">\n<p class=\"p\">DERRICK Hiperpiscina<\/p>\n<\/td>\n<td valign=\"top\" width=\"125\">\n<p class=\"p\">4.2<\/p>\n<\/td>\n<\/tr>\n<tr>\n<td valign=\"top\" width=\"136\">\n<p class=\"p\">ABFC-6<\/p>\n<\/td>\n<td valign=\"top\" width=\"130\">\n<p class=\"p\">20\u2013250<\/p>\n<\/td>\n<td valign=\"top\" width=\"232\">\n<p class=\"p\">700 \u00d7 1165 mm<\/p>\n<\/td>\n<td valign=\"top\" width=\"239\">\n<p class=\"p\">S250<\/p>\n<\/td>\n<td valign=\"top\" width=\"125\">\n<p class=\"p\">4.6<\/p>\n<\/td>\n<\/tr>\n<tr>\n<td valign=\"top\" width=\"136\">\n<p class=\"p\">ABFC-7<\/p>\n<\/td>\n<td valign=\"top\" width=\"130\">\n<p class=\"p\">20\u2013250<\/p>\n<\/td>\n<td valign=\"top\" width=\"232\">\n<p class=\"p\">1186 \u00d7 1280 mm<\/p>\n<\/td>\n<td valign=\"top\" width=\"239\">\n<p class=\"p\">ZX-60<\/p>\n<\/td>\n<td valign=\"top\" width=\"125\">\n<p class=\"p\">9.2<\/p>\n<\/td>\n<\/tr>\n<\/tbody>\n<\/table>\n<\/div>\n<\/section>\n<\/div>\n<section class=\"av_textblock_section\">\n<div class=\"avia_textblock\">\n<h2>TELA PLANA HOOK STRIP<\/h2>\n<p>S\u00e3o mais comumente e amplamente utilizadas na ind\u00fastria de perfura\u00e7\u00e3o de l\u00edquidos. \u00c9 uma das melhores peneiras vibrat\u00f3rias de xisto que pode ser acoplada \u00e0 peneira vibrat\u00f3ria para tornar o processo de perfura\u00e7\u00e3o e filtragem muito mais eficiente e r\u00e1pido. Normalmente, esta peneira plana com tiras de gancho \u00e9 muito mais resistente e dur\u00e1vel do que qualquer outra peneira vibrat\u00f3ria de xisto. As malhas desta peneira variam de 20 a 325.<\/p>\n<h2>CARACTER\u00cdSTICAS DA TELA PLANA HOOK STRIP<\/h2>\n<p>H\u00e1 muitos benef\u00edcios nesta tela de gancho. Os mais importantes est\u00e3o listados abaixo.<\/p>\n<h3>Camadas m\u00faltiplas<\/h3>\n<p>Esta tela \u00e9 composta por diferentes camadas de a\u00e7o. Essas camadas s\u00e3o geralmente de 3 a 4, e cada uma dessas telas de gancho cont\u00e9m um tecido muito fino e uma placa de apoio, ambos feitos de a\u00e7o. Este tecido e a placa de apoio s\u00e3o unidos, o que permite suportar v\u00e1rios tipos de peneiras vibrat\u00f3rias, incluindo as mais pesadas.<\/p>\n<h3>Diferentes contagens de malha<\/h3>\n<p>A superf\u00edcie desta tela de gancho possui diversas contagens de malha. Essas contagens de malha ajudam a evitar expans\u00e3o redundante e quebra da tela.<\/p>\n<h3>V\u00e1rias formas<\/h3>\n<p>Esta peneira est\u00e1 dispon\u00edvel em diversos modelos, cada um com seu pr\u00f3prio tamanho e formato. Diferentes peneiras vibrat\u00f3rias de xisto exigem diferentes formatos de peneira, e esta peneira est\u00e1 dispon\u00edvel em diferentes formatos, como hexagonal, quadrada e muitos outros. Portanto, esta peneira oferece uma variedade de formatos, o que a torna muito mais conveniente.<\/p>\n<h2>BENEF\u00cdCIOS DA TELA PLANA HOOK STRIP<\/h2>\n<p>Esta tela plana com tiras de gancho oferece in\u00fameras vantagens. Algumas das mais importantes est\u00e3o listadas abaixo.<\/p>\n<h3>\u00c1rea efetiva suficiente<\/h3>\n<p>Esta tela \u00e9 feita de a\u00e7o com diferentes contagens de malha. Cada conta de malha tem sua pr\u00f3pria dimens\u00e3o suportada pela tela de a\u00e7o e camadas de a\u00e7o. Portanto, por causa disso, a tela plana com tira de gancho pode fornecer \u00e1rea efetiva suficiente quando uma enorme quantidade de for\u00e7a \u00e9 aplicada a ela.<\/p>\n<h3>Pode ser usado como uma peneira vibrat\u00f3ria<\/h3>\n<p>Devido \u00e0s suas dimens\u00f5es vers\u00e1teis, leveza e durabilidade, ela funcionar\u00e1 como uma peneira vibrat\u00f3ria em diferentes ind\u00fastrias de grande porte, como petr\u00f3leo e g\u00e1s.<\/p>\n<h3>Alta densidade<\/h3>\n<p>Esta tela \u00e9 composta por diferentes camadas de a\u00e7o, o que ajuda a melhorar sua densidade geral. Al\u00e9m disso, essas camadas podem ser ajustadas de acordo com as necessidades do usu\u00e1rio da tela de gancho.<\/p>\n<h3>Conclus\u00e3o<\/h3>\n<p>Se voc\u00ea deseja melhorar sua experi\u00eancia de perfura\u00e7\u00e3o de fluidos e torn\u00e1-la mais conveniente e econ\u00f4mica, compre esta tela de gancho extremamente dur\u00e1vel.<\/p>\n<p>Confira tamb\u00e9m\u00a0<a href=\"https:\/\/solidscontrolworld.com\/pt\/peneira-vibratoria-com-estrutura-de-aco\/\">Tela de estrutura de a\u00e7o<\/a>\u00a0da nossa loja.<\/p>\n<\/div>\n<\/section>","protected":false},"excerpt":{"rendered":"<h3 class=\"widgettitle\">ESCRIT\u00d3RIO<\/h3>\n<div class=\"textwidget\">\n<p><strong>Endere\u00e7o:<\/strong><\/p>\n<p>Sala 1924, Bloco D, Pra\u00e7a Wanda, cidade de Tangshan, China.<\/p>\n<p><strong>Contato<\/strong><\/p>\n<p>info@solidscontrolworld.com<\/p>\n<p><strong>Telefone:<\/strong><\/p>\n<p>+86-18034158133<\/p>\n<p><strong>Fax:<\/strong><\/p>\n<p>+86-315-7651760<\/p>\n<p>Site: www.solidscontrolworld.com<\/p>\n<p><strong>Hor\u00e1rio de funcionamento:<\/strong><br \/>\nSeg-Sex: 8:00-17:30<\/p>\n<\/div>","protected":false},"featured_media":1435,"comment_status":"open","ping_status":"closed","template":"","meta":{"_seopress_robots_primary_cat":"none","_seopress_titles_title":"","_seopress_titles_desc":"","_seopress_robots_index":""},"product_brand":[],"product_cat":[58],"product_tag":[],"class_list":{"0":"post-1434","1":"product","2":"type-product","3":"status-publish","4":"has-post-thumbnail","6":"product_cat-shaker-screens","8":"first","9":"instock","10":"shipping-taxable","11":"product-type-simple"},"yoast_head":"<!-- This site is optimized with the Yoast SEO plugin v25.1 - https:\/\/yoast.com\/wordpress\/plugins\/seo\/ -->\n<title>Hook Strip Flat Screen - Solids Control World<\/title>\n<meta name=\"description\" content=\"Hook strip flat screens offer reliable solids separation and durability, enhancing drilling fluid processing with solutions from Solids Control World.\" \/>\n<meta name=\"robots\" content=\"index, follow, max-snippet:-1, max-image-preview:large, max-video-preview:-1\" \/>\n<link rel=\"canonical\" href=\"https:\/\/solidscontrolworld.com\/pt\/product\/tela-plana-com-tira-de-gancho\/\" \/>\n<meta property=\"og:locale\" content=\"pt_BR\" \/>\n<meta property=\"og:type\" content=\"article\" \/>\n<meta property=\"og:title\" content=\"Hook Strip Flat Screen - Solids Control World\" \/>\n<meta property=\"og:description\" content=\"Hook strip flat screens offer reliable solids separation and durability, enhancing drilling fluid processing with solutions from Solids Control World.\" \/>\n<meta property=\"og:url\" content=\"https:\/\/solidscontrolworld.com\/pt\/product\/tela-plana-com-tira-de-gancho\/\" \/>\n<meta property=\"og:site_name\" content=\"Solids Control World\" \/>\n<meta property=\"article:modified_time\" content=\"2025-06-18T04:46:22+00:00\" \/>\n<meta property=\"og:image\" content=\"http:\/\/solidscontrolworld.com\/wp-content\/uploads\/2021\/05\/Hook-Strip-Flat-Screen1-300x232-1.png\" \/>\n\t<meta property=\"og:image:width\" content=\"300\" \/>\n\t<meta property=\"og:image:height\" content=\"232\" \/>\n\t<meta property=\"og:image:type\" content=\"image\/png\" \/>\n<meta name=\"twitter:card\" content=\"summary_large_image\" \/>\n<meta name=\"twitter:label1\" content=\"Est. tempo de leitura\" \/>\n\t<meta name=\"twitter:data1\" content=\"3 minutos\" \/>\n<!-- \/ Yoast SEO plugin. -->","yoast_head_json":{"title":"Tela plana com tira de gancho - Solids Control World","description":"As telas planas com tiras de gancho oferecem separa\u00e7\u00e3o confi\u00e1vel de s\u00f3lidos e durabilidade, aprimorando o processamento de fluidos de perfura\u00e7\u00e3o com solu\u00e7\u00f5es da Solids Control World.","robots":{"index":"index","follow":"follow","max-snippet":"max-snippet:-1","max-image-preview":"max-image-preview:large","max-video-preview":"max-video-preview:-1"},"canonical":"https:\/\/solidscontrolworld.com\/pt\/product\/tela-plana-com-tira-de-gancho\/","og_locale":"pt_BR","og_type":"article","og_title":"Hook Strip Flat Screen - Solids Control World","og_description":"Hook strip flat screens offer reliable solids separation and durability, enhancing drilling fluid processing with solutions from Solids Control World.","og_url":"https:\/\/solidscontrolworld.com\/pt\/product\/tela-plana-com-tira-de-gancho\/","og_site_name":"Solids Control World","article_modified_time":"2025-06-18T04:46:22+00:00","og_image":[{"width":300,"height":232,"url":"http:\/\/solidscontrolworld.com\/wp-content\/uploads\/2021\/05\/Hook-Strip-Flat-Screen1-300x232-1.png","type":"image\/png"}],"twitter_card":"summary_large_image","twitter_misc":{"Est. tempo de leitura":"3 minutos"},"schema":{"@context":"https:\/\/schema.org","@graph":[{"@type":"WebPage","@id":"https:\/\/solidscontrolworld.com\/product\/hook-strip-flat-screen\/","url":"https:\/\/solidscontrolworld.com\/product\/hook-strip-flat-screen\/","name":"Tela plana com tira de gancho - Solids Control World","isPartOf":{"@id":"https:\/\/solidscontrolworld.com\/#website"},"primaryImageOfPage":{"@id":"https:\/\/solidscontrolworld.com\/product\/hook-strip-flat-screen\/#primaryimage"},"image":{"@id":"https:\/\/solidscontrolworld.com\/product\/hook-strip-flat-screen\/#primaryimage"},"thumbnailUrl":"https:\/\/solidscontrolworld.com\/wp-content\/uploads\/2021\/05\/Hook-Strip-Flat-Screen1-300x232-1.png","datePublished":"2021-05-05T14:46:49+00:00","dateModified":"2025-06-18T04:46:22+00:00","description":"As telas planas com tiras de gancho oferecem separa\u00e7\u00e3o confi\u00e1vel de s\u00f3lidos e durabilidade, aprimorando o processamento de fluidos de perfura\u00e7\u00e3o com solu\u00e7\u00f5es da Solids Control World.","breadcrumb":{"@id":"https:\/\/solidscontrolworld.com\/product\/hook-strip-flat-screen\/#breadcrumb"},"inLanguage":"pt-BR","potentialAction":[{"@type":"ReadAction","target":["https:\/\/solidscontrolworld.com\/product\/hook-strip-flat-screen\/"]}]},{"@type":"ImageObject","inLanguage":"pt-BR","@id":"https:\/\/solidscontrolworld.com\/product\/hook-strip-flat-screen\/#primaryimage","url":"https:\/\/solidscontrolworld.com\/wp-content\/uploads\/2021\/05\/Hook-Strip-Flat-Screen1-300x232-1.png","contentUrl":"https:\/\/solidscontrolworld.com\/wp-content\/uploads\/2021\/05\/Hook-Strip-Flat-Screen1-300x232-1.png","width":300,"height":232,"caption":"Replacement shaker sreens for Derrck"},{"@type":"BreadcrumbList","@id":"https:\/\/solidscontrolworld.com\/product\/hook-strip-flat-screen\/#breadcrumb","itemListElement":[{"@type":"ListItem","position":1,"name":"Home","item":"https:\/\/solidscontrolworld.com\/"},{"@type":"ListItem","position":2,"name":"Products","item":"https:\/\/solidscontrolworld.com\/shop\/"},{"@type":"ListItem","position":3,"name":"Hook Strip Flat Screen"}]},{"@type":"WebSite","@id":"https:\/\/solidscontrolworld.com\/#website","url":"https:\/\/solidscontrolworld.com\/","name":"Mundo de controle de s\u00f3lidos","description":"","publisher":{"@id":"https:\/\/solidscontrolworld.com\/#\/schema\/person\/2c126362537c0f0e6d4a8dfba9fc68b0"},"potentialAction":[{"@type":"SearchAction","target":{"@type":"EntryPoint","urlTemplate":"https:\/\/solidscontrolworld.com\/?s={search_term_string}"},"query-input":{"@type":"PropertyValueSpecification","valueRequired":true,"valueName":"search_term_string"}}],"inLanguage":"pt-BR"},{"@type":["Person","Organization"],"@id":"https:\/\/solidscontrolworld.com\/#\/schema\/person\/2c126362537c0f0e6d4a8dfba9fc68b0","name":"mundo de controle de s\u00f3lidos","logo":{"@id":"https:\/\/solidscontrolworld.com\/#\/schema\/person\/image\/"},"sameAs":["https:\/\/solidscontrolworld.com"]}]}},"_links":{"self":[{"href":"https:\/\/solidscontrolworld.com\/pt\/wp-json\/wp\/v2\/product\/1434","targetHints":{"allow":["GET"]}}],"collection":[{"href":"https:\/\/solidscontrolworld.com\/pt\/wp-json\/wp\/v2\/product"}],"about":[{"href":"https:\/\/solidscontrolworld.com\/pt\/wp-json\/wp\/v2\/types\/product"}],"replies":[{"embeddable":true,"href":"https:\/\/solidscontrolworld.com\/pt\/wp-json\/wp\/v2\/comments?post=1434"}],"version-history":[{"count":1,"href":"https:\/\/solidscontrolworld.com\/pt\/wp-json\/wp\/v2\/product\/1434\/revisions"}],"predecessor-version":[{"id":12341,"href":"https:\/\/solidscontrolworld.com\/pt\/wp-json\/wp\/v2\/product\/1434\/revisions\/12341"}],"wp:featuredmedia":[{"embeddable":true,"href":"https:\/\/solidscontrolworld.com\/pt\/wp-json\/wp\/v2\/media\/1435"}],"wp:attachment":[{"href":"https:\/\/solidscontrolworld.com\/pt\/wp-json\/wp\/v2\/media?parent=1434"}],"wp:term":[{"taxonomy":"product_brand","embeddable":true,"href":"https:\/\/solidscontrolworld.com\/pt\/wp-json\/wp\/v2\/product_brand?post=1434"},{"taxonomy":"product_cat","embeddable":true,"href":"https:\/\/solidscontrolworld.com\/pt\/wp-json\/wp\/v2\/product_cat?post=1434"},{"taxonomy":"product_tag","embeddable":true,"href":"https:\/\/solidscontrolworld.com\/pt\/wp-json\/wp\/v2\/product_tag?post=1434"}],"curies":[{"name":"wp","href":"https:\/\/api.w.org\/{rel}","templated":true}]}}