{"id":1436,"date":"2021-05-05T14:50:28","date_gmt":"2021-05-05T14:50:28","guid":{"rendered":"https:\/\/solidscontrolworld.com\/?post_type=product&#038;p=1436"},"modified":"2024-06-27T07:17:06","modified_gmt":"2024-06-27T07:17:06","slug":"peneira-vibratoria-de-material-composto","status":"publish","type":"product","link":"https:\/\/solidscontrolworld.com\/pt\/product\/peneira-vibratoria-de-material-composto\/","title":{"rendered":"Tela vibrat\u00f3ria de material composto"},"content":{"rendered":"<div class=\"flex_column av_one_full flex_column_div av-zero-column-padding first avia-builder-el-6 el_after_av_one_half el_before_av_textblock column-top-margin\">\n<section class=\"av_textblock_section\">\n<div class=\"avia_textblock\">\n<table border=\"0\" cellspacing=\"0\">\n<tbody>\n<tr>\n<td valign=\"top\" width=\"202\">\n<p class=\"p\"><strong>Malha<\/strong><strong>\u00a0Tamanho<\/strong><\/p>\n<\/td>\n<td valign=\"top\" width=\"409\">\n<p class=\"p\"><strong>API 20 \u2013 API 400<\/strong><\/p>\n<\/td>\n<\/tr>\n<tr>\n<td valign=\"top\" width=\"202\">\n<p class=\"p\">Dimens\u00e3o<\/p>\n<\/td>\n<td valign=\"top\" width=\"409\">\n<p class=\"p\">1165 mm \u00d7 585 mm (45,75\u2033 \u00d7 23\u2033)<\/p>\n<\/td>\n<\/tr>\n<tr>\n<td valign=\"top\" width=\"202\">\n<p class=\"p\">Tipo de tela<\/p>\n<\/td>\n<td valign=\"top\" width=\"409\">\n<p class=\"p\">tela de quadro<\/p>\n<\/td>\n<\/tr>\n<tr>\n<td valign=\"top\" width=\"202\">\n<p class=\"p\">Material da estrutura<\/p>\n<\/td>\n<td valign=\"top\" width=\"409\">\n<p class=\"p\">a\u00e7o carbono \/ material composto<\/p>\n<\/td>\n<\/tr>\n<tr>\n<td valign=\"top\" width=\"202\">\n<p class=\"p\">Material de malha de arame<\/p>\n<\/td>\n<td valign=\"top\" width=\"409\">\n<p class=\"p\">S.S304 ou S.S316 conforme solicita\u00e7\u00e3o<\/p>\n<\/td>\n<\/tr>\n<tr>\n<td valign=\"top\" width=\"202\">\n<p class=\"p\">Camada de tela<\/p>\n<\/td>\n<td valign=\"top\" width=\"409\">\n<p class=\"p\">2 ou 3 camadas<\/p>\n<\/td>\n<\/tr>\n<\/tbody>\n<\/table>\n<\/div>\n<\/section>\n<\/div>\n<section class=\"av_textblock_section\">\n<div class=\"avia_textblock\">\n<h2>TELA AGITADORA DE MATERIAL COMPOSTO<\/h2>\n<p>Uma tela composta \u00e9 usada na parte superior do agitador de xisto. Ela serve para filtrar os s\u00f3lidos do fluido de perfura\u00e7\u00e3o, deixando para tr\u00e1s o l\u00edquido sem impurezas s\u00f3lidas significativas. Geralmente, \u00e9 feita de a\u00e7o ou material n\u00e3o met\u00e1lico, o que aumenta sua resist\u00eancia e desempenho. \u00c9 uma das melhores telas vibrat\u00f3rias dispon\u00edveis.<\/p>\n<h2>CARACTER\u00cdSTICAS DA TELA AGITADORA DE MATERIAL COMPOSTO<\/h2>\n<p>A tela de material composto tem muitos recursos, alguns dos quais est\u00e3o listados abaixo.<\/p>\n<h3>Dimens\u00e3o<\/h3>\n<p>A dimens\u00e3o do agitador composto \u00e9 1165 mm \u00d7 585 mm (45,75\u2033 \u00d7 23\u2033). Esta \u00e9 a dimens\u00e3o necess\u00e1ria para que uma boa peneira de material composto tenha a melhor funcionalidade.<\/p>\n<h3>\u00a0Tipo de tela<\/h3>\n<p>Esta tela composta possui um tipo de tela de estrutura. Ela auxilia na filtragem da parte s\u00f3lida do fluido de perfura\u00e7\u00e3o.<\/p>\n<h3>Material da estrutura<\/h3>\n<p>Esta tela composta em uma peneira vibrat\u00f3ria de xisto possui estrutura de a\u00e7o carbono ou material composto. Ela contribui para uma execu\u00e7\u00e3o mais precisa do trabalho.<\/p>\n<h3>Material de malha de arame<\/h3>\n<p>O material da malha met\u00e1lica da tela composta \u00e9 a\u00e7o inoxid\u00e1vel 304 ou a\u00e7o inoxid\u00e1vel 316. Isso contribui para a efici\u00eancia e melhora o controle de qualidade.<\/p>\n<h3>Camada de tela<\/h3>\n<p>Esta tela de material composto possui 2 a 3 camadas. Ela ajuda a reduzir o peso e n\u00e3o parece muito pesada.<\/p>\n<h2>BENEF\u00cdCIOS DA TELA AGITADORA DE MATERIAL COMPOSTO<\/h2>\n<p>H\u00e1 v\u00e1rios benef\u00edcios da tela composta, dos quais est\u00e3o listados abaixo.<\/p>\n<h3>Maior luz funcional<\/h3>\n<p>Esta tela shaker \u00e9 feita de material composto que tem uma quantidade maior de luz funcional e sua capacidade tamb\u00e9m \u00e9 muito maior.<\/p>\n<h3>Nova tecnologia<\/h3>\n<p>Esta tela \u00e9 baseada na nova e inovadora tecnologia que torna o trabalho de perfura\u00e7\u00e3o mais f\u00e1cil e avan\u00e7ado.<\/p>\n<h3>Peso da tela reduzido<\/h3>\n<p>Esta tela composta \u00e9 leve e n\u00e3o \u00e9 pesada, pois n\u00e3o \u00e9 feita de a\u00e7o ou metal pesado. Isso a torna mais f\u00e1cil de manusear e transportar.<\/p>\n<h3>F\u00e1cil de consertar<\/h3>\n<p>A tela composta \u00e9 f\u00e1cil de reparar com sua tecnologia avan\u00e7ada e sistema snap LOK.<\/p>\n<h3>Reutiliz\u00e1vel<\/h3>\n<p>A tela composta pode ser usada ou armazenada para fins de perfura\u00e7\u00e3o futura.<\/p>\n<h3>Conclus\u00e3o<\/h3>\n<p>A tela composta se encaixa perfeitamente na tela vibrat\u00f3ria de xisto. Ela \u00e9 feita de a\u00e7o, com excelente funcionalidade e tecnologia avan\u00e7ada. Certifique-se de comprar sua pr\u00f3pria tela vibrat\u00f3ria se quiser conforto ao agitar o xisto.<\/p>\n<p>Confira tamb\u00e9m a tela vibrat\u00f3ria corrugada da nossa loja.<\/p>\n<\/div>\n<\/section>","protected":false},"excerpt":{"rendered":"<h3 class=\"widgettitle\">ESCRIT\u00d3RIO<\/h3>\n<div class=\"textwidget\">\n<p><strong>Endere\u00e7o:<\/strong><\/p>\n<p>Sala 1924, Bloco D, Pra\u00e7a Wanda, cidade de Tangshan, China.<\/p>\n<p><strong>Contato<\/strong><\/p>\n<p>info@solidscontrolworld.com<\/p>\n<p><strong>Telefone:<\/strong><\/p>\n<p>+86-18034158133<\/p>\n<p><strong>Fax:<\/strong><\/p>\n<p>+86-315-7651760<\/p>\n<p>Site: www.solidscontrolworld.com<\/p>\n<p><strong>Hor\u00e1rio de funcionamento:<\/strong><br \/>\nSeg-Sex: 8:00-17:30<\/p>\n<\/div>","protected":false},"featured_media":1438,"comment_status":"open","ping_status":"closed","template":"","meta":{"_seopress_robots_primary_cat":"none","_seopress_titles_title":"","_seopress_titles_desc":"","_seopress_robots_index":""},"product_brand":[],"product_cat":[58],"product_tag":[],"class_list":{"0":"post-1436","1":"product","2":"type-product","3":"status-publish","4":"has-post-thumbnail","6":"product_cat-shaker-screens","8":"first","9":"instock","10":"shipping-taxable","11":"product-type-simple"},"yoast_head":"<!-- This site is optimized with the Yoast SEO plugin v25.1 - https:\/\/yoast.com\/wordpress\/plugins\/seo\/ -->\n<title>Composite Material Shaker Screen - Solids Control World<\/title>\n<meta name=\"robots\" content=\"index, follow, max-snippet:-1, max-image-preview:large, max-video-preview:-1\" \/>\n<link rel=\"canonical\" href=\"https:\/\/solidscontrolworld.com\/pt\/product\/peneira-vibratoria-de-material-composto\/\" \/>\n<meta property=\"og:locale\" content=\"pt_BR\" \/>\n<meta property=\"og:type\" content=\"article\" \/>\n<meta property=\"og:title\" content=\"Composite Material Shaker Screen - Solids Control World\" \/>\n<meta property=\"og:description\" content=\"OFFICE   Address:  Room 1924 ,Block D ,Wanda plaza, Tangshan city,\u00a0 China.  Contact  info@solidscontrolworld.com  Tel:  +86-18034158133  Fax:  +86-315-7651760  Website:www.solidscontrolworld.com  Opening Hours: Mon-Fri: 8:00-17:30\" \/>\n<meta property=\"og:url\" content=\"https:\/\/solidscontrolworld.com\/pt\/product\/peneira-vibratoria-de-material-composto\/\" \/>\n<meta property=\"og:site_name\" content=\"Solids Control World\" \/>\n<meta property=\"article:modified_time\" content=\"2024-06-27T07:17:06+00:00\" \/>\n<meta property=\"og:image\" content=\"https:\/\/solidscontrolworld.com\/wp-content\/uploads\/2021\/05\/Composite-Material-Shaker-Screen.png\" \/>\n\t<meta property=\"og:image:width\" content=\"255\" \/>\n\t<meta property=\"og:image:height\" content=\"197\" \/>\n\t<meta property=\"og:image:type\" content=\"image\/png\" \/>\n<meta name=\"twitter:card\" content=\"summary_large_image\" \/>\n<meta name=\"twitter:label1\" content=\"Est. tempo de leitura\" \/>\n\t<meta name=\"twitter:data1\" content=\"3 minutos\" \/>\n<!-- \/ Yoast SEO plugin. -->","yoast_head_json":{"title":"Tela vibrat\u00f3ria de material composto - Solids Control World","robots":{"index":"index","follow":"follow","max-snippet":"max-snippet:-1","max-image-preview":"max-image-preview:large","max-video-preview":"max-video-preview:-1"},"canonical":"https:\/\/solidscontrolworld.com\/pt\/product\/peneira-vibratoria-de-material-composto\/","og_locale":"pt_BR","og_type":"article","og_title":"Composite Material Shaker Screen - Solids Control World","og_description":"OFFICE   Address:  Room 1924 ,Block D ,Wanda plaza, Tangshan city,\u00a0 China.  Contact  info@solidscontrolworld.com  Tel:  +86-18034158133  Fax:  +86-315-7651760  Website:www.solidscontrolworld.com  Opening Hours: Mon-Fri: 8:00-17:30","og_url":"https:\/\/solidscontrolworld.com\/pt\/product\/peneira-vibratoria-de-material-composto\/","og_site_name":"Solids Control World","article_modified_time":"2024-06-27T07:17:06+00:00","og_image":[{"width":255,"height":197,"url":"https:\/\/solidscontrolworld.com\/wp-content\/uploads\/2021\/05\/Composite-Material-Shaker-Screen.png","type":"image\/png"}],"twitter_card":"summary_large_image","twitter_misc":{"Est. tempo de leitura":"3 minutos"},"schema":{"@context":"https:\/\/schema.org","@graph":[{"@type":"WebPage","@id":"https:\/\/solidscontrolworld.com\/product\/composite-material-shaker-screen\/","url":"https:\/\/solidscontrolworld.com\/product\/composite-material-shaker-screen\/","name":"Tela vibrat\u00f3ria de material composto - Solids Control World","isPartOf":{"@id":"https:\/\/solidscontrolworld.com\/#website"},"primaryImageOfPage":{"@id":"https:\/\/solidscontrolworld.com\/product\/composite-material-shaker-screen\/#primaryimage"},"image":{"@id":"https:\/\/solidscontrolworld.com\/product\/composite-material-shaker-screen\/#primaryimage"},"thumbnailUrl":"https:\/\/solidscontrolworld.com\/wp-content\/uploads\/2021\/05\/Composite-Material-Shaker-Screen.png","datePublished":"2021-05-05T14:50:28+00:00","dateModified":"2024-06-27T07:17:06+00:00","breadcrumb":{"@id":"https:\/\/solidscontrolworld.com\/product\/composite-material-shaker-screen\/#breadcrumb"},"inLanguage":"pt-BR","potentialAction":[{"@type":"ReadAction","target":["https:\/\/solidscontrolworld.com\/product\/composite-material-shaker-screen\/"]}]},{"@type":"ImageObject","inLanguage":"pt-BR","@id":"https:\/\/solidscontrolworld.com\/product\/composite-material-shaker-screen\/#primaryimage","url":"https:\/\/solidscontrolworld.com\/wp-content\/uploads\/2021\/05\/Composite-Material-Shaker-Screen.png","contentUrl":"https:\/\/solidscontrolworld.com\/wp-content\/uploads\/2021\/05\/Composite-Material-Shaker-Screen.png","width":255,"height":197,"caption":"Replacement shaker screens for Brandt"},{"@type":"BreadcrumbList","@id":"https:\/\/solidscontrolworld.com\/product\/composite-material-shaker-screen\/#breadcrumb","itemListElement":[{"@type":"ListItem","position":1,"name":"Home","item":"https:\/\/solidscontrolworld.com\/"},{"@type":"ListItem","position":2,"name":"Products","item":"https:\/\/solidscontrolworld.com\/shop\/"},{"@type":"ListItem","position":3,"name":"Composite Material Shaker Screen"}]},{"@type":"WebSite","@id":"https:\/\/solidscontrolworld.com\/#website","url":"https:\/\/solidscontrolworld.com\/","name":"Mundo de controle de s\u00f3lidos","description":"","publisher":{"@id":"https:\/\/solidscontrolworld.com\/#\/schema\/person\/2c126362537c0f0e6d4a8dfba9fc68b0"},"potentialAction":[{"@type":"SearchAction","target":{"@type":"EntryPoint","urlTemplate":"https:\/\/solidscontrolworld.com\/?s={search_term_string}"},"query-input":{"@type":"PropertyValueSpecification","valueRequired":true,"valueName":"search_term_string"}}],"inLanguage":"pt-BR"},{"@type":["Person","Organization"],"@id":"https:\/\/solidscontrolworld.com\/#\/schema\/person\/2c126362537c0f0e6d4a8dfba9fc68b0","name":"mundo de controle de s\u00f3lidos","logo":{"@id":"https:\/\/solidscontrolworld.com\/#\/schema\/person\/image\/"},"sameAs":["https:\/\/solidscontrolworld.com"]}]}},"_links":{"self":[{"href":"https:\/\/solidscontrolworld.com\/pt\/wp-json\/wp\/v2\/product\/1436","targetHints":{"allow":["GET"]}}],"collection":[{"href":"https:\/\/solidscontrolworld.com\/pt\/wp-json\/wp\/v2\/product"}],"about":[{"href":"https:\/\/solidscontrolworld.com\/pt\/wp-json\/wp\/v2\/types\/product"}],"replies":[{"embeddable":true,"href":"https:\/\/solidscontrolworld.com\/pt\/wp-json\/wp\/v2\/comments?post=1436"}],"version-history":[{"count":1,"href":"https:\/\/solidscontrolworld.com\/pt\/wp-json\/wp\/v2\/product\/1436\/revisions"}],"predecessor-version":[{"id":10750,"href":"https:\/\/solidscontrolworld.com\/pt\/wp-json\/wp\/v2\/product\/1436\/revisions\/10750"}],"wp:featuredmedia":[{"embeddable":true,"href":"https:\/\/solidscontrolworld.com\/pt\/wp-json\/wp\/v2\/media\/1438"}],"wp:attachment":[{"href":"https:\/\/solidscontrolworld.com\/pt\/wp-json\/wp\/v2\/media?parent=1436"}],"wp:term":[{"taxonomy":"product_brand","embeddable":true,"href":"https:\/\/solidscontrolworld.com\/pt\/wp-json\/wp\/v2\/product_brand?post=1436"},{"taxonomy":"product_cat","embeddable":true,"href":"https:\/\/solidscontrolworld.com\/pt\/wp-json\/wp\/v2\/product_cat?post=1436"},{"taxonomy":"product_tag","embeddable":true,"href":"https:\/\/solidscontrolworld.com\/pt\/wp-json\/wp\/v2\/product_tag?post=1436"}],"curies":[{"name":"wp","href":"https:\/\/api.w.org\/{rel}","templated":true}]}}