{"id":1442,"date":"2021-05-05T15:07:41","date_gmt":"2021-05-05T15:07:41","guid":{"rendered":"https:\/\/solidscontrolworld.com\/?post_type=product&#038;p=1442"},"modified":"2025-06-18T04:46:14","modified_gmt":"2025-06-18T04:46:14","slug":"peneira-vibratoria-ondulada","status":"publish","type":"product","link":"https:\/\/solidscontrolworld.com\/pt\/product\/peneira-vibratoria-ondulada\/","title":{"rendered":"Tela vibrat\u00f3ria ondulada"},"content":{"rendered":"<div class=\"flex_column av_one_full flex_column_div av-zero-column-padding first avia-builder-el-6 el_after_av_one_half el_before_av_textblock column-top-margin\">\n<section class=\"av_textblock_section\">\n<div class=\"avia_textblock\">\n<table border=\"0\" cellspacing=\"0\">\n<tbody>\n<tr>\n<td valign=\"top\" width=\"136\">\n<p class=\"p\"><strong>Tela<\/strong><strong>\u00a0Modelo<\/strong><\/p>\n<\/td>\n<td valign=\"top\" width=\"142\">\n<p class=\"p\"><strong>Alcance da malha<\/strong><\/p>\n<\/td>\n<td valign=\"top\" width=\"231\">\n<p class=\"p\"><strong>Marca e modelo do Shaker<\/strong><\/p>\n<\/td>\n<td valign=\"top\" width=\"118\">\n<p class=\"p\"><strong>Peso (Kg)<\/strong><\/p>\n<\/td>\n<\/tr>\n<tr>\n<td valign=\"top\" width=\"136\">\n<p class=\"p\">ABB-5 (PMD)<\/p>\n<\/td>\n<td valign=\"top\" width=\"142\">\n<p class=\"p\">80-325<\/p>\n<\/td>\n<td valign=\"top\" width=\"231\">\n<p class=\"p\">SRANDT e BL-50<\/p>\n<\/td>\n<td valign=\"top\" width=\"118\">\n<p class=\"p\">17.5<\/p>\n<\/td>\n<\/tr>\n<tr>\n<td valign=\"top\" width=\"136\">\n<p class=\"p\">ABF-5 (PMD)<\/p>\n<\/td>\n<td valign=\"top\" width=\"142\">\n<p class=\"p\">80-325<\/p>\n<\/td>\n<td valign=\"top\" width=\"231\">\n<p class=\"p\">DERRIOK e FLC S\u00e9rie 500<\/p>\n<\/td>\n<td valign=\"top\" width=\"118\">\n<p class=\"p\">7.5<\/p>\n<\/td>\n<\/tr>\n<tr>\n<td valign=\"top\" width=\"136\">\n<p class=\"p\">ABF-2 (PMD)<\/p>\n<\/td>\n<td valign=\"top\" width=\"142\">\n<p class=\"p\">80-325<\/p>\n<\/td>\n<td valign=\"top\" width=\"231\">\n<p class=\"p\">DERRICK &amp; FLC 2000<\/p>\n<\/td>\n<td valign=\"top\" width=\"118\">\n<p class=\"p\">5.8<\/p>\n<\/td>\n<\/tr>\n<tr>\n<td valign=\"top\" width=\"136\">\n<p class=\"p\">ABL-2D(PMD)<\/p>\n<\/td>\n<td valign=\"top\" width=\"142\">\n<p class=\"p\">80-325<\/p>\n<\/td>\n<td valign=\"top\" width=\"231\">\n<p class=\"p\">BRANDT &amp;LCM-2D<\/p>\n<\/td>\n<td valign=\"top\" width=\"118\">\n<p class=\"p\">10.0<\/p>\n<\/td>\n<\/tr>\n<\/tbody>\n<\/table>\n<\/div>\n<\/section>\n<\/div>\n<section class=\"av_textblock_section\">\n<div class=\"avia_textblock\">\n<h2>TELA SHAKER ONDULADA<\/h2>\n<p>Esta peneira vibrat\u00f3ria ondulada \u00e9 uma das peneiras vibrat\u00f3rias mais populares. Elas s\u00e3o diferentes de outras peneiras planas e podem processar fluidos com muito mais efici\u00eancia e efic\u00e1cia. Al\u00e9m disso, esta peneira tamb\u00e9m oferece uma \u00e1rea consideravelmente maior do que outras peneiras vibrat\u00f3rias de xisto comuns. O tamanho das malhas desta peneira ondulada varia de 80 a 325.<\/p>\n<h2>CARACTER\u00cdSTICAS DA TELA SHAKER ONDULADA<\/h2>\n<p>As vantagens dessa tela corrugada s\u00e3o muitas. Algumas das mais importantes est\u00e3o listadas abaixo.<\/p>\n<h3>Uma \u00e1rea de filtragem maior<\/h3>\n<p>Esta tela \u00e9 feita de a\u00e7o e v\u00e1rias camadas de tela met\u00e1lica. Al\u00e9m disso, ela tamb\u00e9m cont\u00e9m uma placa de suporte feita inteiramente de a\u00e7o.<\/p>\n<p>Essa combina\u00e7\u00e3o da placa de apoio e de m\u00faltiplas camadas de tela met\u00e1lica confere a essa tela uma grande \u00e1rea de filtragem, e a filtragem \u00e9 feita de forma muito mais eficaz e eficiente.<\/p>\n<h3>Leve<\/h3>\n<p>Esta tela \u00e9 leve em compara\u00e7\u00e3o com o material de que \u00e9 feita. Isso proporciona ao usu\u00e1rio a conveni\u00eancia de colocar a folha no agitador de xisto. O peso desta tela varia de 10 a 17,5 kg, dependendo do tipo de modelo de tela que o usu\u00e1rio estiver utilizando.<\/p>\n<h2>BENEF\u00cdCIOS DA TELA SHAKER ONDULADA<\/h2>\n<p>Este agitador ondulado oferece diversas vantagens. Algumas delas est\u00e3o listadas abaixo.<\/p>\n<h3>Oferece versatilidade<\/h3>\n<p>Esta tela corrugada \u00e9 feita de materiais dur\u00e1veis e pode ser usada em muitas ind\u00fastrias de grande porte, como sistemas de gerenciamento de res\u00edduos, lama de perfura\u00e7\u00e3o e processos de remedia\u00e7\u00e3o de solo.<\/p>\n<h3>Barato<\/h3>\n<p>Esta tela \u00e9 mais barata do que as demais telas corrugadas do mercado. Esta tela ondulada para peneira vibrat\u00f3ria \u00e9 resistente e oferece prote\u00e7\u00e3o extra para peneiras vibrat\u00f3rias de xisto e outros equipamentos, al\u00e9m de ser bastante acess\u00edvel.<\/p>\n<h3>Tamanho de malha mais fino<\/h3>\n<p>Esta peneira pode tornar as malhas mais finas e confi\u00e1veis do que qualquer outra peneira vibrat\u00f3ria de xisto. Ela tamb\u00e9m oferece filtragem de fluidos muito precisa e precisa.<\/p>\n<h3>Uma grande quantidade de fluido pode passar por<\/h3>\n<p>Com uma grande \u00e1rea de superf\u00edcie e calha s\u00f3lida, esta peneira vibrat\u00f3ria de xisto corrugado pode processar muito mais fluido de uma s\u00f3 vez do que qualquer outra peneira vibrat\u00f3ria de xisto.<\/p>\n<p>Al\u00e9m disso, h\u00e1 menos perda de fluido quando o s\u00f3lido \u00e9 separado do fluido perfurado usando esta peneira vibrat\u00f3ria de xisto.<\/p>\n<h3>Conclus\u00e3o<\/h3>\n<p>Se voc\u00ea deseja ter um corte de malha mais fina e menos perda de fluido, certifique-se de verificar a tela corrugada mencionada acima.<\/p>\n<p>&nbsp;<\/p>\n<p>Confira tamb\u00e9m\u00a0<a href=\"https:\/\/solidscontrolworld.com\/pt\/peneira-vibratoria-com-estrutura-de-aco\/\">Tela vibrat\u00f3ria de estrutura de a\u00e7o<\/a>\u00a0da nossa loja.<\/p>\n<\/div>\n<\/section>","protected":false},"excerpt":{"rendered":"<h3 class=\"widgettitle\">ESCRIT\u00d3RIO<\/h3>\n<div class=\"textwidget\">\n<p><strong>Endere\u00e7o<\/strong><br \/>\n10800 West Pico Boulevard<br \/>\nLos Angeles, EUA<\/p>\n<p><strong>Contato<\/strong><br \/>\noffice@en-co.com<br \/>\n555-3587 347<\/p>\n<p><strong>Hor\u00e1rio de funcionamento:<\/strong><br \/>\nSeg-Sex: 8:00-19:00<br \/>\nS\u00e1b: 8:00-14:00<br \/>\nEnt\u00e3o: fechado<\/p>\n<\/div>","protected":false},"featured_media":1443,"comment_status":"open","ping_status":"closed","template":"","meta":{"_seopress_robots_primary_cat":"none","_seopress_titles_title":"","_seopress_titles_desc":"","_seopress_robots_index":""},"product_brand":[],"product_cat":[58],"product_tag":[],"class_list":{"0":"post-1442","1":"product","2":"type-product","3":"status-publish","4":"has-post-thumbnail","6":"product_cat-shaker-screens","8":"first","9":"instock","10":"shipping-taxable","11":"product-type-simple"},"yoast_head":"<!-- This site is optimized with the Yoast SEO plugin v25.1 - https:\/\/yoast.com\/wordpress\/plugins\/seo\/ -->\n<title>Corrugated Shaker Screen - Solids Control World<\/title>\n<meta name=\"description\" content=\"Corrugated shaker screens deliver enhanced solids separation and durability, improving drilling fluid quality and overall efficiency in solids control systems.\" \/>\n<meta name=\"robots\" content=\"index, follow, max-snippet:-1, max-image-preview:large, max-video-preview:-1\" \/>\n<link rel=\"canonical\" href=\"https:\/\/solidscontrolworld.com\/pt\/product\/peneira-vibratoria-ondulada\/\" \/>\n<meta property=\"og:locale\" content=\"pt_BR\" \/>\n<meta property=\"og:type\" content=\"article\" \/>\n<meta property=\"og:title\" content=\"Corrugated Shaker Screen - Solids Control World\" \/>\n<meta property=\"og:description\" content=\"Corrugated shaker screens deliver enhanced solids separation and durability, improving drilling fluid quality and overall efficiency in solids control systems.\" \/>\n<meta property=\"og:url\" content=\"https:\/\/solidscontrolworld.com\/pt\/product\/peneira-vibratoria-ondulada\/\" \/>\n<meta property=\"og:site_name\" content=\"Solids Control World\" \/>\n<meta property=\"article:modified_time\" content=\"2025-06-18T04:46:14+00:00\" \/>\n<meta property=\"og:image\" content=\"http:\/\/solidscontrolworld.com\/wp-content\/uploads\/2021\/05\/Corrugated-Shaker-Screen-300x232-2.png\" \/>\n\t<meta property=\"og:image:width\" content=\"300\" \/>\n\t<meta property=\"og:image:height\" content=\"232\" \/>\n\t<meta property=\"og:image:type\" content=\"image\/png\" \/>\n<meta name=\"twitter:card\" content=\"summary_large_image\" \/>\n<meta name=\"twitter:label1\" content=\"Est. tempo de leitura\" \/>\n\t<meta name=\"twitter:data1\" content=\"3 minutos\" \/>\n<!-- \/ Yoast SEO plugin. -->","yoast_head_json":{"title":"Tela de vibra\u00e7\u00e3o corrugada - Solids Control World","description":"As telas vibrat\u00f3rias corrugadas proporcionam melhor separa\u00e7\u00e3o de s\u00f3lidos e durabilidade, melhorando a qualidade do fluido de perfura\u00e7\u00e3o e a efici\u00eancia geral em sistemas de controle de s\u00f3lidos.","robots":{"index":"index","follow":"follow","max-snippet":"max-snippet:-1","max-image-preview":"max-image-preview:large","max-video-preview":"max-video-preview:-1"},"canonical":"https:\/\/solidscontrolworld.com\/pt\/product\/peneira-vibratoria-ondulada\/","og_locale":"pt_BR","og_type":"article","og_title":"Corrugated Shaker Screen - Solids Control World","og_description":"Corrugated shaker screens deliver enhanced solids separation and durability, improving drilling fluid quality and overall efficiency in solids control systems.","og_url":"https:\/\/solidscontrolworld.com\/pt\/product\/peneira-vibratoria-ondulada\/","og_site_name":"Solids Control World","article_modified_time":"2025-06-18T04:46:14+00:00","og_image":[{"width":300,"height":232,"url":"http:\/\/solidscontrolworld.com\/wp-content\/uploads\/2021\/05\/Corrugated-Shaker-Screen-300x232-2.png","type":"image\/png"}],"twitter_card":"summary_large_image","twitter_misc":{"Est. tempo de leitura":"3 minutos"},"schema":{"@context":"https:\/\/schema.org","@graph":[{"@type":"WebPage","@id":"https:\/\/solidscontrolworld.com\/product\/corrugated-shaker-screen\/","url":"https:\/\/solidscontrolworld.com\/product\/corrugated-shaker-screen\/","name":"Tela de vibra\u00e7\u00e3o corrugada - Solids Control World","isPartOf":{"@id":"https:\/\/solidscontrolworld.com\/#website"},"primaryImageOfPage":{"@id":"https:\/\/solidscontrolworld.com\/product\/corrugated-shaker-screen\/#primaryimage"},"image":{"@id":"https:\/\/solidscontrolworld.com\/product\/corrugated-shaker-screen\/#primaryimage"},"thumbnailUrl":"https:\/\/solidscontrolworld.com\/wp-content\/uploads\/2021\/05\/Corrugated-Shaker-Screen-300x232-2.png","datePublished":"2021-05-05T15:07:41+00:00","dateModified":"2025-06-18T04:46:14+00:00","description":"As telas vibrat\u00f3rias corrugadas proporcionam melhor separa\u00e7\u00e3o de s\u00f3lidos e durabilidade, melhorando a qualidade do fluido de perfura\u00e7\u00e3o e a efici\u00eancia geral em sistemas de controle de s\u00f3lidos.","breadcrumb":{"@id":"https:\/\/solidscontrolworld.com\/product\/corrugated-shaker-screen\/#breadcrumb"},"inLanguage":"pt-BR","potentialAction":[{"@type":"ReadAction","target":["https:\/\/solidscontrolworld.com\/product\/corrugated-shaker-screen\/"]}]},{"@type":"ImageObject","inLanguage":"pt-BR","@id":"https:\/\/solidscontrolworld.com\/product\/corrugated-shaker-screen\/#primaryimage","url":"https:\/\/solidscontrolworld.com\/wp-content\/uploads\/2021\/05\/Corrugated-Shaker-Screen-300x232-2.png","contentUrl":"https:\/\/solidscontrolworld.com\/wp-content\/uploads\/2021\/05\/Corrugated-Shaker-Screen-300x232-2.png","width":300,"height":232},{"@type":"BreadcrumbList","@id":"https:\/\/solidscontrolworld.com\/product\/corrugated-shaker-screen\/#breadcrumb","itemListElement":[{"@type":"ListItem","position":1,"name":"Home","item":"https:\/\/solidscontrolworld.com\/"},{"@type":"ListItem","position":2,"name":"Products","item":"https:\/\/solidscontrolworld.com\/shop\/"},{"@type":"ListItem","position":3,"name":"Corrugated Shaker Screen"}]},{"@type":"WebSite","@id":"https:\/\/solidscontrolworld.com\/#website","url":"https:\/\/solidscontrolworld.com\/","name":"Mundo de controle de s\u00f3lidos","description":"","publisher":{"@id":"https:\/\/solidscontrolworld.com\/#\/schema\/person\/2c126362537c0f0e6d4a8dfba9fc68b0"},"potentialAction":[{"@type":"SearchAction","target":{"@type":"EntryPoint","urlTemplate":"https:\/\/solidscontrolworld.com\/?s={search_term_string}"},"query-input":{"@type":"PropertyValueSpecification","valueRequired":true,"valueName":"search_term_string"}}],"inLanguage":"pt-BR"},{"@type":["Person","Organization"],"@id":"https:\/\/solidscontrolworld.com\/#\/schema\/person\/2c126362537c0f0e6d4a8dfba9fc68b0","name":"mundo de controle de s\u00f3lidos","logo":{"@id":"https:\/\/solidscontrolworld.com\/#\/schema\/person\/image\/"},"sameAs":["https:\/\/solidscontrolworld.com"]}]}},"_links":{"self":[{"href":"https:\/\/solidscontrolworld.com\/pt\/wp-json\/wp\/v2\/product\/1442","targetHints":{"allow":["GET"]}}],"collection":[{"href":"https:\/\/solidscontrolworld.com\/pt\/wp-json\/wp\/v2\/product"}],"about":[{"href":"https:\/\/solidscontrolworld.com\/pt\/wp-json\/wp\/v2\/types\/product"}],"replies":[{"embeddable":true,"href":"https:\/\/solidscontrolworld.com\/pt\/wp-json\/wp\/v2\/comments?post=1442"}],"version-history":[{"count":1,"href":"https:\/\/solidscontrolworld.com\/pt\/wp-json\/wp\/v2\/product\/1442\/revisions"}],"predecessor-version":[{"id":12340,"href":"https:\/\/solidscontrolworld.com\/pt\/wp-json\/wp\/v2\/product\/1442\/revisions\/12340"}],"wp:featuredmedia":[{"embeddable":true,"href":"https:\/\/solidscontrolworld.com\/pt\/wp-json\/wp\/v2\/media\/1443"}],"wp:attachment":[{"href":"https:\/\/solidscontrolworld.com\/pt\/wp-json\/wp\/v2\/media?parent=1442"}],"wp:term":[{"taxonomy":"product_brand","embeddable":true,"href":"https:\/\/solidscontrolworld.com\/pt\/wp-json\/wp\/v2\/product_brand?post=1442"},{"taxonomy":"product_cat","embeddable":true,"href":"https:\/\/solidscontrolworld.com\/pt\/wp-json\/wp\/v2\/product_cat?post=1442"},{"taxonomy":"product_tag","embeddable":true,"href":"https:\/\/solidscontrolworld.com\/pt\/wp-json\/wp\/v2\/product_tag?post=1442"}],"curies":[{"name":"wp","href":"https:\/\/api.w.org\/{rel}","templated":true}]}}